{"id":962,"date":"2022-09-18T08:44:12","date_gmt":"2022-09-18T08:44:12","guid":{"rendered":"https:\/\/www.largepillow.com\/product\/wedge-pillow-for-acid-reflux_37_38_39_40_41_42_43_44_45_46_47_48_49"},"modified":"2026-01-20T12:03:43","modified_gmt":"2026-01-20T12:03:43","slug":"groses-polsterkissen","status":"publish","type":"product","link":"https:\/\/www.largepillow.com\/de\/product\/large-bolster-cushion","title":{"rendered":"Gro\u00dfes Bolsterkissen"},"content":{"rendered":"<p>Sie suchen den ultimativen Komfort beim Lesen oder Fernsehen im Bett? Dann sind Sie mit unserem gro\u00dfen Nackenrollenkissen genau richtig.<\/p>\n<p>Dieses XL-Kopfteilkissen mit erh\u00f6htem Kopfteil zeichnet sich durch ein geschwungenes Design aus, das dem Benutzer hervorragenden Komfort bietet. Egal, ob Sie Nachteulen oder B\u00fccherw\u00fcrmer sind oder einfach nur im Bett entspannen m\u00f6chten, dieses Kissen ist eine gro\u00dfartige M\u00f6glichkeit, spannungsfrei zu bleiben. Das Design mit erh\u00f6hter R\u00fcckenlehne bietet hervorragende Unterst\u00fctzung f\u00fcr Nacken und R\u00fccken und macht es zum perfekten Ort zum Entspannen und Lesen im Bett.<\/p>\n<p>Unser Kissen ist multifunktional und bietet drei verschiedene Verwendungsm\u00f6glichkeiten. Ob Sie es lieber als aufrechtes R\u00fcckenkissen, als Keilkissen oder als Beinkissen f\u00fcr erh\u00f6hten Halt verwenden m\u00f6chten, es ist das ideale Zubeh\u00f6r f\u00fcr bequemes Ausruhen und Entspannen.<\/p>\n<p>Unser Kopfteilkissen besteht aus samtig aussehendem 100%-Polyesterstoff und ist mit umweltfreundlicher und hochelastischer Polyesterfaserf\u00fcllung gef\u00fcllt. Das abnehmbare Nackenrollenkissen l\u00e4sst sich leicht in der Waschmaschine waschen, w\u00e4hrend die kleinen Seitentaschen diesem bereits luxuri\u00f6sen Produkt noch mehr Funktionalit\u00e4t verleihen.<\/p>\n<p>Dar\u00fcber hinaus ist dieses Kissen leicht zu waschen, da der Kopfteilkissenbezug mit Kn\u00f6pfen am Kisseninneren befestigt ist und sich mit einem einfachen Rei\u00dfverschluss leicht abnehmen l\u00e4sst. Nehmen Sie einfach den Bezug ab und waschen Sie ihn schnell in der Maschine, damit Ihr Kissen wie neu aussieht.<\/p>\n<p>Das gro\u00dfe Nackenrollenkissen ist in verschiedenen Gr\u00f6\u00dfen erh\u00e4ltlich \u2013 100 cm, 120 cm, 140 cm, 160 cm, 180 cm und 200 cm \u2013, sodass Sie die perfekte Gr\u00f6\u00dfe f\u00fcr Ihr Bett ausw\u00e4hlen k\u00f6nnen. Es ist in Schwarz erh\u00e4ltlich und ist somit eine stilvolle Erg\u00e4nzung f\u00fcr jedes Schlafzimmerdekor.<\/p>\n<p>Kunden, die unser gro\u00dfes Nackenrollenkissen gekauft haben, waren mit ihrem Kauf \u00e4u\u00dferst zufrieden. Viele lobten das \u201eweiche und bequeme\u201c Gef\u00fchl des Kissens, w\u00e4hrend andere seine \u201ehochwertige Verarbeitung\u201c kommentierten. Ein Kunde beschrieb es sogar als das \u201eperfekte Kissen zum Lesen im Bett\u201c.<\/p>\n<p>Insgesamt ist unser gro\u00dfes Nackenrollenkissen ein Muss f\u00fcr jeden, der beim Lesen oder Fernsehen im Bett Komfort und Luxus sucht. Mit seiner hervorragenden Verarbeitung, dem leicht zu waschenden Design und der vielseitigen Funktionalit\u00e4t ist dieses Kissen eine gro\u00dfartige Investition f\u00fcr jeden, der seine Schlafenszeitroutine verbessern m\u00f6chte.<\/p>","protected":false},"excerpt":{"rendered":"<ul>\n<li><strong>Ultimativer Komfort:<\/strong> Dieses XL-Kopfteilkissen mit erh\u00f6htem Kopfteil bietet dank seines geschwungenen Formdesigns hervorragenden Komfort. Dieses Lesekissen mit Kopfteil kann Ihnen helfen, im Bett, im Sofa, im Daybed oder auf der Couch spannungsfrei zu bleiben, was ideal f\u00fcr arbeitende Nachtschw\u00e4rmer, B\u00fccherw\u00fcrmer und zum Fernsehen im Bett ist.<\/li>\n<li><strong>Design der erh\u00f6hten R\u00fcckenlehne:<\/strong> Genie\u00dfen Sie unvergleichlichen Komfort mit dem einzigartigen zweireihigen Design der erh\u00f6hten R\u00fcckenlehne unseres Kopfteilkissens. Das Kopfteilkissen mit erh\u00f6hter R\u00fcckenlehne bietet hervorragenden Halt f\u00fcr Nacken und R\u00fccken und ist somit der perfekte Ort zum Entspannen und Lesen im Bett.<\/li>\n<li><strong>Multifunktionskissen:<\/strong> Mit drei verschiedenen Verwendungsm\u00f6glichkeiten ist unser Kissen perfekt f\u00fcr jede Situation. Ganz gleich, ob Sie es lieber als aufrechtes R\u00fcckenkissen, als Keilkissen oder als Beinkissen f\u00fcr erh\u00f6hte Unterst\u00fctzung verwenden m\u00f6chten, es ist das ideale Zubeh\u00f6r f\u00fcr bequeme Ruhe und Entspannung.<\/li>\n<li><strong>\u00dcberlegene Handwerkskunst:<\/strong> Unser Kopfteilkissen ist aus einem Stoff in Samtoptik gefertigt, dessen Zusammensetzung aus 100%-Polyester besteht, und ist mit umweltfreundlicher und hochelastischer Polyesterfaserf\u00fcllung gef\u00fcllt. Das abnehmbare Nackenrollenkissen l\u00e4sst sich leicht in der Maschine waschen, w\u00e4hrend die kleinen Seitentaschen diesem bereits luxuri\u00f6sen Produkt noch mehr Funktionalit\u00e4t verleihen.<\/li>\n<li><strong>Leicht zu waschen:<\/strong> Der Kopfteil-Kissenbezug ist mit Kn\u00f6pfen an der Kisseninnenseite befestigt und l\u00e4sst sich mit einem einfachen Rei\u00dfverschluss leicht entfernen. Dadurch ist die Reinigung problemlos m\u00f6glich. Nehmen Sie einfach den Bezug ab und waschen Sie ihn kurz in der Maschine, damit Ihr Kissen wie neu aussieht.<\/li>\n<li><strong>Gr\u00f6\u00dfe:<\/strong> 100 cm (L100 x B26 x H55 | 3 Spalten-Tasten), 120 cm (L120 x B26 x H55 | 4 Spalten-Tasten), 140 cm (L140 x B26 x H55 | 4 Spalten-Tasten), 160 cm (L160 x B26 x H55 | 5 Spalten-Tasten). ), 180 cm (L180 x B26 x H55 | 6 Spaltenkn\u00f6pfe), 200 cm (L200 x B26 x H55 | 7 Spaltenkn\u00f6pfe).<\/li>\n<\/ul>","protected":false},"featured_media":953,"comment_status":"open","ping_status":"closed","template":"","meta":[],"product_brand":[],"product_cat":[15],"product_tag":[108,161,172,143,59,100,162,120,65],"class_list":{"0":"post-962","1":"product","2":"type-product","3":"status-publish","4":"has-post-thumbnail","6":"product_cat-large-wedge-pillow","7":"product_tag-bed-cushion","8":"product_tag-elevated-headboard-pillow","9":"product_tag-large-bolster-cushion","10":"product_tag-multifunctional-pillow","11":"product_tag-reading-pillow","12":"product_tag-sofa-daybed-pillow","13":"product_tag-upright-back-pillow","14":"product_tag-velvet-pillow","15":"product_tag-wedge-pillow","17":"first","18":"instock","19":"shipping-taxable","20":"purchasable","21":"product-type-variable"},"_links":{"self":[{"href":"https:\/\/www.largepillow.com\/de\/wp-json\/wp\/v2\/product\/962","targetHints":{"allow":["GET"]}}],"collection":[{"href":"https:\/\/www.largepillow.com\/de\/wp-json\/wp\/v2\/product"}],"about":[{"href":"https:\/\/www.largepillow.com\/de\/wp-json\/wp\/v2\/types\/product"}],"replies":[{"embeddable":true,"href":"https:\/\/www.largepillow.com\/de\/wp-json\/wp\/v2\/comments?post=962"}],"wp:featuredmedia":[{"embeddable":true,"href":"https:\/\/www.largepillow.com\/de\/wp-json\/wp\/v2\/media\/953"}],"wp:attachment":[{"href":"https:\/\/www.largepillow.com\/de\/wp-json\/wp\/v2\/media?parent=962"}],"wp:term":[{"taxonomy":"product_brand","embeddable":true,"href":"https:\/\/www.largepillow.com\/de\/wp-json\/wp\/v2\/product_brand?post=962"},{"taxonomy":"product_cat","embeddable":true,"href":"https:\/\/www.largepillow.com\/de\/wp-json\/wp\/v2\/product_cat?post=962"},{"taxonomy":"product_tag","embeddable":true,"href":"https:\/\/www.largepillow.com\/de\/wp-json\/wp\/v2\/product_tag?post=962"}],"curies":[{"name":"wp","href":"https:\/\/api.w.org\/{rel}","templated":true}]}}