{"id":1062,"date":"2022-09-19T02:13:56","date_gmt":"2022-09-19T02:13:56","guid":{"rendered":"https:\/\/www.largepillow.com\/product\/triangle-wedge-bolster"},"modified":"2025-09-19T02:32:11","modified_gmt":"2025-09-19T02:32:11","slug":"cama-cuerpo-cojin","status":"publish","type":"product","link":"https:\/\/www.largepillow.com\/es\/product\/bed-body-cushion\/","title":{"rendered":"Coj\u00edn de cuerpo de cama"},"content":{"rendered":"<p>Encuentre el soporte perfecto para leer y descansar con el coj\u00edn para el cuerpo de la cama<\/p>\n<p>Disfrute de una lujosa comodidad y apoyo para leer, trabajar o relajarse en la cama con Bed Body Cushion. Este coj\u00edn rectangular cuidadosamente dise\u00f1ado se puede colocar en cualquier \u00e1ngulo detr\u00e1s de la espalda, los hombros o las piernas para brindar un nivel personalizado de acolchado suave pero brinda apoyo. <\/p>\n<p>Confeccionado con terciopelo de poli\u00e9ster suave y aterciopelado y generosamente relleno con fibra de micropoli\u00e9ster resistente, el coj\u00edn para el cuerpo de la cama se destaca de las almohadas de respaldo normales con su patr\u00f3n de rayas tridimensionales y mechones de botones de tela decorativos a lo largo del frente. Los bordes completamente recubiertos y la duradera cremallera bidireccional garantizan que el coj\u00edn mantenga su contorno bien formado durante a\u00f1os de uso diario. <\/p>\n<p>Con seis tama\u00f1os disponibles, puede encontrar el ajuste perfecto para su cama, asiento junto a la ventana, sof\u00e1 o cualquier lugar donde desee respaldo y comodidad acogedora. A los clientes les encanta usarlo para:<\/p>\n<p>\u2013 Leer, trabajar en una computadora port\u00e1til o navegar por dispositivos en la cama<br \/>\n\u2013 Ver televisi\u00f3n o jugar videojuegos en posici\u00f3n vertical<br \/>\n\u2013 Proporcionar apoyo lumbar durante el embarazo.<br \/>\n\u2013 Ayudar con la recuperaci\u00f3n postoperatoria.<br \/>\n\u2013 Practicar posturas y estiramientos de yoga.<br \/>\n\u2013 Amamantar c\u00f3modamente<\/p>\n<p>Como dijo un cliente satisfecho: \u201cEste coj\u00edn es extremadamente suave y c\u00f3modo. Me gusta usarlo en mi cama para sentarme c\u00f3modamente a leer o trabajar en mi computadora port\u00e1til. Apoya bien mi espalda baja sin ser demasiado firme. La tela de terciopelo parece y se siente mucho m\u00e1s cara de lo que es. \u00a1Recomiendo mucho este coj\u00edn!<\/p>\n<p>Con su dise\u00f1o simple pero elegante, el Bed Body Cushion tambi\u00e9n constituye un atractivo acento decorativo para su dormitorio o cualquier habitaci\u00f3n cuando no est\u00e9 en uso. Disponible en exuberante terciopelo gris, aporta un toque de sofisticaci\u00f3n.<\/p>\n<p>Para una comodidad y apoyo excepcionales durante sus actividades erguidas favoritas, \u00a1reg\u00e1lese el Bed Body Cushion hoy!<\/p>","protected":false},"excerpt":{"rendered":"<ul>\n<li><strong>ALMOHADA DE LECTURA PERFECTA:<\/strong> Con un coj\u00edn de forma rectangular, esta c\u00f3moda almohada de lectura junto a la cama funciona perfectamente para proporcionar un apoyo suave para la espalda como una almohada lumbar cuando te sientas en la cama para leer, mirar televisi\u00f3n, navegar por el tel\u00e9fono, navegar por la tableta, jugar videojuegos, hacer yoga, amamantar y descansar. despu\u00e9s de cirug\u00eda.<\/li>\n<li><strong>ALMOHADA C\u00d3MODA PARA EL CUERPO:<\/strong> Como una almohada grande para el cuerpo, reemplaza todos los reposacabezas normales o almohadas lumbares, crea m\u00faltiples posiciones como una almohada posicionadora para apoyar la espalda, los hombros, la columna vertebral, el est\u00f3mago, las piernas y permite que sus m\u00fasculos permanezcan relajados. Promueve una columna vertebral alineada para cualquier durmiente, ya sea que necesite una almohada tapizada para reposacabezas o un coj\u00edn de respaldo grande, si solo necesita m\u00e1s o menos altura. Tambi\u00e9n puede usarlo como una almohada para el embarazo que brinda apoyo a diferentes partes del cuerpo y libera los dolores del embarazo.<\/li>\n<li><strong>DISE\u00d1ADO ORIGINALMENTE CON MATERIALES DE ALTA CALIDAD:<\/strong> La almohada de lectura rectangular viene con rayas tridimensionales, mechones de botones de tela, bordes con dobladillo completo que la distinguen de todas las dem\u00e1s almohadas de respaldo normales. Aunque la almohada decorativa de apoyo para la espalda es suave, a\u00fan mantiene su forma de apoyo al aprovechar al m\u00e1ximo el relleno de fibra de micro poli\u00e9ster resistente y flexible. La cremallera bidireccional del coj\u00edn junto a la cama, que es muy fuerte y duradera para un uso a largo plazo.<\/li>\n<li><strong>HERMOSA ALMOHADA DECORATIVA JUNTO A LA CABECERA:<\/strong> Si necesita una cabecera r\u00e1pida y f\u00e1cil, esta almohada de lectura de cabecera de tapicer\u00eda se puede usar como un reemplazo alternativo mientras es una hermosa decoraci\u00f3n de cama. Su elegante dise\u00f1o agregar\u00e1 una vista acogedora a su dormitorio. Con su apariencia atractiva, este respaldo original para la cabecera de la cama es ajustable para el dormitorio, el hotel, el hospital, el asiento junto a la ventana, el sof\u00e1, el div\u00e1n, la litera, la cama del dormitorio, la cama con plataforma.<\/li>\n<li><strong>FUNDA DE ALMOHADA LUMBAR EXTRA\u00cdBLE Y F\u00c1CIL DE LAVAR:<\/strong> Puede quitar f\u00e1cilmente la funda de la almohada de reposo en cama abriendo la cremallera y desabrochando los botones de la funda de la almohada de lectura y l\u00e1vela a m\u00e1quina.<\/li>\n<li><strong>Tela:<\/strong> Terciopelo (100% Poli\u00e9ster).<\/li>\n<li><strong>Tama\u00f1o:<\/strong> 100x50x8cm(3 botones), 120x50x8cm(4 botones), 140x50x8cm(4 botones), 160x50x8cm(5 botones), 180x50x8cm(6 botones), 200x50x8cm(7 botones)<\/li>\n<\/ul>","protected":false},"featured_media":1045,"comment_status":"open","ping_status":"closed","template":"","meta":[],"product_brand":[],"product_cat":[28],"product_tag":[77,124,142,115,79,144,118,59,153,152,120],"class_list":{"0":"post-1062","1":"product","2":"type-product","3":"status-publish","4":"has-post-thumbnail","6":"product_cat-large-body-pillow","7":"product_tag-bed-rest-pillow","8":"product_tag-bedside-decorative-pillow","9":"product_tag-bedside-reading-pillow","10":"product_tag-comfortable-body-pillow","11":"product_tag-lumbar-pillow","12":"product_tag-positioner-pillow","13":"product_tag-pregnancy-pillow","14":"product_tag-reading-pillow","15":"product_tag-removable-lumbar-pillow-cover","16":"product_tag-upholstery-headboard-reading-pillow","17":"product_tag-velvet-pillow","19":"first","20":"instock","21":"featured","22":"shipping-taxable","23":"purchasable","24":"product-type-variable"},"_links":{"self":[{"href":"https:\/\/www.largepillow.com\/es\/wp-json\/wp\/v2\/product\/1062","targetHints":{"allow":["GET"]}}],"collection":[{"href":"https:\/\/www.largepillow.com\/es\/wp-json\/wp\/v2\/product"}],"about":[{"href":"https:\/\/www.largepillow.com\/es\/wp-json\/wp\/v2\/types\/product"}],"replies":[{"embeddable":true,"href":"https:\/\/www.largepillow.com\/es\/wp-json\/wp\/v2\/comments?post=1062"}],"wp:featuredmedia":[{"embeddable":true,"href":"https:\/\/www.largepillow.com\/es\/wp-json\/wp\/v2\/media\/1045"}],"wp:attachment":[{"href":"https:\/\/www.largepillow.com\/es\/wp-json\/wp\/v2\/media?parent=1062"}],"wp:term":[{"taxonomy":"product_brand","embeddable":true,"href":"https:\/\/www.largepillow.com\/es\/wp-json\/wp\/v2\/product_brand?post=1062"},{"taxonomy":"product_cat","embeddable":true,"href":"https:\/\/www.largepillow.com\/es\/wp-json\/wp\/v2\/product_cat?post=1062"},{"taxonomy":"product_tag","embeddable":true,"href":"https:\/\/www.largepillow.com\/es\/wp-json\/wp\/v2\/product_tag?post=1062"}],"curies":[{"name":"Gracias","href":"https:\/\/api.w.org\/{rel}","templated":true}]}}