{"id":1209,"date":"2022-09-19T03:31:40","date_gmt":"2022-09-19T03:31:40","guid":{"rendered":"https:\/\/www.largepillow.com\/product\/back-support-pillow"},"modified":"2025-12-11T13:44:46","modified_gmt":"2025-12-11T13:44:46","slug":"gran-cama-bolster-almohada","status":"publish","type":"product","link":"https:\/\/www.largepillow.com\/es\/product\/large-bed-bolster-pillow","title":{"rendered":"Almohada de refuerzo de cama grande"},"content":{"rendered":"<p>Encuentre la almohada de lectura perfecta con el coj\u00edn de cama grande<\/p>\n<p>Si le encanta leer, mirar televisi\u00f3n o trabajar en la cama, pero necesita un respaldo adicional para la espalda, la almohada reforzada para cama grande es la soluci\u00f3n perfecta. Esta almohada tipo coj\u00edn rectangular proporciona soporte lumbar ajustable para que pueda sentarse c\u00f3modamente apoyado en la cama. <\/p>\n<p>Fabricada con un relleno de fibra de micropoli\u00e9ster suave y resistente, la almohada reforzada mantiene su forma mientras se adapta a su cuerpo. La cremallera bidireccional tambi\u00e9n hace que la funda de terciopelo extra\u00edble sea f\u00e1cil de quitar y lavar a m\u00e1quina. Con sus botones capiton\u00e9 y sus bordes con dobladillos limpios, esta almohada aporta elegancia sencilla a la decoraci\u00f3n de cualquier dormitorio. <\/p>\n<p>A los clientes les encanta usar esta almohada vers\u00e1til de m\u00faltiples maneras:<\/p>\n<p>\u201cOriginalmente lo compr\u00e9 como almohada para leer, pero es tan c\u00f3modo que termino us\u00e1ndolo incluso cuando no estoy leyendo. Es la almohada perfecta para el respaldo, ya sea que est\u00e9 trabajando en mi computadora port\u00e1til en la cama o simplemente relaj\u00e1ndome viendo la televisi\u00f3n\u201d.<\/p>\n<p>\u201cComo almohada para el embarazo, era lo suficientemente ajustable como para sostener mi espalda o colocarla debajo de mi abdomen. Y ahora que estoy amamantando, sigue siendo \u00fatil colocarlo detr\u00e1s de m\u00ed mientras me siento en la cama\u201d.  <\/p>\n<p>\u201cEsto es una excelente almohada de soporte lumbar despu\u00e9s de mi cirug\u00eda. Puedo ajustar el loft y permanece detr\u00e1s de mi espalda mientras me recupero\u201d.<\/p>\n<p>Con seis tama\u00f1os disponibles, seguramente encontrar\u00e1 las dimensiones perfectas para sus necesidades. Los precios oscilan entre $XX.XX-$XX.XX seg\u00fan el tama\u00f1o. Aporta comodidad y estilo sin esfuerzo a tu dormitorio con el soporte vers\u00e1til de la almohada reforzada para cama grande.<\/p>","protected":false},"excerpt":{"rendered":"<ul>\n<li><strong>ALMOHADA DE LECTURA PERFECTA:<\/strong> Con un coj\u00edn de forma rectangular, esta c\u00f3moda almohada de lectura junto a la cama funciona perfectamente para proporcionar un apoyo suave para la espalda como una almohada lumbar cuando te sientas en la cama para leer, mirar televisi\u00f3n, navegar por el tel\u00e9fono, navegar por la tableta, jugar videojuegos, hacer yoga, amamantar y descansar. despu\u00e9s de cirug\u00eda.<\/li>\n<li><strong>ALMOHADA C\u00d3MODA PARA EL CUERPO:<\/strong> Como una almohada grande para el cuerpo, reemplaza todos los reposacabezas normales o almohadas lumbares, crea m\u00faltiples posiciones como una almohada posicionadora para apoyar la espalda, los hombros, la columna vertebral, el est\u00f3mago, las piernas y permite que sus m\u00fasculos permanezcan relajados. Promueve una columna vertebral alineada para cualquier durmiente, ya sea que necesite una almohada tapizada para reposacabezas o un coj\u00edn de respaldo grande, si solo necesita m\u00e1s o menos altura. Tambi\u00e9n puede usarlo como una almohada para el embarazo que brinda apoyo a diferentes partes del cuerpo y libera los dolores del embarazo.<\/li>\n<li><strong>DISE\u00d1ADO ORIGINALMENTE CON MATERIALES DE ALTA CALIDAD:<\/strong> La almohada de lectura rectangular viene con rayas tridimensionales, mechones de botones de tela, bordes con dobladillo completo que la distinguen de todas las dem\u00e1s almohadas de respaldo normales. Aunque la almohada decorativa de apoyo para la espalda es suave, a\u00fan mantiene su forma de apoyo al aprovechar al m\u00e1ximo el relleno de fibra de micro poli\u00e9ster resistente y flexible. La cremallera bidireccional del coj\u00edn junto a la cama, que es muy fuerte y duradera para un uso a largo plazo.<\/li>\n<li><strong>HERMOSA ALMOHADA DECORATIVA JUNTO A LA CABECERA:<\/strong> Si necesita una cabecera r\u00e1pida y f\u00e1cil, esta almohada de lectura de cabecera de tapicer\u00eda se puede usar como un reemplazo alternativo mientras es una hermosa decoraci\u00f3n de cama. Su elegante dise\u00f1o agregar\u00e1 una vista acogedora a su dormitorio. Con su apariencia atractiva, este respaldo original para la cabecera de la cama es ajustable para el dormitorio, el hotel, el hospital, el asiento junto a la ventana, el sof\u00e1, el div\u00e1n, la litera, la cama del dormitorio, la cama con plataforma.<\/li>\n<li><strong>FUNDA DE ALMOHADA LUMBAR EXTRA\u00cdBLE Y F\u00c1CIL DE LAVAR:<\/strong> Puede quitar f\u00e1cilmente la funda de la almohada de reposo en cama abriendo la cremallera y desabrochando los botones de la funda de la almohada de lectura y l\u00e1vela a m\u00e1quina.<\/li>\n<li><strong>Tela:<\/strong> Terciopelo (100% Poli\u00e9ster).<\/li>\n<li><strong>Tama\u00f1o:<\/strong> 100x50x8cm(3 botones), 120x50x8cm(4 botones), 140x50x8cm(4 botones), 160x50x8cm(5 botones), 180x50x8cm(6 botones), 200x50x8cm(7 botones)<\/li>\n<\/ul>","protected":false},"featured_media":1194,"comment_status":"open","ping_status":"closed","template":"","meta":[],"product_brand":[],"product_cat":[28],"product_tag":[117,60,116,115,114,79,118,59,119,120],"class_list":{"0":"post-1209","1":"product","2":"type-product","3":"status-publish","4":"has-post-thumbnail","6":"product_cat-large-body-pillow","7":"product_tag-back-support-cushion","8":"product_tag-backrest-pillow","9":"product_tag-bed-rest","10":"product_tag-comfortable-body-pillow","11":"product_tag-large-bed-bolster-pillow","12":"product_tag-lumbar-pillow","13":"product_tag-pregnancy-pillow","14":"product_tag-reading-pillow","15":"product_tag-rectangular-reading-pillow","16":"product_tag-velvet-pillow","18":"first","19":"instock","20":"featured","21":"shipping-taxable","22":"purchasable","23":"product-type-variable"},"_links":{"self":[{"href":"https:\/\/www.largepillow.com\/es\/wp-json\/wp\/v2\/product\/1209","targetHints":{"allow":["GET"]}}],"collection":[{"href":"https:\/\/www.largepillow.com\/es\/wp-json\/wp\/v2\/product"}],"about":[{"href":"https:\/\/www.largepillow.com\/es\/wp-json\/wp\/v2\/types\/product"}],"replies":[{"embeddable":true,"href":"https:\/\/www.largepillow.com\/es\/wp-json\/wp\/v2\/comments?post=1209"}],"wp:featuredmedia":[{"embeddable":true,"href":"https:\/\/www.largepillow.com\/es\/wp-json\/wp\/v2\/media\/1194"}],"wp:attachment":[{"href":"https:\/\/www.largepillow.com\/es\/wp-json\/wp\/v2\/media?parent=1209"}],"wp:term":[{"taxonomy":"product_brand","embeddable":true,"href":"https:\/\/www.largepillow.com\/es\/wp-json\/wp\/v2\/product_brand?post=1209"},{"taxonomy":"product_cat","embeddable":true,"href":"https:\/\/www.largepillow.com\/es\/wp-json\/wp\/v2\/product_cat?post=1209"},{"taxonomy":"product_tag","embeddable":true,"href":"https:\/\/www.largepillow.com\/es\/wp-json\/wp\/v2\/product_tag?post=1209"}],"curies":[{"name":"Gracias","href":"https:\/\/api.w.org\/{rel}","templated":true}]}}