{"id":1238,"date":"2022-09-19T05:36:36","date_gmt":"2022-09-19T05:36:36","guid":{"rendered":"https:\/\/www.largepillow.com\/product\/back-cushion-for-sofa"},"modified":"2026-02-06T13:51:15","modified_gmt":"2026-02-06T13:51:15","slug":"reposacabezas-almohada","status":"publish","type":"product","link":"https:\/\/www.largepillow.com\/es\/product\/bedrest-pillow\/","title":{"rendered":"Almohada de reposo en cama"},"content":{"rendered":"<p>Disfrute de la comodidad y el apoyo con nuestra almohada para reposo en cama<\/p>\n<p>\u00bfBusca la almohada perfecta para aumentar su relajaci\u00f3n y bienestar? No busque m\u00e1s, nuestra almohada de descanso en cama premium, dise\u00f1ada meticulosamente para brindar soporte y comodidad incomparables.<\/p>\n<p>Calidad y comodidad inigualables<\/p>\n<p>Fabricada con una precisi\u00f3n excepcional, nuestra almohada para reposo en cama est\u00e1 rellena con fibra de poli\u00e9ster de primera calidad que se adapta impecablemente a su cuerpo, garantizando un apoyo inquebrantable para la espalda y una sensaci\u00f3n de felpa. Envuelto en una tela de terciopelo lujosamente suave, resiste la deformaci\u00f3n y la formaci\u00f3n de bolitas, lo que promete una comodidad duradera.<\/p>\n<p>Ajuste vers\u00e1til y comodidad<\/p>\n<p>Con su dise\u00f1o ajustable, nuestra almohada viene equipada con una peque\u00f1a almohada enrollable que se puede colocar estrat\u00e9gicamente para brindar apoyo espec\u00edfico. Mantenga la columna alineada y evite encorvarse para mantener una postura saludable. Adem\u00e1s, la funda de almohada extra\u00edble y lavable a\u00f1ade una capa extra de higiene y facilidad de mantenimiento. Para mayor comodidad, dos pr\u00e1cticos bolsillos laterales brindan almacenamiento para peque\u00f1os elementos esenciales, manteniendo sus art\u00edculos favoritos al alcance de la mano.<\/p>\n<p>Soporte cient\u00edfico para la espalda<\/p>\n<p>Dise\u00f1ada ergon\u00f3micamente, nuestra almohada para reposo en cama brinda un soporte para la espalda incomparable, alivia el dolor lumbar y cervical, promueve una postura adecuada y previene las molestias al estar sentado o acostado durante mucho tiempo.<\/p>\n<p>Comodidad multiusos<\/p>\n<p>Vers\u00e1til y adaptable, nuestra almohada Bedrest trasciende los l\u00edmites del dormitorio. Es un compa\u00f1ero ideal para sof\u00e1s, divanes, sillas y sillones, lo que le permite disfrutar de la m\u00e1xima comodidad y soporte para la columna en cualquier entorno. Ya sea que est\u00e9s leyendo una novela cautivadora, poni\u00e9ndote al d\u00eda con tus programas favoritos o simplemente relaj\u00e1ndote despu\u00e9s de un largo d\u00eda, nuestra almohada garantiza una experiencia rejuvenecedora.<\/p>\n<p>Respaldos de clientes<\/p>\n<p>\u201cEste coj\u00edn triangular es s\u00faper c\u00f3modo. La tela de terciopelo holand\u00e9s se siente muy suave contra mi piel y la almohada cil\u00edndrica es perfecta para apoyar el cuello\u201d. - Cliente satisfecho<\/p>\n<p>\u201cMe encantan los amplios bolsillos laterales. Mantienen mi tel\u00e9fono, libreta y otros elementos esenciales organizados y a mano\u201d. \u2013 Usuario encantado<\/p>\n<p>Especificaciones<\/p>\n<p>* Tejido: Terciopelo de poli\u00e9ster 100%<br \/>\n* Tama\u00f1o: 60x50x22cm<\/p>\n<p>Invierta hoy en la mejor soluci\u00f3n de relajaci\u00f3n y apoyo con nuestra excepcional almohada para reposo en cama. Su comodidad, versatilidad y durabilidad superiores revolucionar\u00e1n su hogar y mejorar\u00e1n su bienestar.<\/p>","protected":false},"excerpt":{"rendered":"<ul>\n<li><strong>Almohada de cu\u00f1a calificada:<\/strong> Esta almohada de cu\u00f1a est\u00e1 rellena con fibra de poli\u00e9ster de primera calidad para brindar un soporte estable para la espalda y hacer que se sienta c\u00f3modo mientras lee, descansa o mira televisi\u00f3n en su cama o sof\u00e1. La tela de terciopelo de alta calidad es muy suave al tacto, duradera y no se deforma ni se forma bolitas f\u00e1cilmente.<\/li>\n<li><strong>Almohada de cu\u00f1a ajustable:<\/strong> La almohada decorativa viene con una peque\u00f1a almohada enrollable. Se puede ajustar donde lo necesite. Ayuda a mantener la espalda recta para que no se desplome. La funda de almohada para respaldo de lectura es extra\u00edble y lavable. Hay 2 bolsillos peque\u00f1os en el costado para guardar piezas peque\u00f1as, como bol\u00edgrafos, tel\u00e9fonos m\u00f3viles, controles remotos de TV, etc.<\/li>\n<li><strong>Excelente soporte para la espalda:<\/strong> La almohada de apoyo grande se ajusta al dise\u00f1o ergon\u00f3mico, que puede proporcionar apoyo cient\u00edfico para la espalda y mejorar la postura al sentarse. Este cojines para sof\u00e1 proporciona un apoyo c\u00f3modo para la cintura, la espalda y el cuello. Tambi\u00e9n puede prevenir y aliviar enfermedades lumbares y cervicales y aliviar dolores de espalda.<\/li>\n<li><strong>Amplia gama de usos:<\/strong> La almohada de cu\u00f1a puede proporcionar una variedad de usos, que es muy adecuada para usar en la cama, el sof\u00e1 cama, la silla y el sof\u00e1. Regalo perfecto para ti, amigos o familiares.<\/li>\n<li><strong>F\u00e1cil de limpiar:<\/strong> Esta almohada de apoyo cuenta con un dise\u00f1o de cierre de cremallera para que la funda sea f\u00e1cilmente extra\u00edble y lavable a m\u00e1quina.<\/li>\n<li><strong>Tela:<\/strong> Terciopelo (100% Poli\u00e9ster).<\/li>\n<li><strong>Tama\u00f1o:<\/strong>\u00a060x50x22cm.<\/li>\n<\/ul>","protected":false},"featured_media":1228,"comment_status":"open","ping_status":"closed","template":"","meta":[],"product_brand":[],"product_cat":[29],"product_tag":[66,60,111,101,112,59,107,71,65],"class_list":{"0":"post-1238","1":"product","2":"type-product","3":"status-publish","4":"has-post-thumbnail","6":"product_cat-large-reading-pillow","7":"product_tag-back-support-pillow","8":"product_tag-backrest-pillow","9":"product_tag-bedrest-pillow","10":"product_tag-chair-cushion","11":"product_tag-lumbar-support-pillow","12":"product_tag-reading-pillow","13":"product_tag-sofa-cushion","14":"product_tag-tv-pillow","15":"product_tag-wedge-pillow","17":"first","18":"outofstock","19":"shipping-taxable","20":"purchasable","21":"product-type-simple"},"_links":{"self":[{"href":"https:\/\/www.largepillow.com\/es\/wp-json\/wp\/v2\/product\/1238","targetHints":{"allow":["GET"]}}],"collection":[{"href":"https:\/\/www.largepillow.com\/es\/wp-json\/wp\/v2\/product"}],"about":[{"href":"https:\/\/www.largepillow.com\/es\/wp-json\/wp\/v2\/types\/product"}],"replies":[{"embeddable":true,"href":"https:\/\/www.largepillow.com\/es\/wp-json\/wp\/v2\/comments?post=1238"}],"wp:featuredmedia":[{"embeddable":true,"href":"https:\/\/www.largepillow.com\/es\/wp-json\/wp\/v2\/media\/1228"}],"wp:attachment":[{"href":"https:\/\/www.largepillow.com\/es\/wp-json\/wp\/v2\/media?parent=1238"}],"wp:term":[{"taxonomy":"product_brand","embeddable":true,"href":"https:\/\/www.largepillow.com\/es\/wp-json\/wp\/v2\/product_brand?post=1238"},{"taxonomy":"product_cat","embeddable":true,"href":"https:\/\/www.largepillow.com\/es\/wp-json\/wp\/v2\/product_cat?post=1238"},{"taxonomy":"product_tag","embeddable":true,"href":"https:\/\/www.largepillow.com\/es\/wp-json\/wp\/v2\/product_tag?post=1238"}],"curies":[{"name":"Gracias","href":"https:\/\/api.w.org\/{rel}","templated":true}]}}