{"id":1249,"date":"2022-09-19T05:36:49","date_gmt":"2022-09-19T05:36:49","guid":{"rendered":"https:\/\/www.largepillow.com\/product\/back-cushion-for-bed"},"modified":"2025-06-07T09:27:52","modified_gmt":"2025-06-07T09:27:52","slug":"cojin-de-lectura","status":"publish","type":"product","link":"https:\/\/www.largepillow.com\/es\/product\/reading-cushion\/","title":{"rendered":"Coj\u00edn de lectura"},"content":{"rendered":"<p>El coj\u00edn de lectura: \u00a1tu nueva incorporaci\u00f3n favorita a tu acogedor rinc\u00f3n de lectura!<\/p>\n<p>Esta almohada de cu\u00f1a c\u00f3moda y de apoyo est\u00e1 hecha con relleno de fibra de poli\u00e9ster de primera calidad y tela de terciopelo de alta calidad, lo que garantiza una experiencia suave, duradera y c\u00f3moda. Es perfecto para brindar un respaldo estable para la espalda mientras lee, descansa o mira televisi\u00f3n en su cama o sof\u00e1.<\/p>\n<p>El coj\u00edn de lectura es una almohada de cu\u00f1a ajustable, equipada con una peque\u00f1a almohada enrollable que se puede colocar donde la necesite. Ayuda a mantener la espalda recta para que no se desplome y mejora la postura y una experiencia m\u00e1s c\u00f3moda. La funda de la almohada es extra\u00edble y lavable, y hay dos peque\u00f1os bolsillos en el lateral para guardar objetos peque\u00f1os como el tel\u00e9fono o el mando a distancia.<\/p>\n<p>Este coj\u00edn est\u00e1 dise\u00f1ado ergon\u00f3micamente para brindar un excelente soporte para la espalda, que puede prevenir y aliviar enfermedades lumbares y cervicales y aliviar los dolores de espalda. La almohada de soporte grande se ajusta al dise\u00f1o ergon\u00f3mico y brinda un soporte c\u00f3modo para la cintura, la espalda y el cuello.<\/p>\n<p>El coj\u00edn de lectura es vers\u00e1til, lo que lo hace perfecto para usar en la cama, el sof\u00e1 cama, la silla o el sof\u00e1. Es un excelente regalo para usted, sus amigos o su familia.<\/p>\n<p>F\u00e1cil de limpiar, esta almohada de soporte presenta un dise\u00f1o de cierre de cremallera que hace que la funda sea f\u00e1cilmente extra\u00edble y lavable a m\u00e1quina.<\/p>\n<p>No conf\u00ede s\u00f3lo en nuestra palabra, aqu\u00ed est\u00e1n algunos de los comentarios de nuestros clientes satisfechos:<\/p>\n<p>\u201c\u00a1Me encanta mi coj\u00edn de lectura! Me ayuda a sentarme erguido y evita que me desplome mientras leo. Los bolsillos son perfectos para guardar mi tel\u00e9fono o control remoto\u201d. \u2013Emily.<\/p>\n<p>\u201cLa tela Velvet es muy suave y el coj\u00edn brinda un gran apoyo. Recomiendo ampliamente el Reading Cushion a cualquiera que busque una experiencia de lectura c\u00f3moda\u201d. - Jacobo.<\/p>\n<p>\u201cEsto cambia las reglas del juego en mi experiencia de lectura. Es muy c\u00f3modo y el apoyo que me brinda a la espalda es incre\u00edble. \u00a1Me alegro mucho de haber encontrado este producto!\u201d \u2013 Sara.<\/p>\n<p>\u00bfQue estas esperando? \u00a1Consigue el coj\u00edn de lectura y lleva tu experiencia de lectura al siguiente nivel!<\/p>","protected":false},"excerpt":{"rendered":"<ul>\n<li><strong>Almohada de cu\u00f1a calificada:<\/strong> Esta almohada de cu\u00f1a est\u00e1 rellena con fibra de poli\u00e9ster de primera calidad para brindar un soporte estable para la espalda y hacer que se sienta c\u00f3modo mientras lee, descansa o mira televisi\u00f3n en su cama o sof\u00e1. La tela de terciopelo de alta calidad es muy suave al tacto, duradera y no se deforma ni se forma bolitas f\u00e1cilmente.<\/li>\n<li><strong>Almohada de cu\u00f1a ajustable:<\/strong> La almohada decorativa viene con una peque\u00f1a almohada enrollable. Se puede ajustar donde lo necesite. Ayuda a mantener la espalda recta para que no se desplome. La funda de almohada para respaldo de lectura es extra\u00edble y lavable. Hay 2 bolsillos peque\u00f1os en el costado para guardar piezas peque\u00f1as, como bol\u00edgrafos, tel\u00e9fonos m\u00f3viles, controles remotos de TV, etc.<\/li>\n<li><strong>Excelente soporte para la espalda:<\/strong> La almohada de apoyo grande se ajusta al dise\u00f1o ergon\u00f3mico, que puede proporcionar apoyo cient\u00edfico para la espalda y mejorar la postura al sentarse. Este cojines para sof\u00e1 proporciona un apoyo c\u00f3modo para la cintura, la espalda y el cuello. Tambi\u00e9n puede prevenir y aliviar enfermedades lumbares y cervicales y aliviar dolores de espalda.<\/li>\n<li><strong>Amplia gama de usos:<\/strong> La almohada de cu\u00f1a puede proporcionar una variedad de usos, que es muy adecuada para usar en la cama, el sof\u00e1 cama, la silla y el sof\u00e1. Regalo perfecto para ti, amigos o familiares.<\/li>\n<li><strong>F\u00e1cil de limpiar:<\/strong> Esta almohada de apoyo cuenta con un dise\u00f1o de cierre de cremallera para que la funda sea f\u00e1cilmente extra\u00edble y lavable a m\u00e1quina.<\/li>\n<li><strong>Tela:<\/strong> Terciopelo (100% Poli\u00e9ster).<\/li>\n<li><strong>Tama\u00f1o:<\/strong>\u00a060x50x22cm.<\/li>\n<\/ul>","protected":false},"featured_media":1239,"comment_status":"open","ping_status":"closed","template":"","meta":[],"product_brand":[],"product_cat":[29],"product_tag":[92,60,108,101,110,109,106,59,107,65],"class_list":{"0":"post-1249","1":"product","2":"type-product","3":"status-publish","4":"has-post-thumbnail","6":"product_cat-large-reading-pillow","7":"product_tag-adjustable-wedge-pillow","8":"product_tag-backrest-pillow","9":"product_tag-bed-cushion","10":"product_tag-chair-cushion","11":"product_tag-couch-cushion","12":"product_tag-daybed-cushion","13":"product_tag-reading-cushion","14":"product_tag-reading-pillow","15":"product_tag-sofa-cushion","16":"product_tag-wedge-pillow","18":"first","19":"outofstock","20":"shipping-taxable","21":"purchasable","22":"product-type-simple"},"_links":{"self":[{"href":"https:\/\/www.largepillow.com\/es\/wp-json\/wp\/v2\/product\/1249","targetHints":{"allow":["GET"]}}],"collection":[{"href":"https:\/\/www.largepillow.com\/es\/wp-json\/wp\/v2\/product"}],"about":[{"href":"https:\/\/www.largepillow.com\/es\/wp-json\/wp\/v2\/types\/product"}],"replies":[{"embeddable":true,"href":"https:\/\/www.largepillow.com\/es\/wp-json\/wp\/v2\/comments?post=1249"}],"wp:featuredmedia":[{"embeddable":true,"href":"https:\/\/www.largepillow.com\/es\/wp-json\/wp\/v2\/media\/1239"}],"wp:attachment":[{"href":"https:\/\/www.largepillow.com\/es\/wp-json\/wp\/v2\/media?parent=1249"}],"wp:term":[{"taxonomy":"product_brand","embeddable":true,"href":"https:\/\/www.largepillow.com\/es\/wp-json\/wp\/v2\/product_brand?post=1249"},{"taxonomy":"product_cat","embeddable":true,"href":"https:\/\/www.largepillow.com\/es\/wp-json\/wp\/v2\/product_cat?post=1249"},{"taxonomy":"product_tag","embeddable":true,"href":"https:\/\/www.largepillow.com\/es\/wp-json\/wp\/v2\/product_tag?post=1249"}],"curies":[{"name":"Gracias","href":"https:\/\/api.w.org\/{rel}","templated":true}]}}