{"id":1274,"date":"2022-09-19T05:37:18","date_gmt":"2022-09-19T05:37:18","guid":{"rendered":"https:\/\/www.largepillow.com\/product\/sofa-cushion-support"},"modified":"2025-12-03T04:19:42","modified_gmt":"2025-12-03T04:19:42","slug":"cojin-de-lectura-para-la-cama","status":"publish","type":"product","link":"https:\/\/www.largepillow.com\/es\/product\/reading-cushion-for-bed\/","title":{"rendered":"Coj\u00edn de lectura para cama"},"content":{"rendered":"<p>Descubre la comodidad de leer en la cama con este coj\u00edn especializado<\/p>\n<p>\u00bfEst\u00e1s cansado de forzar el cuello y la espalda al intentar leer o mirar televisi\u00f3n en la cama? El Coj\u00edn De Lectura Para Cama est\u00e1 especialmente dise\u00f1ado para hacer estas actividades m\u00e1s relajantes y agradables. <\/p>\n<p>Fabricada con materiales de primera calidad, esta almohada en forma de cu\u00f1a brinda soporte ergon\u00f3mico para la espalda, el cuello y los hombros mientras se reclina. El interior est\u00e1 relleno de fibra de poli\u00e9ster suave pero resistente que se adapta a las curvas naturales de tu cuerpo sin aplanarse. <\/p>\n<p>A los clientes les encanta lo c\u00f3modo que es este coj\u00edn:<\/p>\n<p>\u201cEsta almohada de lectura ha cambiado mi vida. \u00a1No m\u00e1s dolor de cuello o espalda cuando leo en la cama!<\/p>\n<p>\u201cPor fin puedo ver mis programas favoritos c\u00f3modamente con este coj\u00edn de apoyo\u201d.<\/p>\n<p>La tela de la funda es una acogedora mezcla de poli\u00e9ster y lino que se siente suave y lujosa contra la piel. La cremallera oculta le permite quitar f\u00e1cilmente la funda para lavarla a m\u00e1quina cuando sea necesario. <\/p>\n<p>La versatilidad incorporada hace que este coj\u00edn sea pr\u00e1ctico para todas sus necesidades. La almohada enrollable lateral adjunta le permite personalizar el \u00e1ngulo de soporte. Dos pr\u00e1cticos bolsillos laterales son perfectos para guardar bol\u00edgrafos, tel\u00e9fonos, controles remotos y m\u00e1s al alcance de la mano.<\/p>\n<p>Adem\u00e1s de disfrutar de libros o medios multimedia en la cama, esta almohada de cu\u00f1a multifuncional tambi\u00e9n se puede utilizar para trabajar en una computadora port\u00e1til, jugar, relajarse con un compa\u00f1ero o simplemente elevar las piernas para mejorar la circulaci\u00f3n. <\/p>\n<p>Reg\u00e1late un soporte para la espalda hecho a medida que sentir\u00e1s como si estuviera hecho especialmente para ti. Ll\u00e9vate el coj\u00edn de lectura para cama a casa para transformar cualquier actividad reclinada en un placer confortable.<\/p>","protected":false},"excerpt":{"rendered":"<ul>\n<li><strong>Almohada de cu\u00f1a calificada:<\/strong> Esta almohada de cu\u00f1a est\u00e1 rellena con fibra de poli\u00e9ster de primera calidad para brindar un soporte estable para la espalda y hacer que se sienta c\u00f3modo mientras lee, descansa o mira televisi\u00f3n en su cama o sof\u00e1. La tela de lino de alta calidad es muy suave, duradera y no se deforma ni se forma bolitas.<\/li>\n<li><strong>Almohada de cu\u00f1a ajustable:<\/strong> La almohada decorativa viene con una peque\u00f1a almohada enrollable. Se puede ajustar donde lo necesite. Ayuda a mantener la espalda recta para que no se desplome. La funda de almohada para respaldo de lectura es extra\u00edble y lavable. Hay 2 bolsillos peque\u00f1os en el costado para guardar piezas peque\u00f1as, como bol\u00edgrafos, tel\u00e9fonos m\u00f3viles, controles remotos de TV, etc.<\/li>\n<li><strong>Excelente soporte para la espalda:<\/strong> La almohada de apoyo grande se ajusta al dise\u00f1o ergon\u00f3mico, que puede proporcionar apoyo cient\u00edfico para la espalda y mejorar la postura al sentarse. Este cojines para sof\u00e1 proporciona un apoyo c\u00f3modo para la cintura, la espalda y el cuello. Tambi\u00e9n puede prevenir y aliviar enfermedades lumbares y cervicales y aliviar dolores de espalda.<\/li>\n<li><strong>Amplia gama de usos:<\/strong> La almohada de cu\u00f1a puede proporcionar una variedad de usos, que es muy adecuada para usar en la cama, el sof\u00e1 cama, la silla y el sof\u00e1. Regalo perfecto para ti, amigos o familiares.<\/li>\n<li><strong>F\u00e1cil de limpiar:<\/strong> Esta almohada de apoyo cuenta con un dise\u00f1o de cierre de cremallera para que la funda sea f\u00e1cilmente extra\u00edble y lavable a m\u00e1quina.<\/li>\n<li><strong>Tela:<\/strong>\u00a0Mezcla de poli\u00e9ster y lino.<\/li>\n<li><strong>Tama\u00f1o:<\/strong>\u00a060x50x22cm.<\/li>\n<\/ul>","protected":false},"featured_media":1263,"comment_status":"open","ping_status":"closed","template":"","meta":[],"product_brand":[],"product_cat":[29],"product_tag":[92,60,94,89,103,59,93,100],"class_list":{"0":"post-1274","1":"product","2":"type-product","3":"status-publish","4":"has-post-thumbnail","6":"product_cat-large-reading-pillow","7":"product_tag-adjustable-wedge-pillow","8":"product_tag-backrest-pillow","9":"product_tag-excellent-back-support","10":"product_tag-qualified-wedge-pillow","11":"product_tag-reading-cushion-for-bed","12":"product_tag-reading-pillow","13":"product_tag-roll-bolster-pillow","14":"product_tag-sofa-daybed-pillow","16":"first","17":"outofstock","18":"featured","19":"shipping-taxable","20":"purchasable","21":"product-type-simple"},"_links":{"self":[{"href":"https:\/\/www.largepillow.com\/es\/wp-json\/wp\/v2\/product\/1274","targetHints":{"allow":["GET"]}}],"collection":[{"href":"https:\/\/www.largepillow.com\/es\/wp-json\/wp\/v2\/product"}],"about":[{"href":"https:\/\/www.largepillow.com\/es\/wp-json\/wp\/v2\/types\/product"}],"replies":[{"embeddable":true,"href":"https:\/\/www.largepillow.com\/es\/wp-json\/wp\/v2\/comments?post=1274"}],"wp:featuredmedia":[{"embeddable":true,"href":"https:\/\/www.largepillow.com\/es\/wp-json\/wp\/v2\/media\/1263"}],"wp:attachment":[{"href":"https:\/\/www.largepillow.com\/es\/wp-json\/wp\/v2\/media?parent=1274"}],"wp:term":[{"taxonomy":"product_brand","embeddable":true,"href":"https:\/\/www.largepillow.com\/es\/wp-json\/wp\/v2\/product_brand?post=1274"},{"taxonomy":"product_cat","embeddable":true,"href":"https:\/\/www.largepillow.com\/es\/wp-json\/wp\/v2\/product_cat?post=1274"},{"taxonomy":"product_tag","embeddable":true,"href":"https:\/\/www.largepillow.com\/es\/wp-json\/wp\/v2\/product_tag?post=1274"}],"curies":[{"name":"Gracias","href":"https:\/\/api.w.org\/{rel}","templated":true}]}}