{"id":1298,"date":"2022-09-19T05:37:48","date_gmt":"2022-09-19T05:37:48","guid":{"rendered":"https:\/\/www.largepillow.com\/product\/wedge-reading-pillow"},"modified":"2025-12-02T18:57:13","modified_gmt":"2025-12-02T18:57:13","slug":"cama-descanso-lectura-cuna","status":"publish","type":"product","link":"https:\/\/www.largepillow.com\/es\/product\/bed-rest-reading-wedge\/","title":{"rendered":"Cu\u00f1a de lectura para descansar en cama"},"content":{"rendered":"<p>Rel\u00e1jese c\u00f3modamente con la almohada de cu\u00f1a para lectura en reposo en cama<\/p>\n<p>Si le encanta leer o mirar televisi\u00f3n en la cama pero sufre molestias en la espalda, la almohada de cu\u00f1a para lectura en reposo en cama es la soluci\u00f3n perfecta. Esta almohada de dise\u00f1o ergon\u00f3mico proporciona un excelente soporte lumbar para aliviar el dolor de espalda y ayudarle a mantener una buena postura mientras descansa.  <\/p>\n<p>Fabricada con lino y poli\u00e9ster suave y de calidad, la cu\u00f1a de generosas dimensiones de 60 x 50 x 22 cm se adapta a las curvas de tu cuerpo. La almohada enrollable ajustable le permite personalizar el soporte para apuntar a \u00e1reas que necesitan alivio, como la parte baja de la espalda o el cuello. Dos bolsillos laterales brindan almacenamiento conveniente para art\u00edculos como su tel\u00e9fono, control remoto o libros mientras se relaja.<\/p>\n<p>A los clientes les encanta esta almohada vers\u00e1til y de apoyo:<\/p>\n<p>\u201cEsta almohada ofrece un muy buen apoyo para leer o trabajar en mi computadora port\u00e1til en la cama. Es c\u00f3modo y parece muy duradero\u201d.<\/p>\n<p>\u201cMe operaron de la espalda y mi m\u00e9dico me recomend\u00f3 usar esto. Ofrece la cantidad justa de inclinaci\u00f3n sin causar ning\u00fan punto doloroso\u201d. <\/p>\n<p>\u201cCompr\u00e9 esto para mis padres ancianos para ayudarlos a sentarse m\u00e1s c\u00f3modamente. Les encanta y dicen que realmente les ha ayudado con sus problemas de espalda\u201d.<\/p>\n<p>Con un dise\u00f1o ergon\u00f3mico centrado en el apoyo y la comodidad de la espalda, esta almohada en forma de cu\u00f1a de calidad es la compa\u00f1era perfecta para leer y relajarse. La funda extra\u00edble y lavable permite un f\u00e1cil cuidado. <\/p>\n<p>Regale un descanso confortable con la almohada de cu\u00f1a para lectura en reposo en cama. Ideal para usted o sus seres queridos que sufren molestias lumbares o de cuello, seguramente se convertir\u00e1 en una parte muy apreciada del tiempo de relajaci\u00f3n.<\/p>","protected":false},"excerpt":{"rendered":"<ul>\n<li><strong>Almohada de cu\u00f1a calificada:<\/strong> Esta almohada de cu\u00f1a est\u00e1 rellena con fibra de poli\u00e9ster de primera calidad para brindar un soporte estable para la espalda y hacer que se sienta c\u00f3modo mientras lee, descansa o mira televisi\u00f3n en su cama o sof\u00e1. La tela de lino de alta calidad es muy suave, duradera y no se deforma ni se forma bolitas.<\/li>\n<li><strong>Almohada de cu\u00f1a ajustable:<\/strong> La almohada decorativa viene con una peque\u00f1a almohada enrollable. Se puede ajustar donde lo necesite. Ayuda a mantener la espalda recta para que no se desplome. La funda de almohada para respaldo de lectura es extra\u00edble y lavable. Hay 2 bolsillos peque\u00f1os en el costado para guardar piezas peque\u00f1as, como bol\u00edgrafos, tel\u00e9fonos m\u00f3viles, controles remotos de TV, etc.<\/li>\n<li><strong>Excelente soporte para la espalda:<\/strong> La almohada de apoyo grande se ajusta al dise\u00f1o ergon\u00f3mico, que puede proporcionar apoyo cient\u00edfico para la espalda y mejorar la postura al sentarse. Este cojines para sof\u00e1 proporciona un apoyo c\u00f3modo para la cintura, la espalda y el cuello. Tambi\u00e9n puede prevenir y aliviar enfermedades lumbares y cervicales y aliviar dolores de espalda.<\/li>\n<li><strong>Amplia gama de usos:<\/strong> La almohada de cu\u00f1a puede proporcionar una variedad de usos, que es muy adecuada para usar en la cama, el sof\u00e1 cama, la silla y el sof\u00e1. Regalo perfecto para ti, amigos o familiares.<\/li>\n<li><strong>F\u00e1cil de limpiar:<\/strong> Esta almohada de apoyo cuenta con un dise\u00f1o de cierre de cremallera para que la funda sea f\u00e1cilmente extra\u00edble y lavable a m\u00e1quina.<\/li>\n<li><strong>Tela:<\/strong>\u00a0Mezcla de poli\u00e9ster y lino.<\/li>\n<li><strong>Tama\u00f1o:<\/strong>\u00a060x50x22cm.<\/li>\n<\/ul>","protected":false},"featured_media":1287,"comment_status":"open","ping_status":"closed","template":"","meta":[],"product_brand":[],"product_cat":[29],"product_tag":[92,60,88,91,96,94,89,59,93,95,90],"class_list":{"0":"post-1298","1":"product","2":"type-product","3":"status-publish","4":"has-post-thumbnail","6":"product_cat-large-reading-pillow","7":"product_tag-adjustable-wedge-pillow","8":"product_tag-backrest-pillow","9":"product_tag-bed-rest-reading-wedge","10":"product_tag-comfortable-reading","11":"product_tag-cushions-for-sofa","12":"product_tag-excellent-back-support","13":"product_tag-qualified-wedge-pillow","14":"product_tag-reading-pillow","15":"product_tag-roll-bolster-pillow","16":"product_tag-scientific-back-support","17":"product_tag-stable-back-support","19":"first","20":"outofstock","21":"featured","22":"shipping-taxable","23":"purchasable","24":"product-type-simple"},"_links":{"self":[{"href":"https:\/\/www.largepillow.com\/es\/wp-json\/wp\/v2\/product\/1298","targetHints":{"allow":["GET"]}}],"collection":[{"href":"https:\/\/www.largepillow.com\/es\/wp-json\/wp\/v2\/product"}],"about":[{"href":"https:\/\/www.largepillow.com\/es\/wp-json\/wp\/v2\/types\/product"}],"replies":[{"embeddable":true,"href":"https:\/\/www.largepillow.com\/es\/wp-json\/wp\/v2\/comments?post=1298"}],"wp:featuredmedia":[{"embeddable":true,"href":"https:\/\/www.largepillow.com\/es\/wp-json\/wp\/v2\/media\/1287"}],"wp:attachment":[{"href":"https:\/\/www.largepillow.com\/es\/wp-json\/wp\/v2\/media?parent=1298"}],"wp:term":[{"taxonomy":"product_brand","embeddable":true,"href":"https:\/\/www.largepillow.com\/es\/wp-json\/wp\/v2\/product_brand?post=1298"},{"taxonomy":"product_cat","embeddable":true,"href":"https:\/\/www.largepillow.com\/es\/wp-json\/wp\/v2\/product_cat?post=1298"},{"taxonomy":"product_tag","embeddable":true,"href":"https:\/\/www.largepillow.com\/es\/wp-json\/wp\/v2\/product_tag?post=1298"}],"curies":[{"name":"Gracias","href":"https:\/\/api.w.org\/{rel}","templated":true}]}}