{"id":1307,"date":"2022-09-19T06:01:39","date_gmt":"2022-09-19T06:01:39","guid":{"rendered":"https:\/\/www.largepillow.com\/product\/reading-wedge-pillow"},"modified":"2024-10-03T16:31:26","modified_gmt":"2024-10-03T16:31:26","slug":"almohada-rincon-de-lectura","status":"publish","type":"product","link":"https:\/\/www.largepillow.com\/es\/product\/reading-nook-pillow\/","title":{"rendered":"Rinc\u00f3n de lectura Almohada"},"content":{"rendered":"<p>La almohada Reading Nook: su compa\u00f1era esencial para la comodidad y el estilo<\/p>\n<p>Para los amantes de la biblioteca que aprecian el santuario de la lectura, la almohada Reading Nook eleva su experiencia a un nuevo nivel de comodidad y disfrute. Con su ingenioso dise\u00f1o ergon\u00f3mico, esta almohada alivia las molestias f\u00edsicas asociadas a la lectura prolongada en la cama.<\/p>\n<p>Ergonom\u00eda excepcional para la perfecci\u00f3n de la postura:<\/p>\n<p>Dise\u00f1ada para sostener su cuerpo en una posici\u00f3n de lectura \u00f3ptima, la almohada Reading Nook aborda eficazmente problemas comunes como dolor de espalda inferior y superior, rigidez de cuello y hombros. Su firme amortiguaci\u00f3n proporciona la cantidad justa de apoyo para una postura c\u00f3moda y ergon\u00f3mica, reduciendo la fatiga y el malestar.<\/p>\n<p>Materiales de primera calidad para mayor durabilidad y transpirabilidad:<\/p>\n<p>Confeccionada con tela de lona de alta calidad, la funda de almohada garantiza una durabilidad y transpirabilidad excepcionales. La tecnolog\u00eda de te\u00f1ido e impresi\u00f3n reactiva garantiza colores vibrantes que no se desvanecen con el tiempo. El n\u00facleo interior de la almohada est\u00e1 relleno de fibra de poli\u00e9ster de alta elasticidad, lo que mantiene una forma estable sin colapsar.<\/p>\n<p>Funcionalidad multiprop\u00f3sito:<\/p>\n<p>M\u00e1s all\u00e1 de su prop\u00f3sito principal como compa\u00f1ero de lectura, Reading Nook Pillow exhibe una notable versatilidad. Su forma curva ofrece un soporte elevado para partes espec\u00edficas del cuerpo, lo que ayuda a aliviar afecciones m\u00e9dicas como los ronquidos y el reflujo \u00e1cido. Las mujeres embarazadas pueden utilizarlo para dormir de lado y como soporte lumbar para mejorar la comodidad.<\/p>\n<p>Estampados vibrantes para alegrar tu decoraci\u00f3n:<\/p>\n<p>Con una amplia selecci\u00f3n de dise\u00f1os de estampados vibrantes, desde m\u00fasica del bosque hasta peri\u00f3dicos retro, la almohada Reading Nook complementa la decoraci\u00f3n de cualquier dormitorio. Sus colores alegres y patrones encantadores a\u00f1aden un toque de personalidad a tu espacio, creando un rinc\u00f3n de lectura atractivo y elegante.<\/p>\n<p>Comodidad y facilidad de atenci\u00f3n:<\/p>\n<p>La funda de almohada cuenta con una cremallera met\u00e1lica invisible para quitarla e instalarla sin esfuerzo, lo que facilita la limpieza. Su dise\u00f1o lavable a m\u00e1quina garantiza un f\u00e1cil mantenimiento. Un pr\u00e1ctico bolsillo lateral mantiene tus elementos esenciales, como tel\u00e9fonos m\u00f3viles y gafas, al alcance en todo momento.<\/p>\n<p>Recomendaciones de clientes:<\/p>\n<p>\u201c\u00a1Esta almohada cambia las reglas del juego para mis sesiones de lectura! Es muy c\u00f3modo y soporta perfectamente mi espalda. Mis dolores de cuello y hombros han desaparecido\u201d.<\/p>\n<p>\u201c\u00a1Me encantan los dise\u00f1os impresos! A\u00f1aden mucha vida a mi dormitorio. Tambi\u00e9n aprecio el bolsillo lateral para mantener mi tel\u00e9fono y mis libros organizados\u201d.<\/p>\n<p>\u201cUtilizo esta almohada no s\u00f3lo para leer sino tambi\u00e9n como soporte lumbar mientras veo televisi\u00f3n en el sof\u00e1. Es incre\u00edblemente vers\u00e1til\u201d.<\/p>\n<p>Especificaciones:<\/p>\n<p>* Dimensiones: 60x20x50cm<br \/>\n* Materiales: Tela de lona, relleno de fibra de poli\u00e9ster de alta elasticidad.<br \/>\n* Funda de almohada extra\u00edble y lavable con cremallera met\u00e1lica invisible.<br \/>\n* Bolsillo lateral para almacenamiento conveniente<\/p>\n<p>Ya sea que sea un \u00e1vido lector, un entusiasta del dise\u00f1o o simplemente busque comodidad y apoyo, la almohada Reading Nook es una opci\u00f3n excepcional. Su dise\u00f1o ergon\u00f3mico, materiales de primera calidad y estampados vibrantes mejorar\u00e1n su experiencia de lectura y complementar\u00e1n con estilo la decoraci\u00f3n de su hogar.<\/p>","protected":false},"excerpt":{"rendered":"<ul>\n<li><strong>Almohada ergon\u00f3mica:<\/strong>\u00a0Si a usted y a sus amigos les gusta leer en la cama pero tienen varias molestias debido a una postura incorrecta: dolores en la parte inferior y superior de la espalda, problemas en el cuello y los hombros, etc. Entonces use esta almohada ergon\u00f3mica para ayudarlo a leer con una postura ergon\u00f3mica. Esta almohada de lectura no solo es suave y c\u00f3moda, sino tambi\u00e9n lo suficientemente firme como para proporcionar amortiguaci\u00f3n y apoyo.<\/li>\n<li><strong>Materiales de alta calidad:<\/strong>\u00a0La funda de almohada de cu\u00f1a est\u00e1 hecha de tela de lona de alta calidad, que es fuerte y duradera, y tiene muy buena permeabilidad al aire; adopta tecnolog\u00eda de impresi\u00f3n y te\u00f1ido reactivo, que no se desvanecer\u00e1; el n\u00facleo interno est\u00e1 lleno de fibra de poli\u00e9ster de alta calidad y alta elasticidad, que puede mantener una forma estable sin colapsar.<\/li>\n<li><strong>Uso multifuncional:<\/strong>\u00a0Esta almohada de forma curva puede mantener ciertas partes del cuerpo elevadas. Por lo tanto, ayuda a aliviar ciertas condiciones m\u00e9dicas, como los ronquidos o el reflujo \u00e1cido. Adem\u00e1s, tambi\u00e9n puede ayudar a las mujeres embarazadas a evitar darse la vuelta y mantener una posici\u00f3n lateral para dormir o usarlo como almohada lumbar para reducir la presi\u00f3n lumbar. Adem\u00e1s de usar esta almohada de respaldo en la cama, tambi\u00e9n se puede usar en el sof\u00e1, en el piso del \u00e1rea de juegos para ni\u00f1os, muebles de jard\u00edn al aire libre.<\/li>\n<li><strong>Excelente dise\u00f1o de impresi\u00f3n:<\/strong>\u00a0Esta serie de cojines de posicionamiento est\u00e1 decorado con colores brillantes para agregar brillo a su dormitorio. Estilo pastoral &quot;m\u00fasica del bosque&quot;, estilo retro &quot;peri\u00f3dico viejo&quot;, estilo literario &quot;mariposa azul&quot;, estilo realista &quot;mapa de camello&quot;, seguramente encontrar\u00e1 el color que se adapte a su personalidad. Es una buena almohada de lectura para ni\u00f1os y ni\u00f1as o adultos. Este tambi\u00e9n es un gran regalo para los ni\u00f1os a los que les encanta leer y har\u00e1 que su habitaci\u00f3n luzca m\u00e1s fresca.<\/li>\n<li><strong>Funda de almohada desmontable:<\/strong>\u00a0La funda de la almohada, que tiene una cremallera de metal invisible, se puede quitar e instalar f\u00e1cilmente en la almohada; es f\u00e1cil de limpiar y apto para lavar a m\u00e1quina; el pr\u00e1ctico bolsillo lateral puede contener objetos peque\u00f1os como tel\u00e9fonos m\u00f3viles y anteojos en cualquier momento.<\/li>\n<li><strong>Tama\u00f1o:<\/strong>\u00a060x20x50cm.<\/li>\n<\/ul>","protected":false},"featured_media":1299,"comment_status":"open","ping_status":"closed","template":"","meta":[],"product_brand":[],"product_cat":[29],"product_tag":[60,81,86,78,79,87,59,84],"class_list":{"0":"post-1307","1":"product","2":"type-product","3":"status-publish","4":"has-post-thumbnail","6":"product_cat-large-reading-pillow","7":"product_tag-backrest-pillow","8":"product_tag-curved-shape-pillow","9":"product_tag-detachable-pillow-cover","10":"product_tag-ergonomic-pillow","11":"product_tag-lumbar-pillow","12":"product_tag-reading-nook-pillow","13":"product_tag-reading-pillow","14":"product_tag-sofa-pillow","16":"first","17":"instock","18":"featured","19":"shipping-taxable","20":"purchasable","21":"product-type-simple"},"_links":{"self":[{"href":"https:\/\/www.largepillow.com\/es\/wp-json\/wp\/v2\/product\/1307","targetHints":{"allow":["GET"]}}],"collection":[{"href":"https:\/\/www.largepillow.com\/es\/wp-json\/wp\/v2\/product"}],"about":[{"href":"https:\/\/www.largepillow.com\/es\/wp-json\/wp\/v2\/types\/product"}],"replies":[{"embeddable":true,"href":"https:\/\/www.largepillow.com\/es\/wp-json\/wp\/v2\/comments?post=1307"}],"wp:featuredmedia":[{"embeddable":true,"href":"https:\/\/www.largepillow.com\/es\/wp-json\/wp\/v2\/media\/1299"}],"wp:attachment":[{"href":"https:\/\/www.largepillow.com\/es\/wp-json\/wp\/v2\/media?parent=1307"}],"wp:term":[{"taxonomy":"product_brand","embeddable":true,"href":"https:\/\/www.largepillow.com\/es\/wp-json\/wp\/v2\/product_brand?post=1307"},{"taxonomy":"product_cat","embeddable":true,"href":"https:\/\/www.largepillow.com\/es\/wp-json\/wp\/v2\/product_cat?post=1307"},{"taxonomy":"product_tag","embeddable":true,"href":"https:\/\/www.largepillow.com\/es\/wp-json\/wp\/v2\/product_tag?post=1307"}],"curies":[{"name":"Gracias","href":"https:\/\/api.w.org\/{rel}","templated":true}]}}