{"id":1315,"date":"2022-09-19T06:01:52","date_gmt":"2022-09-19T06:01:52","guid":{"rendered":"https:\/\/www.largepillow.com\/product\/bed-wedge-pillows-for-reading"},"modified":"2025-09-13T10:51:53","modified_gmt":"2025-09-13T10:51:53","slug":"almohada-de-regazo-para-leer","status":"publish","type":"product","link":"https:\/\/www.largepillow.com\/es\/product\/lap-pillow-for-reading","title":{"rendered":"Almohada de regazo para leer"},"content":{"rendered":"<p>Presentamos el compa\u00f1ero de lectura definitivo: la almohada ergon\u00f3mica para el regazo<\/p>\n<p>\u00bfEs usted un \u00e1vido lector que a menudo siente incomodidad mientras lee en la cama? Presentamos la innovadora Lap Pillow For Reading, dise\u00f1ada para mejorar su experiencia de lectura con comodidad y apoyo incomparables.<\/p>\n<p>Dise\u00f1o ergon\u00f3mico para una postura \u00f3ptima<\/p>\n<p>Esta almohada ergon\u00f3micamente dise\u00f1ada se adapta perfectamente a su cuerpo, lo que garantiza que mantenga una postura de lectura ideal. Diga adi\u00f3s a los dolores lumbares y superiores, as\u00ed como a los problemas de cuello y hombros que pueden aquejarlo debido a una postura inadecuada.<\/p>\n<p>Materiales de primera calidad para mayor comodidad y durabilidad<\/p>\n<p>La funda de almohada est\u00e1 meticulosamente confeccionada con tela de lona de alta calidad, conocida por su excepcional durabilidad y transpirabilidad. Sus colores vibrantes, logrados mediante tecnolog\u00eda de te\u00f1ido e impresi\u00f3n reactiva, seguir\u00e1n siendo vibrantes en los a\u00f1os venideros. El n\u00facleo interior est\u00e1 relleno de fibra de poli\u00e9ster de alta elasticidad de primera calidad, lo que proporciona un coj\u00edn suave pero con soporte que no colapsar\u00e1 con el tiempo.<\/p>\n<p>Multifuncional para diversas necesidades<\/p>\n<p>M\u00e1s all\u00e1 de su excepcional apoyo a la lectura, esta almohada vers\u00e1til tambi\u00e9n puede aliviar afecciones m\u00e9dicas como los ronquidos y el reflujo \u00e1cido. Ofrece una superficie c\u00f3moda para que las mujeres embarazadas mantengan una posici\u00f3n para dormir de lado o puede usarse como almohada lumbar para reducir la presi\u00f3n de la espalda. Su versatilidad se extiende m\u00e1s all\u00e1 del dormitorio, lo que lo convierte en un compa\u00f1ero ideal para sof\u00e1s, salas de juegos, muebles de jard\u00edn y m\u00e1s.<\/p>\n<p>Impresiones llamativas para un toque de estilo<\/p>\n<p>Agregue un toque de elegancia a su dormitorio con los exquisitos estampados de Lap Pillow. Elija entre la relajante \u201cm\u00fasica del bosque\u201d, el \u201cperi\u00f3dico viejo\u201d retro, la encantadora \u201cmariposa azul\u201d o el cautivador \u201cmapa de camellos\u201d. Hay un dise\u00f1o que se adapta a cada personalidad y decoraci\u00f3n.<\/p>\n<p>Funciones pr\u00e1cticas para un uso sencillo<\/p>\n<p>La funda de la almohada se puede quitar y reemplazar sin esfuerzo mediante la cremallera met\u00e1lica invisible. Su naturaleza lavable a m\u00e1quina garantiza que su almohada se mantenga fresca e higi\u00e9nica. El pr\u00e1ctico bolsillo lateral proporciona un pr\u00e1ctico espacio de almacenamiento para su tel\u00e9fono, gafas u otras pertenencias peque\u00f1as.<\/p>\n<p>Recomendaciones de clientes<\/p>\n<p>\u201cComo lector experimentado, no puedo creer que haya pasado tanto tiempo sin esta almohada. Es como un sue\u00f1o hecho realidad, brindando apoyo y consuelo durante horas de maravillosa lectura\u201d.<\/p>\n<p>\u201cLa tela de lona se siente muy bien en mi piel y el estampado es simplemente maravilloso. No s\u00f3lo es funcional sino que tambi\u00e9n a\u00f1ade un toque de estilo a mi dormitorio\u201d.<\/p>\n<p>Dimensiones: 60x20x50cm<\/p>\n<p>Invierta en una mejor experiencia de lectura con Lap Pillow For Reading. Su dise\u00f1o ergon\u00f3mico, materiales de primera calidad, car\u00e1cter multifuncional y estampados llamativos transformar\u00e1n tu tiempo de lectura en un asunto verdaderamente c\u00f3modo y agradable. \u00a1Pide el tuyo hoy y eleva tu experiencia de lectura a nuevas alturas!<\/p>","protected":false},"excerpt":{"rendered":"<ul>\n<li><strong>Almohada ergon\u00f3mica:<\/strong>\u00a0Si a usted y a sus amigos les gusta leer en la cama pero tienen varias molestias debido a una postura incorrecta: dolores en la parte inferior y superior de la espalda, problemas en el cuello y los hombros, etc. Entonces use esta almohada ergon\u00f3mica para ayudarlo a leer con una postura ergon\u00f3mica. Esta almohada de lectura no solo es suave y c\u00f3moda, sino tambi\u00e9n lo suficientemente firme como para proporcionar amortiguaci\u00f3n y apoyo.<\/li>\n<li><strong>Materiales de alta calidad:<\/strong>\u00a0La funda de almohada de cu\u00f1a est\u00e1 hecha de tela de lona de alta calidad, que es fuerte y duradera, y tiene muy buena permeabilidad al aire; adopta tecnolog\u00eda de impresi\u00f3n y te\u00f1ido reactivo, que no se desvanecer\u00e1; el n\u00facleo interno est\u00e1 lleno de fibra de poli\u00e9ster de alta calidad y alta elasticidad, que puede mantener una forma estable sin colapsar.<\/li>\n<li><strong>Uso multifuncional:<\/strong>\u00a0Esta almohada de forma curva puede mantener ciertas partes del cuerpo elevadas. Por lo tanto, ayuda a aliviar ciertas condiciones m\u00e9dicas, como los ronquidos o el reflujo \u00e1cido. Adem\u00e1s, tambi\u00e9n puede ayudar a las mujeres embarazadas a evitar darse la vuelta y mantener una posici\u00f3n lateral para dormir o usarlo como almohada lumbar para reducir la presi\u00f3n lumbar. Adem\u00e1s de usar esta almohada de respaldo en la cama, tambi\u00e9n se puede usar en el sof\u00e1, en el piso del \u00e1rea de juegos para ni\u00f1os, muebles de jard\u00edn al aire libre.<\/li>\n<li><strong>Excelente dise\u00f1o de impresi\u00f3n:<\/strong>\u00a0Esta serie de cojines de posicionamiento est\u00e1 decorado con colores brillantes para agregar brillo a su dormitorio. Estilo pastoral &quot;m\u00fasica del bosque&quot;, estilo retro &quot;peri\u00f3dico viejo&quot;, estilo literario &quot;mariposa azul&quot;, estilo realista &quot;mapa de camello&quot;, seguramente encontrar\u00e1 el color que se adapte a su personalidad. Es una buena almohada de lectura para ni\u00f1os y ni\u00f1as o adultos. Este tambi\u00e9n es un gran regalo para los ni\u00f1os a los que les encanta leer y har\u00e1 que su habitaci\u00f3n luzca m\u00e1s fresca.<\/li>\n<li><strong>Funda de almohada desmontable:<\/strong>\u00a0La funda de la almohada, que tiene una cremallera de metal invisible, se puede quitar e instalar f\u00e1cilmente en la almohada; es f\u00e1cil de limpiar y apto para lavar a m\u00e1quina; el pr\u00e1ctico bolsillo lateral puede contener objetos peque\u00f1os como tel\u00e9fonos m\u00f3viles y anteojos en cualquier momento.<\/li>\n<li><strong>Tama\u00f1o:<\/strong>\u00a060x20x50cm.<\/li>\n<\/ul>","protected":false},"featured_media":1308,"comment_status":"open","ping_status":"closed","template":"","meta":[],"product_brand":[],"product_cat":[29],"product_tag":[60,81,86,78,85,79,80,59,65],"class_list":{"0":"post-1315","1":"product","2":"type-product","3":"status-publish","4":"has-post-thumbnail","6":"product_cat-large-reading-pillow","7":"product_tag-backrest-pillow","8":"product_tag-curved-shape-pillow","9":"product_tag-detachable-pillow-cover","10":"product_tag-ergonomic-pillow","11":"product_tag-lap-pillow-for-reading","12":"product_tag-lumbar-pillow","13":"product_tag-positioning-pillow","14":"product_tag-reading-pillow","15":"product_tag-wedge-pillow","17":"first","18":"instock","19":"featured","20":"shipping-taxable","21":"purchasable","22":"product-type-simple"},"_links":{"self":[{"href":"https:\/\/www.largepillow.com\/es\/wp-json\/wp\/v2\/product\/1315","targetHints":{"allow":["GET"]}}],"collection":[{"href":"https:\/\/www.largepillow.com\/es\/wp-json\/wp\/v2\/product"}],"about":[{"href":"https:\/\/www.largepillow.com\/es\/wp-json\/wp\/v2\/types\/product"}],"replies":[{"embeddable":true,"href":"https:\/\/www.largepillow.com\/es\/wp-json\/wp\/v2\/comments?post=1315"}],"wp:featuredmedia":[{"embeddable":true,"href":"https:\/\/www.largepillow.com\/es\/wp-json\/wp\/v2\/media\/1308"}],"wp:attachment":[{"href":"https:\/\/www.largepillow.com\/es\/wp-json\/wp\/v2\/media?parent=1315"}],"wp:term":[{"taxonomy":"product_brand","embeddable":true,"href":"https:\/\/www.largepillow.com\/es\/wp-json\/wp\/v2\/product_brand?post=1315"},{"taxonomy":"product_cat","embeddable":true,"href":"https:\/\/www.largepillow.com\/es\/wp-json\/wp\/v2\/product_cat?post=1315"},{"taxonomy":"product_tag","embeddable":true,"href":"https:\/\/www.largepillow.com\/es\/wp-json\/wp\/v2\/product_tag?post=1315"}],"curies":[{"name":"Gracias","href":"https:\/\/api.w.org\/{rel}","templated":true}]}}