{"id":1323,"date":"2022-09-19T06:02:03","date_gmt":"2022-09-19T06:02:03","guid":{"rendered":"https:\/\/www.largepillow.com\/product\/reading-wedges"},"modified":"2024-10-03T16:31:26","modified_gmt":"2024-10-03T16:31:26","slug":"cunas-de-lectura","status":"publish","type":"product","link":"https:\/\/www.largepillow.com\/es\/product\/reading-wedges\/","title":{"rendered":"Cu\u00f1as de lectura"},"content":{"rendered":"<p>\u00bfEs usted un rat\u00f3n de biblioteca al que le gusta leer en la cama pero sufre molestias y dolores debido a una mala postura? En caso afirmativo, tenemos la soluci\u00f3n perfecta para usted: \u00a1cu\u00f1as de lectura!<\/p>\n<p>Esta almohada ergon\u00f3mica est\u00e1 dise\u00f1ada para brindar apoyo y amortiguaci\u00f3n a la parte superior e inferior de la espalda, el cuello y los hombros, lo que garantiza que pueda leer en la cama con una postura ergon\u00f3mica. La almohada es suave y c\u00f3moda a la vez que lo suficientemente firme como para mantener su forma y brindar el soporte adecuado.<\/p>\n<p>La funda de almohada tipo cu\u00f1a est\u00e1 hecha de tela de lona de alta calidad, que es duradera y tiene una excelente permeabilidad al aire. El n\u00facleo interior est\u00e1 relleno de fibra de poli\u00e9ster de alta elasticidad, lo que garantiza que la almohada no se colapse y mantenga su forma. La funda de la almohada tambi\u00e9n es extra\u00edble y lavable a m\u00e1quina, lo que facilita su limpieza y mantenimiento.<\/p>\n<p>La forma curva de la almohada la hace ideal para mantener elevadas ciertas partes del cuerpo, lo que la hace \u00fatil para aliviar afecciones m\u00e9dicas como los ronquidos o el reflujo \u00e1cido. Las mujeres embarazadas pueden utilizarlo para mantener la posici\u00f3n de dormir de lado o como almohada lumbar para reducir la presi\u00f3n lumbar. Tambi\u00e9n puedes usarlo en tu sof\u00e1 o piso, haci\u00e9ndolo multifuncional.<\/p>\n<p>Las cu\u00f1as de lectura vienen en varios dise\u00f1os, que incluyen \u201cm\u00fasica del bosque\u201d, \u201cperi\u00f3dico viejo\u201d, \u201cmariposa azul\u201d y \u201cmapa de camellos\u201d. Con estos colores vibrantes, puedes encontrar uno que resuene con tu personalidad y agregue algo de dinamismo a tu dormitorio. Es una almohada de lectura perfecta para adultos, ni\u00f1os y ni\u00f1as, lo que la convierte en un excelente regalo para los ni\u00f1os a los que les encanta leer.<\/p>\n<p>No conf\u00ede simplemente en nuestra palabra; Aqu\u00ed est\u00e1n algunos de los comentarios de nuestros clientes:<\/p>\n<p>\u201cMe encantan mis cu\u00f1as de lectura; Me han ayudado a aliviar el dolor de espalda mientras leo en la cama\u201d.<\/p>\n<p>&quot;El dise\u00f1o de la almohada es excelente y los colores a\u00f1aden un toque de elegancia a mi habitaci\u00f3n&quot;.<\/p>\n<p>&quot;Las cu\u00f1as de lectura son multifuncionales y tambi\u00e9n las uso como respaldo cuando me siento en el sof\u00e1&quot;.<\/p>\n<p>&quot;La funda de almohada desmontable cambia las reglas del juego, ya que me facilita mantener mi almohada limpia&quot;.<\/p>\n<p>En conclusi\u00f3n, las cu\u00f1as de lectura son perfectas para los ratones de biblioteca que disfrutan leyendo en la cama. Son c\u00f3modos, firmes y multifuncionales, lo que los convierte en imprescindibles. Consigue el tuyo hoy y di adi\u00f3s a los dolores de espalda y las molestias mientras lees en la cama.<\/p>","protected":false},"excerpt":{"rendered":"<ul>\n<li><strong>Almohada ergon\u00f3mica:<\/strong>\u00a0Si a usted y a sus amigos les gusta leer en la cama pero tienen varias molestias debido a una postura incorrecta: dolores en la parte inferior y superior de la espalda, problemas en el cuello y los hombros, etc. Entonces use esta almohada ergon\u00f3mica para ayudarlo a leer con una postura ergon\u00f3mica. Esta almohada de lectura no solo es suave y c\u00f3moda, sino tambi\u00e9n lo suficientemente firme como para proporcionar amortiguaci\u00f3n y apoyo.<\/li>\n<li><strong>Materiales de alta calidad:<\/strong>\u00a0La funda de almohada de cu\u00f1a est\u00e1 hecha de tela de lona de alta calidad, que es fuerte y duradera, y tiene muy buena permeabilidad al aire; adopta tecnolog\u00eda de impresi\u00f3n y te\u00f1ido reactivo, que no se desvanecer\u00e1; el n\u00facleo interno est\u00e1 lleno de fibra de poli\u00e9ster de alta calidad y alta elasticidad, que puede mantener una forma estable sin colapsar.<\/li>\n<li><strong>Uso multifuncional:<\/strong>\u00a0Esta almohada de forma curva puede mantener ciertas partes del cuerpo elevadas. Por lo tanto, ayuda a aliviar ciertas condiciones m\u00e9dicas, como los ronquidos o el reflujo \u00e1cido. Adem\u00e1s, tambi\u00e9n puede ayudar a las mujeres embarazadas a evitar darse la vuelta y mantener una posici\u00f3n lateral para dormir o usarlo como almohada lumbar para reducir la presi\u00f3n lumbar. Adem\u00e1s de usar esta almohada de respaldo en la cama, tambi\u00e9n se puede usar en el sof\u00e1, en el piso del \u00e1rea de juegos para ni\u00f1os, muebles de jard\u00edn al aire libre.<\/li>\n<li><strong>Excelente dise\u00f1o de impresi\u00f3n:<\/strong>\u00a0Esta serie de cojines de posicionamiento est\u00e1 decorado con colores brillantes para agregar brillo a su dormitorio. Estilo pastoral &quot;m\u00fasica del bosque&quot;, estilo retro &quot;peri\u00f3dico viejo&quot;, estilo literario &quot;mariposa azul&quot;, estilo realista &quot;mapa de camello&quot;, seguramente encontrar\u00e1 el color que se adapte a su personalidad. Es una buena almohada de lectura para ni\u00f1os y ni\u00f1as o adultos. Este tambi\u00e9n es un gran regalo para los ni\u00f1os a los que les encanta leer y har\u00e1 que su habitaci\u00f3n luzca m\u00e1s fresca.<\/li>\n<li><strong>Funda de almohada desmontable:<\/strong>\u00a0La funda de la almohada, que tiene una cremallera de metal invisible, se puede quitar e instalar f\u00e1cilmente en la almohada; es f\u00e1cil de limpiar y apto para lavar a m\u00e1quina; el pr\u00e1ctico bolsillo lateral puede contener objetos peque\u00f1os como tel\u00e9fonos m\u00f3viles y anteojos en cualquier momento.<\/li>\n<li><strong>Tama\u00f1o:<\/strong>\u00a060x20x50cm.<\/li>\n<\/ul>","protected":false},"featured_media":1316,"comment_status":"open","ping_status":"closed","template":"","meta":[],"product_brand":[],"product_cat":[29],"product_tag":[60,81,78,79,59,83,84],"class_list":{"0":"post-1323","1":"product","2":"type-product","3":"status-publish","4":"has-post-thumbnail","6":"product_cat-large-reading-pillow","7":"product_tag-backrest-pillow","8":"product_tag-curved-shape-pillow","9":"product_tag-ergonomic-pillow","10":"product_tag-lumbar-pillow","11":"product_tag-reading-pillow","12":"product_tag-reading-wedges","13":"product_tag-sofa-pillow","15":"first","16":"instock","17":"featured","18":"shipping-taxable","19":"purchasable","20":"product-type-simple"},"_links":{"self":[{"href":"https:\/\/www.largepillow.com\/es\/wp-json\/wp\/v2\/product\/1323","targetHints":{"allow":["GET"]}}],"collection":[{"href":"https:\/\/www.largepillow.com\/es\/wp-json\/wp\/v2\/product"}],"about":[{"href":"https:\/\/www.largepillow.com\/es\/wp-json\/wp\/v2\/types\/product"}],"replies":[{"embeddable":true,"href":"https:\/\/www.largepillow.com\/es\/wp-json\/wp\/v2\/comments?post=1323"}],"wp:featuredmedia":[{"embeddable":true,"href":"https:\/\/www.largepillow.com\/es\/wp-json\/wp\/v2\/media\/1316"}],"wp:attachment":[{"href":"https:\/\/www.largepillow.com\/es\/wp-json\/wp\/v2\/media?parent=1323"}],"wp:term":[{"taxonomy":"product_brand","embeddable":true,"href":"https:\/\/www.largepillow.com\/es\/wp-json\/wp\/v2\/product_brand?post=1323"},{"taxonomy":"product_cat","embeddable":true,"href":"https:\/\/www.largepillow.com\/es\/wp-json\/wp\/v2\/product_cat?post=1323"},{"taxonomy":"product_tag","embeddable":true,"href":"https:\/\/www.largepillow.com\/es\/wp-json\/wp\/v2\/product_tag?post=1323"}],"curies":[{"name":"Gracias","href":"https:\/\/api.w.org\/{rel}","templated":true}]}}