{"id":1340,"date":"2022-09-19T06:06:05","date_gmt":"2022-09-19T06:06:05","guid":{"rendered":"https:\/\/www.largepillow.com\/product\/wedge-pillow-for-reading"},"modified":"2025-10-31T19:46:49","modified_gmt":"2025-10-31T19:46:49","slug":"cuna-almohada-para-lectura","status":"publish","type":"product","link":"https:\/\/www.largepillow.com\/es\/product\/wedge-pillow-for-reading","title":{"rendered":"Almohada de cu\u00f1a para leer"},"content":{"rendered":"<p>\u00bfBuscas una almohada c\u00f3moda y vers\u00e1til para mejorar tu experiencia de lectura? No busques m\u00e1s que la almohada de cu\u00f1a para leer.<\/p>\n<p>Esta almohada ergon\u00f3mica est\u00e1 dise\u00f1ada para brindarle una experiencia de lectura c\u00f3moda y de apoyo. Fabricada con materiales de alta calidad, incluida una funda de tela de lona duradera y un relleno de fibra de poli\u00e9ster de alta elasticidad, esta almohada es lo suficientemente suave y firme para brindar amortiguaci\u00f3n y soporte.<\/p>\n<p>No solo es excelente para leer, sino que esta almohada de forma curva tambi\u00e9n puede elevar ciertas partes del cuerpo para aliviar afecciones m\u00e9dicas como los ronquidos o el reflujo \u00e1cido. Las mujeres embarazadas tambi\u00e9n pueden beneficiarse de su uso manteniendo una posici\u00f3n para dormir de lado o us\u00e1ndola como almohada lumbar para reducir la presi\u00f3n lumbar.<\/p>\n<p>Con sus excelentes dise\u00f1os de estampado, esta almohada posicionadora seguramente agregar\u00e1 un toque de color y estilo a su dormitorio. Elija entre el estilo pastoral \u201cm\u00fasica del bosque\u201d, el estilo retro \u201cperi\u00f3dico viejo\u201d, el estilo literario \u201cmariposa azul\u201d o el estilo realista \u201cmapa de camellos\u201d, por nombrar algunos. Esta almohada es perfecta para ni\u00f1os y ni\u00f1as, as\u00ed como para adultos, y es un gran regalo para los ni\u00f1os a los que les encanta leer.<\/p>\n<p>La funda de almohada extra\u00edble cuenta con una cremallera met\u00e1lica invisible para facilitar su extracci\u00f3n y limpieza. Tambi\u00e9n se puede lavar a m\u00e1quina e incluye un pr\u00e1ctico bolsillo lateral para guardar objetos peque\u00f1os como m\u00f3viles y gafas.<\/p>\n<p>No conf\u00ede s\u00f3lo en nuestra palabra, aqu\u00ed hay algunos comentarios de clientes satisfechos:<\/p>\n<p>\u201cSiempre me ha costado encontrar una posici\u00f3n c\u00f3moda mientras le\u00eda en la cama, pero esta almohada de cu\u00f1a ha cambiado las reglas del juego. Es muy c\u00f3modo y brinda gran apoyo, y el bolsillo lateral es un buen toque\u201d.<\/p>\n<p>\u201cSufro de reflujo \u00e1cido y esta almohada me ha salvado la vida. Es mucho m\u00e1s c\u00f3modo que apilar almohadas normales y el dise\u00f1o tambi\u00e9n es muy lindo\u201d.<\/p>\n<p>En general, la almohada de cu\u00f1a para leer es imprescindible para cualquiera que disfrute leyendo en la cama o necesite apoyo adicional mientras duerme. Con sus materiales de alta calidad, su dise\u00f1o vers\u00e1til y sus elegantes estampados, esta compra no le decepcionar\u00e1.<\/p>","protected":false},"excerpt":{"rendered":"<ul>\n<li><strong>Almohada ergon\u00f3mica:<\/strong>\u00a0Si a usted y a sus amigos les gusta leer en la cama pero tienen varias molestias debido a una postura incorrecta: dolores en la parte inferior y superior de la espalda, problemas en el cuello y los hombros, etc. Entonces use esta almohada ergon\u00f3mica para ayudarlo a leer con una postura ergon\u00f3mica. Esta almohada de lectura no solo es suave y c\u00f3moda, sino tambi\u00e9n lo suficientemente firme como para proporcionar amortiguaci\u00f3n y apoyo.<\/li>\n<li><strong>Materiales de alta calidad:<\/strong>\u00a0La funda de almohada de cu\u00f1a est\u00e1 hecha de tela de lona de alta calidad, que es fuerte y duradera, y tiene muy buena permeabilidad al aire; adopta tecnolog\u00eda de impresi\u00f3n y te\u00f1ido reactivo, que no se desvanecer\u00e1; el n\u00facleo interno est\u00e1 lleno de fibra de poli\u00e9ster de alta calidad y alta elasticidad, que puede mantener una forma estable sin colapsar.<\/li>\n<li><strong>Uso multifuncional:<\/strong>\u00a0Esta almohada de forma curva puede mantener ciertas partes del cuerpo elevadas. Por lo tanto, ayuda a aliviar ciertas condiciones m\u00e9dicas, como los ronquidos o el reflujo \u00e1cido. Adem\u00e1s, tambi\u00e9n puede ayudar a las mujeres embarazadas a evitar darse la vuelta y mantener una posici\u00f3n lateral para dormir o usarlo como almohada lumbar para reducir la presi\u00f3n lumbar. Adem\u00e1s de usar esta almohada de respaldo en la cama, tambi\u00e9n se puede usar en el sof\u00e1, en el piso del \u00e1rea de juegos para ni\u00f1os, muebles de jard\u00edn al aire libre.<\/li>\n<li><strong>Excelente dise\u00f1o de impresi\u00f3n:<\/strong>\u00a0Esta serie de cojines de posicionamiento est\u00e1 decorado con colores brillantes para agregar brillo a su dormitorio. Estilo pastoral &quot;m\u00fasica del bosque&quot;, estilo retro &quot;peri\u00f3dico viejo&quot;, estilo literario &quot;mariposa azul&quot;, estilo realista &quot;mapa de camello&quot;, seguramente encontrar\u00e1 el color que se adapte a su personalidad. Es una buena almohada de lectura para ni\u00f1os y ni\u00f1as o adultos. Este tambi\u00e9n es un gran regalo para los ni\u00f1os a los que les encanta leer y har\u00e1 que su habitaci\u00f3n luzca m\u00e1s fresca.<\/li>\n<li><strong>Funda de almohada desmontable:<\/strong>\u00a0La funda de la almohada, que tiene una cremallera de metal invisible, se puede quitar e instalar f\u00e1cilmente en la almohada; es f\u00e1cil de limpiar y apto para lavar a m\u00e1quina; el pr\u00e1ctico bolsillo lateral puede contener objetos peque\u00f1os como tel\u00e9fonos m\u00f3viles y anteojos en cualquier momento.<\/li>\n<li><strong>Tama\u00f1o:<\/strong>\u00a060x20x50cm.<\/li>\n<\/ul>","protected":false},"featured_media":1332,"comment_status":"open","ping_status":"closed","template":"","meta":[],"product_brand":[],"product_cat":[29],"product_tag":[60,81,78,79,80,59,65],"class_list":{"0":"post-1340","1":"product","2":"type-product","3":"status-publish","4":"has-post-thumbnail","6":"product_cat-large-reading-pillow","7":"product_tag-backrest-pillow","8":"product_tag-curved-shape-pillow","9":"product_tag-ergonomic-pillow","10":"product_tag-lumbar-pillow","11":"product_tag-positioning-pillow","12":"product_tag-reading-pillow","13":"product_tag-wedge-pillow","15":"first","16":"instock","17":"featured","18":"shipping-taxable","19":"purchasable","20":"product-type-simple"},"_links":{"self":[{"href":"https:\/\/www.largepillow.com\/es\/wp-json\/wp\/v2\/product\/1340","targetHints":{"allow":["GET"]}}],"collection":[{"href":"https:\/\/www.largepillow.com\/es\/wp-json\/wp\/v2\/product"}],"about":[{"href":"https:\/\/www.largepillow.com\/es\/wp-json\/wp\/v2\/types\/product"}],"replies":[{"embeddable":true,"href":"https:\/\/www.largepillow.com\/es\/wp-json\/wp\/v2\/comments?post=1340"}],"wp:featuredmedia":[{"embeddable":true,"href":"https:\/\/www.largepillow.com\/es\/wp-json\/wp\/v2\/media\/1332"}],"wp:attachment":[{"href":"https:\/\/www.largepillow.com\/es\/wp-json\/wp\/v2\/media?parent=1340"}],"wp:term":[{"taxonomy":"product_brand","embeddable":true,"href":"https:\/\/www.largepillow.com\/es\/wp-json\/wp\/v2\/product_brand?post=1340"},{"taxonomy":"product_cat","embeddable":true,"href":"https:\/\/www.largepillow.com\/es\/wp-json\/wp\/v2\/product_cat?post=1340"},{"taxonomy":"product_tag","embeddable":true,"href":"https:\/\/www.largepillow.com\/es\/wp-json\/wp\/v2\/product_tag?post=1340"}],"curies":[{"name":"Gracias","href":"https:\/\/api.w.org\/{rel}","templated":true}]}}