{"id":1441,"date":"2022-09-20T02:49:25","date_gmt":"2022-09-20T02:49:25","guid":{"rendered":"https:\/\/www.largepillow.com\/product\/huge-rock-pillows-living-stones-pillows-living-pillows-pebble-pillows-pre-filled-christmas-present-max-size-light-gray-9003"},"modified":"2024-10-03T16:31:34","modified_gmt":"2024-10-03T16:31:34","slug":"almohadas-livingstones","status":"publish","type":"product","link":"https:\/\/www.largepillow.com\/es\/product\/livingstones-pillows","title":{"rendered":"Almohadas Livingstone"},"content":{"rendered":"[zc_getpagecontent mb=&#8221;mb_aplus&#8221; apid=&#8221;21&#8243;]\n","protected":false},"excerpt":{"rendered":"<ul>\n<li><strong>Coj\u00edn exterior Verisimilar 3D:<\/strong> A primera vista, nunca pensar\u00e1s que es solo una almohada decorativa. A trav\u00e9s de un dise\u00f1o ingenioso, combinamos la almohada acogedora y la &quot;piedra&quot; a la perfecci\u00f3n. La forma de elipse y la curva delgada hacen que parezcan piedras reales. Mezclar y combinar colores oscuros y claros puede agregar cambios visuales ricos a su habitaci\u00f3n y hacerla divertida. Estas v\u00edvidas almohadas decorativas hacen de nuestro hogar un lugar interesante.<\/li>\n<li><strong>Cojines decorativos para diferentes ocasiones:<\/strong> Nuestras almohadas se pueden utilizar como decoraci\u00f3n para satisfacer sus diferentes necesidades en varias ocasiones. P\u00f3ngalo en el interior para darle a la habitaci\u00f3n un sabor natural. P\u00f3ngalo afuera en el jard\u00edn, patio, piscina, etc. Puede volver a la verdadera integraci\u00f3n perfecta y sentirse c\u00f3modo; Utilizado para decorar la habitaci\u00f3n de los ni\u00f1os, puede crear un parque de juegos.<\/li>\n<li><strong>Cojines creativos multiusos:<\/strong> Nuestros cojines de peluche no solo se pueden usar como cojines decorativos en cualquier rinc\u00f3n del interior \/ cojines de exterior para uso en exteriores, sino que tambi\u00e9n se pueden usar como juguetes para ni\u00f1os, para que los ni\u00f1os puedan jugar como cojines de peluche a su antojo y sus sentimientos en el juego. Los cojines de sof\u00e1 grandes tambi\u00e9n se pueden utilizar como asientos creativos y los cojines de sof\u00e1 peque\u00f1os. Las almohadas decorativas con diferentes formas tambi\u00e9n son una buena opci\u00f3n para accesorios fotogr\u00e1ficos.<\/li>\n<li><strong>Almohada de piedra de simulaci\u00f3n de alta calidad:<\/strong> Terciopelo corto s\u00faper suave seleccionado, suave y c\u00f3modo. Las almohadas decorativas con relleno (relleno de poli\u00e9ster), que es esponjoso y suave y tiene buena elasticidad. El dise\u00f1o de cremallera invisible tambi\u00e9n hace que la funda de almohada sea f\u00e1cil de desmontar. Con la tecnolog\u00eda reactiva de impresi\u00f3n y te\u00f1ido, desde la selecci\u00f3n del material hasta la fijaci\u00f3n del color, el desencolado y la conformaci\u00f3n del producto terminado, cada paso se implementa estrictamente.<\/li>\n<li><strong>Paquete y tama\u00f1o:<\/strong> cada paquete contiene 1 juego de 6 tama\u00f1os diferentes de almohadas para exteriores, que est\u00e1n dise\u00f1adas en formas ovaladas irregulares para parecerse m\u00e1s a las piedras. Los tama\u00f1os son: 100\u00d750 \/ 50\u00d735 \/ 50\u00d725 \/ 35\u00d723 \/ 30\u00d715 \/ 18x10cm.<\/li>\n<\/ul>","protected":false},"featured_media":1430,"comment_status":"open","ping_status":"closed","template":"","meta":[],"product_brand":[],"product_cat":[30],"product_tag":[58,57,53,56,52,54,51,55,50],"class_list":{"0":"post-1441","1":"product","2":"type-product","3":"status-publish","4":"has-post-thumbnail","6":"product_cat-large-rock-pillow","7":"product_tag-floor-cushion","8":"product_tag-floor-pillow","9":"product_tag-livingstones","10":"product_tag-pebble-cushion","11":"product_tag-pebble-pillow","12":"product_tag-rock-cushion","13":"product_tag-rock-pillow","14":"product_tag-stone-cushion","15":"product_tag-stone-pillow","17":"first","18":"instock","19":"featured","20":"shipping-taxable","21":"purchasable","22":"product-type-variable","23":"has-default-attributes"},"_links":{"self":[{"href":"https:\/\/www.largepillow.com\/es\/wp-json\/wp\/v2\/product\/1441","targetHints":{"allow":["GET"]}}],"collection":[{"href":"https:\/\/www.largepillow.com\/es\/wp-json\/wp\/v2\/product"}],"about":[{"href":"https:\/\/www.largepillow.com\/es\/wp-json\/wp\/v2\/types\/product"}],"replies":[{"embeddable":true,"href":"https:\/\/www.largepillow.com\/es\/wp-json\/wp\/v2\/comments?post=1441"}],"wp:featuredmedia":[{"embeddable":true,"href":"https:\/\/www.largepillow.com\/es\/wp-json\/wp\/v2\/media\/1430"}],"wp:attachment":[{"href":"https:\/\/www.largepillow.com\/es\/wp-json\/wp\/v2\/media?parent=1441"}],"wp:term":[{"taxonomy":"product_brand","embeddable":true,"href":"https:\/\/www.largepillow.com\/es\/wp-json\/wp\/v2\/product_brand?post=1441"},{"taxonomy":"product_cat","embeddable":true,"href":"https:\/\/www.largepillow.com\/es\/wp-json\/wp\/v2\/product_cat?post=1441"},{"taxonomy":"product_tag","embeddable":true,"href":"https:\/\/www.largepillow.com\/es\/wp-json\/wp\/v2\/product_tag?post=1441"}],"curies":[{"name":"Gracias","href":"https:\/\/api.w.org\/{rel}","templated":true}]}}