{"id":15464,"date":"2025-11-08T15:02:43","date_gmt":"2025-11-08T15:02:43","guid":{"rendered":"https:\/\/www.largepillow.com\/product\/ergonomic-adjustable-floor-recliner-gaming-and-reading-lounge-chair"},"modified":"2025-12-16T10:33:38","modified_gmt":"2025-12-16T10:33:38","slug":"sillon-reclinable-ergonomico-ajustable-para-el-suelo-ideal-para-jugar-y-leer","status":"publish","type":"product","link":"https:\/\/www.largepillow.com\/es\/product\/ergonomic-adjustable-floor-recliner-gaming-and-reading-lounge-chair","title":{"rendered":"Sill\u00f3n reclinable ergon\u00f3mico ajustable para suelo, para juegos y lectura"},"content":{"rendered":"[zc_getpagecontent mb=&#8221;mb_aplus&#8221; apid=&#8221;154&#8243;]\n","protected":false},"excerpt":{"rendered":"<ul>\n<li>Comodidad ajustable en 5 posiciones: Disfruta de una comodidad personalizada con la silla de suelo ajustable, dise\u00f1ada con 5 \u00e1ngulos de reclinaci\u00f3n, desde la posici\u00f3n vertical hasta la totalmente horizontal. Ya sea para jugar, leer o echar una siesta, encontrar\u00e1s f\u00e1cilmente la posici\u00f3n perfecta para apoyar tu espalda y columna. Esta silla de suelo ajustable garantiza una relajaci\u00f3n ergon\u00f3mica, ofreciendo la configuraci\u00f3n ideal para sesiones de juego, meditaci\u00f3n o momentos de descanso.<\/li>\n<li>Sill\u00f3n Premium con Coj\u00edn Capuchado: Sum\u00e9rgete en la m\u00e1xima comodidad con nuestro acogedor sill\u00f3n de lectura, confeccionado con un coj\u00edn capiton\u00e9 y relleno de algod\u00f3n de alta fibra de poli\u00e9ster que proporciona una suavidad mullida y una resistencia duradera. El coj\u00edn conserva su forma incluso despu\u00e9s de un uso prolongado, ofreciendo un excelente soporte para la espalda y las caderas. Disfruta del equilibrio perfecto entre suavidad y firmeza mientras te relajas en este c\u00f3modo sill\u00f3n de suelo.<\/li>\n<li>Estructura de acero resistente y protecci\u00f3n antideslizante: Fabricada con una estructura de acero duradera, esta silla de suelo ofrece una estabilidad excepcional y una larga vida \u00fatil. La base cuenta con tejido antideslizante y almohadillas protectoras suaves que evitan rayar el suelo y mantienen la silla firmemente en su lugar durante su uso. Su robusta estructura interna garantiza seguridad y soporte, convirti\u00e9ndola en una opci\u00f3n fiable tanto para adultos como para adolescentes.<\/li>\n<li>Silla multifuncional: Dise\u00f1ada a la perfecci\u00f3n para espacios modernos, esta silla de suelo se adapta a tu estilo de vida. \u00dasala como silla para videojuegos, silla de lectura o tumbona para meditar, trabajar o ver pel\u00edculas. Su dise\u00f1o minimalista combina con cualquier decoraci\u00f3n, ideal para salas de estar, dormitorios, residencias estudiantiles o apartamentos. Disfruta de una comodidad multifuncional dondequiera que te sientes.<\/li>\n<li>Sill\u00f3n reclinable sin montaje: \u00a1Listo para usar nada m\u00e1s sacarlo de la caja! Esta silla de suelo ajustable no requiere montaje; simplemente despli\u00e9gala y rel\u00e1jate. Cuando no la uses, pli\u00e9gala para guardarla f\u00e1cilmente debajo de la cama o en una esquina. Dimensiones desplegada: 150 cm (largo) x 76 cm (ancho); dimensiones plegada: 81 cm (largo) x 76 cm (ancho) x 69 cm (alto). Dise\u00f1ada para la comodidad diaria, esta silla de suelo para videojuegos combina confort, funcionalidad y f\u00e1cil portabilidad.<\/li>\n<\/ul>","protected":false},"featured_media":15455,"comment_status":"open","ping_status":"closed","template":"","meta":[],"product_brand":[],"product_cat":[228],"product_tag":[],"class_list":{"0":"post-15464","1":"product","2":"type-product","3":"status-publish","4":"has-post-thumbnail","6":"product_cat-cushions","8":"first","9":"outofstock","10":"sold-individually","11":"shipping-taxable","12":"purchasable","13":"product-type-simple"},"_links":{"self":[{"href":"https:\/\/www.largepillow.com\/es\/wp-json\/wp\/v2\/product\/15464","targetHints":{"allow":["GET"]}}],"collection":[{"href":"https:\/\/www.largepillow.com\/es\/wp-json\/wp\/v2\/product"}],"about":[{"href":"https:\/\/www.largepillow.com\/es\/wp-json\/wp\/v2\/types\/product"}],"replies":[{"embeddable":true,"href":"https:\/\/www.largepillow.com\/es\/wp-json\/wp\/v2\/comments?post=15464"}],"wp:featuredmedia":[{"embeddable":true,"href":"https:\/\/www.largepillow.com\/es\/wp-json\/wp\/v2\/media\/15455"}],"wp:attachment":[{"href":"https:\/\/www.largepillow.com\/es\/wp-json\/wp\/v2\/media?parent=15464"}],"wp:term":[{"taxonomy":"product_brand","embeddable":true,"href":"https:\/\/www.largepillow.com\/es\/wp-json\/wp\/v2\/product_brand?post=15464"},{"taxonomy":"product_cat","embeddable":true,"href":"https:\/\/www.largepillow.com\/es\/wp-json\/wp\/v2\/product_cat?post=15464"},{"taxonomy":"product_tag","embeddable":true,"href":"https:\/\/www.largepillow.com\/es\/wp-json\/wp\/v2\/product_tag?post=15464"}],"curies":[{"name":"Gracias","href":"https:\/\/api.w.org\/{rel}","templated":true}]}}