{"id":156,"date":"2022-09-15T06:26:18","date_gmt":"2022-09-15T06:26:18","guid":{"rendered":"https:\/\/www.largepillow.com\/product\/daybed-wedge-pillow"},"modified":"2025-11-05T02:15:25","modified_gmt":"2025-11-05T02:15:25","slug":"cama-bolster-almohada","status":"publish","type":"product","link":"https:\/\/www.largepillow.com\/es\/product\/bed-bolster-pillow","title":{"rendered":"Almohada de refuerzo de cama"},"content":{"rendered":"<p>Descubra la m\u00e1xima comodidad con la almohada Bed Bolster<\/p>\n<p>\u00bfEst\u00e1s cansado de luchar por ponerte c\u00f3modo en la cama mientras lees o miras televisi\u00f3n? Presentamos la revolucionaria almohada Bed Bolster, el coj\u00edn multifuncional 3 en 1 que lleva la relajaci\u00f3n a la hora de dormir a nuevas alturas. <\/p>\n<p>Fabricada con materiales de calidad superior, esta almohada triangular ofrece soporte lumbar ergon\u00f3mico que se adapta perfectamente a la espalda y la cintura. La funda de poli\u00e9ster transpirable y el coj\u00edn interior resistente brindan la cantidad justa de flexibilidad para horas de comodidad sin tensiones. <\/p>\n<p>A los clientes les encanta lo vers\u00e1til que es la almohada Bed Bolster:<\/p>\n<p>\u201cYo uso el m\u00edo en posici\u00f3n vertical como respaldo mientras estoy sentado en la cama. Es mucho mejor que luchar con almohadas planas que siguen desliz\u00e1ndose hacia abajo\u201d.<\/p>\n<p>\u201cEsta almohada de cu\u00f1a es incre\u00edble. Duermo de lado y colocarlo debajo de mis piernas ha funcionado de maravilla para mi dolor de espalda\u201d.  <\/p>\n<p>\u201cMe encanta usarlo como peque\u00f1o coj\u00edn del sof\u00e1. Tiene el tama\u00f1o perfecto para que mi hija y yo nos acurruquemos y leamos juntas\u201d.<\/p>\n<p>Con tama\u00f1os que van desde los 45 cm hasta los espaciosos 200 cm, la almohada Bed Bolster puede adaptarse a cualquier cosa, desde uso personal hasta dormir juntos con una pareja. Los pr\u00e1cticos bolsillos laterales le brindan un lugar para guardar libros, controles remotos, tel\u00e9fonos y m\u00e1s, mientras que la funda extra\u00edble con cremallera permite un f\u00e1cil lavado. <\/p>\n<p>Eleva tu relajaci\u00f3n con la \u00fanica almohada que lo hace todo. \u00a1Ll\u00e9vate a casa la almohada Bed Bolster y descubre la m\u00e1xima comodidad hoy!<\/p>","protected":false},"excerpt":{"rendered":"<ul>\n<li><strong>M\u00e1xima comodidad:<\/strong> Esta almohada de cabecera ofrece una excelente comodidad gracias a su dise\u00f1o de forma triangular. El coj\u00edn de soporte de la cama se adapta perfectamente a la espalda y la cintura, minimizando la presi\u00f3n lumbar\/de espalda. Esta almohada de lectura en forma de cu\u00f1a puede ayudarlo a mantenerse libre de tensiones en la cama o el sof\u00e1, lo cual es ideal para los noct\u00e1mbulos que trabajan, los ratones de biblioteca y miran televisi\u00f3n en la cama. Esta almohada de refuerzo extra grande es la \u00fanica almohada de cabecera de cu\u00f1a que puede acomodar a dos personas.<\/li>\n<li><strong>Almohada de refuerzo grande 3 en 1:<\/strong> Puede usar la almohada en posici\u00f3n vertical como almohada de respaldo para la cabecera para sentarse en la cama o colocarla sobre la cama para usarla como una almohada de cu\u00f1a grande cuando duerme boca arriba o de costado, o como almohada para las piernas para elevar las piernas. Si desea una almohada de cabecera grande que brinde apoyo tanto para usted como para su c\u00f3nyuge. Es una excelente alternativa.<\/li>\n<li><strong>Dise\u00f1o multifuncional:<\/strong> Algunas personas usan el coj\u00edn triangular grande como almohada para la cabecera, mientras que otras lo usan como almohada protectora, tambi\u00e9n puede ser una almohada reforzada para el respaldo de un sof\u00e1 o un sof\u00e1 cama. Es elegante y funcional, lo que lo convierte en una excelente adici\u00f3n a cualquier dormitorio.<\/li>\n<li><strong>Artesan\u00eda superior:<\/strong> La funda de almohada tiene un aspecto de pana y su composici\u00f3n es poli\u00e9ster 100%. nuestra almohada de cabecera es lo suficientemente transpirable y c\u00f3moda como para mantener su forma y no perderla con el tiempo. Un bolsillo lateral a cada lado le permite guardar su libro o su tel\u00e9fono.<\/li>\n<li><strong>F\u00e1cil de lavar:<\/strong> La funda de la almohada de lectura se fija a la almohada con botones y es f\u00e1cil de quitar con una simple cremallera. Esto hace que su limpieza sea sencilla. Simplemente retire la funda y lave r\u00e1pidamente a m\u00e1quina para que su almohada luzca como nueva.<\/li>\n<li><strong>Tama\u00f1o:<\/strong> 45 cm (largo 45 x ancho 20 x alto 50 | 0 botones), 60 cm (largo 60 x ancho 20 x alto 50 | 0 botones), 80 cm (largo 80 x ancho 20 x alto 50 | 2 botones), 100 cm (largo 100 x ancho 20 x alto 50 | 3 botones), 120 cm ( L120 x W20 x H50 | 4 botones), 140 cm (L140 x W20 x H50 | 4 botones), 160 cm (L160 x W20 x H50 | 5 botones), 180 cm (L180 x W20 x H50 | 6 botones), 200 cm (L200 x W20 x H50 | 7 botones).<\/li>\n<\/ul>","protected":false},"featured_media":137,"comment_status":"open","ping_status":"closed","template":"","meta":[],"product_brand":[],"product_cat":[15],"product_tag":[66,225,195,206,218,102,75,168,154,199,163,59],"class_list":{"0":"post-156","1":"product","2":"type-product","3":"status-publish","4":"has-post-thumbnail","6":"product_cat-large-wedge-pillow","7":"product_tag-back-support-pillow","8":"product_tag-bed-bolster-pillow","9":"product_tag-brown-pillow","10":"product_tag-bumper-pillow","11":"product_tag-corduroy-pillow","12":"product_tag-couch-pillow","13":"product_tag-daybed-pillow","14":"product_tag-headboard-pillow","15":"product_tag-large-body-pillow","16":"product_tag-large-wedge-pillow","17":"product_tag-leg-pillow","18":"product_tag-reading-pillow","20":"first","21":"instock","22":"featured","23":"shipping-taxable","24":"purchasable","25":"product-type-variable"},"_links":{"self":[{"href":"https:\/\/www.largepillow.com\/es\/wp-json\/wp\/v2\/product\/156","targetHints":{"allow":["GET"]}}],"collection":[{"href":"https:\/\/www.largepillow.com\/es\/wp-json\/wp\/v2\/product"}],"about":[{"href":"https:\/\/www.largepillow.com\/es\/wp-json\/wp\/v2\/types\/product"}],"replies":[{"embeddable":true,"href":"https:\/\/www.largepillow.com\/es\/wp-json\/wp\/v2\/comments?post=156"}],"wp:featuredmedia":[{"embeddable":true,"href":"https:\/\/www.largepillow.com\/es\/wp-json\/wp\/v2\/media\/137"}],"wp:attachment":[{"href":"https:\/\/www.largepillow.com\/es\/wp-json\/wp\/v2\/media?parent=156"}],"wp:term":[{"taxonomy":"product_brand","embeddable":true,"href":"https:\/\/www.largepillow.com\/es\/wp-json\/wp\/v2\/product_brand?post=156"},{"taxonomy":"product_cat","embeddable":true,"href":"https:\/\/www.largepillow.com\/es\/wp-json\/wp\/v2\/product_cat?post=156"},{"taxonomy":"product_tag","embeddable":true,"href":"https:\/\/www.largepillow.com\/es\/wp-json\/wp\/v2\/product_tag?post=156"}],"curies":[{"name":"Gracias","href":"https:\/\/api.w.org\/{rel}","templated":true}]}}