{"id":16467,"date":"2026-02-08T03:00:06","date_gmt":"2026-02-08T03:00:06","guid":{"rendered":"https:\/\/www.largepillow.com\/product\/contemporary-ottoman-cube-multi-purpose-footstool-and-seating-pouf-stone-texture"},"modified":"2026-02-11T02:58:28","modified_gmt":"2026-02-11T02:58:28","slug":"puf-otomano-cubico-contemporaneo-multiusos-con-textura-de-piedra-y-reposapies","status":"publish","type":"product","link":"https:\/\/www.largepillow.com\/es\/product\/contemporary-ottoman-cube-multi-purpose-footstool-and-seating-pouf-stone-texture","title":{"rendered":"Reposapi\u00e9s y puf multiusos otomano contempor\u00e1neo en forma de cubo (textura de piedra)"},"content":{"rendered":"<p>Transforma tu espacio con este vers\u00e1til y elegante puf c\u00fabico que funciona como reposapi\u00e9s y elemento decorativo. Con impresionantes dise\u00f1os que crean una est\u00e9tica lujosa y natural, este puf mide 55 x 55 x 40 cm (22 x 22 x 17 pulgadas), perfecto para cualquier ambiente. Su dise\u00f1o c\u00fabico presenta intrincados patrones ondulados en ricos tonos marrones y dorados, lo que hace que cada pieza sea \u00fanica. Fabricado con un acolchado de espuma de alta calidad, proporciona un soporte c\u00f3modo, ya sea como reposapi\u00e9s, asiento adicional o mesa auxiliar. Su dise\u00f1o moderno se adapta f\u00e1cilmente a diversos estilos de interior, desde el contempor\u00e1neo hasta el r\u00fastico. Su tama\u00f1o considerable lo convierte en una opci\u00f3n ideal tanto para uso pr\u00e1ctico como para destacar en la decoraci\u00f3n de tu hogar. Disponible en varios dise\u00f1os, con opciones de personalizaci\u00f3n para satisfacer tus necesidades est\u00e9ticas espec\u00edficas. Su altura vers\u00e1til y su robusta construcci\u00f3n garantizan que este puf pueda cumplir m\u00faltiples funciones, desde un pr\u00e1ctico reposapi\u00e9s hasta una mesa de centro improvisada o un asiento adicional para recibir invitados.<\/p>","protected":false},"excerpt":{"rendered":"<ul>\n<li>Dise\u00f1o vers\u00e1til: moderno puf c\u00fabico que funciona como reposapi\u00e9s, asiento adicional o pieza decorativa con un llamativo veteado de madera.<\/li>\n<li>Tama\u00f1o Premium: Mide 55 x 55 x 40 cm (22 x 22 x 17 pulgadas), perfecto para salas de estar, dormitorios o cualquier espacio que necesite funcionalidad con estilo.<\/li>\n<li>Opciones personalizadas: Disponibles en varios dise\u00f1os, con la opci\u00f3n de crear dise\u00f1os personalizados para que se adapten a sus necesidades \u00fanicas de dise\u00f1o de interiores.<\/li>\n<li>Soporte c\u00f3modo: Fabricado con acolchado de espuma de alta calidad para una comodidad y durabilidad \u00f3ptimas, manteniendo su forma.<\/li>\n<li>Pieza distintiva: Su estampado \u00fanico en tonos variados crea un toque llamativo en la decoraci\u00f3n de cualquier habitaci\u00f3n.<\/li>\n<\/ul>","protected":false},"featured_media":16460,"comment_status":"open","ping_status":"closed","template":"","meta":[],"product_brand":[],"product_cat":[228],"product_tag":[],"class_list":{"0":"post-16467","1":"product","2":"type-product","3":"status-publish","4":"has-post-thumbnail","6":"product_cat-cushions","8":"first","9":"instock","10":"shipping-taxable","11":"purchasable","12":"product-type-simple"},"_links":{"self":[{"href":"https:\/\/www.largepillow.com\/es\/wp-json\/wp\/v2\/product\/16467","targetHints":{"allow":["GET"]}}],"collection":[{"href":"https:\/\/www.largepillow.com\/es\/wp-json\/wp\/v2\/product"}],"about":[{"href":"https:\/\/www.largepillow.com\/es\/wp-json\/wp\/v2\/types\/product"}],"replies":[{"embeddable":true,"href":"https:\/\/www.largepillow.com\/es\/wp-json\/wp\/v2\/comments?post=16467"}],"wp:featuredmedia":[{"embeddable":true,"href":"https:\/\/www.largepillow.com\/es\/wp-json\/wp\/v2\/media\/16460"}],"wp:attachment":[{"href":"https:\/\/www.largepillow.com\/es\/wp-json\/wp\/v2\/media?parent=16467"}],"wp:term":[{"taxonomy":"product_brand","embeddable":true,"href":"https:\/\/www.largepillow.com\/es\/wp-json\/wp\/v2\/product_brand?post=16467"},{"taxonomy":"product_cat","embeddable":true,"href":"https:\/\/www.largepillow.com\/es\/wp-json\/wp\/v2\/product_cat?post=16467"},{"taxonomy":"product_tag","embeddable":true,"href":"https:\/\/www.largepillow.com\/es\/wp-json\/wp\/v2\/product_tag?post=16467"}],"curies":[{"name":"Gracias","href":"https:\/\/api.w.org\/{rel}","templated":true}]}}