{"id":16552,"date":"2026-02-08T07:50:38","date_gmt":"2026-02-08T07:50:38","guid":{"rendered":"https:\/\/www.largepillow.com\/product\/convertible-modular-floor-sofa-floor-pillow-couch-lounge-chair-for-home"},"modified":"2026-02-11T02:58:33","modified_gmt":"2026-02-11T02:58:33","slug":"sofa-modular-convertible-de-suelo-cojin-de-suelo-sillon-reclinable-para-el-hogar","status":"publish","type":"product","link":"https:\/\/www.largepillow.com\/es\/product\/convertible-modular-floor-sofa-floor-pillow-couch-lounge-chair-for-home","title":{"rendered":"Sof\u00e1 modular convertible, sof\u00e1 con cojines, sill\u00f3n para el hogar"},"content":{"rendered":"[zc_getpagecontent mb=&#8221;mb_aplus&#8221; apid=&#8221;156&#8243;]\n","protected":false},"excerpt":{"rendered":"<ul>\n<li>Dise\u00f1o modular y que ahorra espacio: Este sof\u00e1 de suelo de 4 piezas incluye 2 cojines de asiento extragrandes y 2 respaldos, \u00a1sin necesidad de armaz\u00f3n! Comb\u00ednalos libremente para formar un sof\u00e1 de suelo contra la pared, \u00fasalos como cojines grandes o reorgan\u00edzalos para crear un sill\u00f3n, un sof\u00e1 seccional o una zona de estar informal que se adapte a tu espacio. Perfecto para apartamentos peque\u00f1os, residencias estudiantiles o rincones acogedores, ahorra espacio a la vez que ofrece la m\u00e1xima comodidad.<\/li>\n<li>Inspirado en el pan tostado, dise\u00f1ado para la comodidad: Inspirado en la suave textura dorada del pan tostado reci\u00e9n horneado, este sof\u00e1 de suelo presenta un c\u00e1lido color beige dorado y un relleno ultrasuave. En cuanto te sientes, sentir\u00e1s que te hundes en una nube de relajaci\u00f3n, ideal para crear un ambiente tranquilo y acogedor en cualquier habitaci\u00f3n.<\/li>\n<li>Colores reversibles y tejido de primera calidad: Las fundas reversibles de dos tonos (naranja y beige) est\u00e1n confeccionadas en suave terciopelo holand\u00e9s, lo que proporciona dos estilos elegantes y un toque acogedor que combina con la decoraci\u00f3n de su hogar.<\/li>\n<li>Comodidad suave y envolvente: Cada coj\u00edn est\u00e1 generosamente relleno de algod\u00f3n PP esponjoso, ofreciendo un acolchado grueso y firme con una excelente capacidad de recuperaci\u00f3n. Ya sea para leer, jugar, echar una siesta o simplemente relajarse, este sof\u00e1 de suelo proporciona la m\u00e1xima comodidad a nivel del suelo.<\/li>\n<li>Flexible y port\u00e1til: Su dise\u00f1o ligero con asas ocultas facilita su traslado y reconfiguraci\u00f3n. Los cojines modulares inspiran creatividad y flexibilidad en tu espacio vital.<\/li>\n<li>F\u00e1cil cuidado y montaje: Incluye fundas extra\u00edbles y lavables para una limpieza sencilla. El conjunto se env\u00eda envasado al vac\u00edo en dos paquetes separados; espere de 24 a 72 horas despu\u00e9s de desempaquetarlo para que se expanda por completo y disfrute de su m\u00e1xima suavidad.<\/li>\n<\/ul>","protected":false},"featured_media":16535,"comment_status":"open","ping_status":"closed","template":"","meta":[],"product_brand":[],"product_cat":[228],"product_tag":[],"class_list":{"0":"post-16552","1":"product","2":"type-product","3":"status-publish","4":"has-post-thumbnail","6":"product_cat-cushions","8":"first","9":"outofstock","10":"sold-individually","11":"shipping-taxable","12":"purchasable","13":"product-type-simple"},"_links":{"self":[{"href":"https:\/\/www.largepillow.com\/es\/wp-json\/wp\/v2\/product\/16552","targetHints":{"allow":["GET"]}}],"collection":[{"href":"https:\/\/www.largepillow.com\/es\/wp-json\/wp\/v2\/product"}],"about":[{"href":"https:\/\/www.largepillow.com\/es\/wp-json\/wp\/v2\/types\/product"}],"replies":[{"embeddable":true,"href":"https:\/\/www.largepillow.com\/es\/wp-json\/wp\/v2\/comments?post=16552"}],"wp:featuredmedia":[{"embeddable":true,"href":"https:\/\/www.largepillow.com\/es\/wp-json\/wp\/v2\/media\/16535"}],"wp:attachment":[{"href":"https:\/\/www.largepillow.com\/es\/wp-json\/wp\/v2\/media?parent=16552"}],"wp:term":[{"taxonomy":"product_brand","embeddable":true,"href":"https:\/\/www.largepillow.com\/es\/wp-json\/wp\/v2\/product_brand?post=16552"},{"taxonomy":"product_cat","embeddable":true,"href":"https:\/\/www.largepillow.com\/es\/wp-json\/wp\/v2\/product_cat?post=16552"},{"taxonomy":"product_tag","embeddable":true,"href":"https:\/\/www.largepillow.com\/es\/wp-json\/wp\/v2\/product_tag?post=16552"}],"curies":[{"name":"Gracias","href":"https:\/\/api.w.org\/{rel}","templated":true}]}}