{"id":16948,"date":"2026-03-01T01:52:59","date_gmt":"2026-03-01T01:52:59","guid":{"rendered":"https:\/\/www.largepillow.com\/product\/neo-livingstones-large-pebble-cushions-pebble-pillows-rock-pillows-set"},"modified":"2026-03-02T20:26:16","modified_gmt":"2026-03-02T20:26:16","slug":"conjunto-de-cojines-grandes-de-guijarros-neo-livingstones-almohadas-de-guijarros-y-almohadas-de-roca","status":"publish","type":"product","link":"https:\/\/www.largepillow.com\/es\/product\/neo-livingstones-large-pebble-cushions-pebble-pillows-rock-pillows-set","title":{"rendered":"Cojines de guijarros grandes Neo-LivingStones, juego de almohadas de guijarros y almohadas de roca"},"content":{"rendered":"[zc_getpagecontent mb=&#8221;mb_aplus&#8221; apid=&#8221;165&#8243;]\n","protected":false},"excerpt":{"rendered":"<ul>\n<li>Combina diferentes tama\u00f1os: Disponibles en seis tama\u00f1os distintos (de 20 cm a 95 cm de largo), los cojines Soft Stone se pueden apilar, dispersar o agrupar para crear tu propio espacio de descanso personalizado. Ideales como otomanas, asientos de suelo o cojines decorativos.<\/li>\n<li>Materiales de calidad: Fabricados con algod\u00f3n de polipropileno (PP) suave y firme, y tejido de poli\u00e9ster cepillado compuesto de primera calidad, estos cojines son perfectos para relajarse, sentarse, descansar o incluso para jugar con la imaginaci\u00f3n. Firmes y mullidos a la vez.<\/li>\n<li>F\u00e1cil mantenimiento y montaje: No requiere montaje y es ligero. Base antideslizante para mayor seguridad. Simplemente limpie las manchas con un pa\u00f1o h\u00famedo. Las cremalleras se pueden abrir con un clip cuando sea necesario; consulte la gu\u00eda fotogr\u00e1fica incluida.<\/li>\n<li>T\u00e9cnica de fabricaci\u00f3n especial: Empleamos t\u00e9cnicas avanzadas de costura de paneles en el dise\u00f1o exterior de nuestros productos, lo que garantiza una apariencia delicada y sofisticada.<\/li>\n<li>Se venden en 4 combinaciones: elige entre cuatro conjuntos seleccionados; consulta las im\u00e1genes del producto para ver el contenido exacto de cada conjunto; lo que ves es lo que obtienes.<\/li>\n<li>Lanzamiento de nuevo producto: garant\u00eda de precio de 90 d\u00edas. Si el precio baja en un plazo de 90 d\u00edas, le reembolsaremos la diferencia.<\/li>\n<li>Pol\u00edtica de devoluciones y cambios: Los compradores son responsables de los gastos de env\u00edo de la devoluci\u00f3n en caso de cualquier devoluci\u00f3n o cambio.<\/li>\n<\/ul>","protected":false},"featured_media":16930,"comment_status":"open","ping_status":"closed","template":"","meta":[],"product_brand":[],"product_cat":[30],"product_tag":[],"class_list":{"0":"post-16948","1":"product","2":"type-product","3":"status-publish","4":"has-post-thumbnail","6":"product_cat-large-rock-pillow","8":"first","9":"instock","10":"sold-individually","11":"shipping-taxable","12":"purchasable","13":"product-type-variable","14":"has-default-attributes"},"_links":{"self":[{"href":"https:\/\/www.largepillow.com\/es\/wp-json\/wp\/v2\/product\/16948","targetHints":{"allow":["GET"]}}],"collection":[{"href":"https:\/\/www.largepillow.com\/es\/wp-json\/wp\/v2\/product"}],"about":[{"href":"https:\/\/www.largepillow.com\/es\/wp-json\/wp\/v2\/types\/product"}],"replies":[{"embeddable":true,"href":"https:\/\/www.largepillow.com\/es\/wp-json\/wp\/v2\/comments?post=16948"}],"wp:featuredmedia":[{"embeddable":true,"href":"https:\/\/www.largepillow.com\/es\/wp-json\/wp\/v2\/media\/16930"}],"wp:attachment":[{"href":"https:\/\/www.largepillow.com\/es\/wp-json\/wp\/v2\/media?parent=16948"}],"wp:term":[{"taxonomy":"product_brand","embeddable":true,"href":"https:\/\/www.largepillow.com\/es\/wp-json\/wp\/v2\/product_brand?post=16948"},{"taxonomy":"product_cat","embeddable":true,"href":"https:\/\/www.largepillow.com\/es\/wp-json\/wp\/v2\/product_cat?post=16948"},{"taxonomy":"product_tag","embeddable":true,"href":"https:\/\/www.largepillow.com\/es\/wp-json\/wp\/v2\/product_tag?post=16948"}],"curies":[{"name":"Gracias","href":"https:\/\/api.w.org\/{rel}","templated":true}]}}