{"id":185,"date":"2022-09-15T06:35:24","date_gmt":"2022-09-15T06:35:24","guid":{"rendered":"https:\/\/www.largepillow.com\/product\/triangle-bolster-pillow"},"modified":"2025-11-05T02:15:26","modified_gmt":"2025-11-05T02:15:26","slug":"almohada-triangular","status":"publish","type":"product","link":"https:\/\/www.largepillow.com\/es\/product\/triangular-pillow","title":{"rendered":"Almohada Triangular"},"content":{"rendered":"<p>Descubra la m\u00e1xima comodidad con la vers\u00e1til almohada triangular<\/p>\n<p>Disfrute de una comodidad incomparable con la innovadora almohada triangular, dise\u00f1ada para mejorar su experiencia de relajaci\u00f3n y apoyo.<\/p>\n<p>Comodidad y soporte inigualables<\/p>\n<p>La forma triangular ergon\u00f3mica de esta almohada para cabecera se adapta perfectamente a su espalda y cintura, brindando un soporte excepcional y minimizando la presi\u00f3n lumbar. Ya sea que est\u00e9 recostado en la cama durante horas leyendo, trabajando o viendo televisi\u00f3n, esta almohada garantiza una posici\u00f3n relajada y sin tensiones.<\/p>\n<p>Dise\u00f1o multiusos 3 en 1<\/p>\n<p>Abrace la versatilidad de la almohada triangular. \u00daselo en posici\u00f3n vertical como cabecera de apoyo, col\u00f3quelo plano para dormir mejor como almohada de cu\u00f1a o eleve las piernas para mejorar la circulaci\u00f3n como almohada para las piernas. Es la soluci\u00f3n perfecta para parejas que buscan el m\u00e1ximo confort en la cama.<\/p>\n<p>Elegante y funcional<\/p>\n<p>El elegante aspecto de pana y la suave composici\u00f3n de poli\u00e9ster de la funda de almohada irradian elegancia a la vez que proporcionan transpirabilidad y comodidad. La almohada mantiene su forma sin esfuerzo, lo que garantiza comodidad y apoyo duraderos. Los bolsillos laterales a cada lado acomodan c\u00f3modamente su tel\u00e9fono o un libro.<\/p>\n<p>Facil mantenimiento<\/p>\n<p>Limpiar la almohada triangular es muy sencillo. Su funda extra\u00edble cuenta con una cremallera para un lavado sin complicaciones. Simplemente ret\u00edrela y m\u00e9tala en la m\u00e1quina para una limpieza profunda que mantenga su almohada con un aspecto fresco y acogedor.<\/p>\n<p>Recomendaciones de clientes<\/p>\n<p>No conf\u00ede s\u00f3lo en nuestra palabra. Esto es lo que dicen los clientes satisfechos:<\/p>\n<p>\u201c\u00a1Esta almohada es incre\u00edble! Lo uso como almohada en la cabecera y es muy suave y brinda apoyo. Me encanta el color pana y es el complemento perfecto para mi dormitorio\u201d.<br \/>\n\u201cDuermo de lado y esta almohada me ha salvado la vida. Mantiene mi cabeza y cuello alineados y he notado una gran diferencia en la calidad de mi sue\u00f1o\u201d.<br \/>\n\u201cMe encanta la versatilidad de esta almohada. Lo uso como almohada de cabecera durante el d\u00eda y luego lo aplano para usarlo como almohada de cu\u00f1a para dormir. Es muy c\u00f3modo y conveniente\u201d.<\/p>\n<p>Eleve su comodidad y relajaci\u00f3n hoy con la Almohada Triangular. Su versatilidad incomparable, su artesan\u00eda superior y su calidad aprobada por el cliente lo convierten en un complemento esencial para cualquier dormitorio.<\/p>","protected":false},"excerpt":{"rendered":"<ul>\n<li><strong>M\u00e1xima comodidad:<\/strong> Esta almohada de cabecera ofrece una excelente comodidad gracias a su dise\u00f1o de forma triangular. El coj\u00edn de soporte de la cama se adapta perfectamente a la espalda y la cintura, minimizando la presi\u00f3n lumbar\/de espalda. Esta almohada de lectura en forma de cu\u00f1a puede ayudarlo a mantenerse libre de tensiones en la cama o el sof\u00e1, lo cual es ideal para los noct\u00e1mbulos que trabajan, los ratones de biblioteca y miran televisi\u00f3n en la cama. Esta almohada de refuerzo extra grande es la \u00fanica almohada de cabecera de cu\u00f1a que puede acomodar a dos personas.<\/li>\n<li><strong>Almohada de refuerzo grande 3 en 1:<\/strong> Puede usar la almohada en posici\u00f3n vertical como almohada de respaldo para la cabecera para sentarse en la cama o colocarla sobre la cama para usarla como una almohada de cu\u00f1a grande cuando duerme boca arriba o de costado, o como almohada para las piernas para elevar las piernas. Si desea una almohada de cabecera grande que brinde apoyo tanto para usted como para su c\u00f3nyuge. Es una excelente alternativa.<\/li>\n<li><strong>Dise\u00f1o multifuncional:<\/strong> Algunas personas usan el coj\u00edn triangular grande como almohada para la cabecera, mientras que otras lo usan como almohada protectora, tambi\u00e9n puede ser una almohada reforzada para el respaldo de un sof\u00e1 o un sof\u00e1 cama. Es elegante y funcional, lo que lo convierte en una excelente adici\u00f3n a cualquier dormitorio.<\/li>\n<li><strong>Artesan\u00eda superior:<\/strong> La funda de almohada tiene un aspecto de pana y su composici\u00f3n es poli\u00e9ster 100%. nuestra almohada de cabecera es lo suficientemente transpirable y c\u00f3moda como para mantener su forma y no perderla con el tiempo. Un bolsillo lateral a cada lado le permite guardar su libro o su tel\u00e9fono.<\/li>\n<li><strong>F\u00e1cil de lavar:<\/strong> La funda de la almohada de lectura se fija a la almohada con botones y es f\u00e1cil de quitar con una simple cremallera. Esto hace que su limpieza sea sencilla. Simplemente retire la funda y lave r\u00e1pidamente a m\u00e1quina para que su almohada luzca como nueva.<\/li>\n<li><strong>Tama\u00f1o:<\/strong> 45 cm (largo 45 x ancho 20 x alto 50 | 0 botones), 60 cm (largo 60 x ancho 20 x alto 50 | 0 botones), 80 cm (largo 80 x ancho 20 x alto 50 | 2 botones), 100 cm (largo 100 x ancho 20 x alto 50 | 3 botones), 120 cm ( L120 x W20 x H50 | 4 botones), 140 cm (L140 x W20 x H50 | 4 botones), 160 cm (L160 x W20 x H50 | 5 botones), 180 cm (L180 x W20 x H50 | 6 botones), 200 cm (L200 x W20 x H50 | 7 botones).<\/li>\n<\/ul>","protected":false},"featured_media":166,"comment_status":"open","ping_status":"closed","template":"","meta":[],"product_brand":[],"product_cat":[15],"product_tag":[205,204,206,218,207,209,223,199,163,68],"class_list":{"0":"post-185","1":"product","2":"type-product","3":"status-publish","4":"has-post-thumbnail","6":"product_cat-large-wedge-pillow","7":"product_tag-back-support-headboard-pillow","8":"product_tag-bed-support-cushion","9":"product_tag-bumper-pillow","10":"product_tag-corduroy-pillow","11":"product_tag-daybed-backrest-bolster-pillow","12":"product_tag-extra-large-bolster-pillow","13":"product_tag-large-bolster","14":"product_tag-large-wedge-pillow","15":"product_tag-leg-pillow","16":"product_tag-wedge-reading-pillow","18":"first","19":"instock","20":"featured","21":"shipping-taxable","22":"purchasable","23":"product-type-variable"},"_links":{"self":[{"href":"https:\/\/www.largepillow.com\/es\/wp-json\/wp\/v2\/product\/185","targetHints":{"allow":["GET"]}}],"collection":[{"href":"https:\/\/www.largepillow.com\/es\/wp-json\/wp\/v2\/product"}],"about":[{"href":"https:\/\/www.largepillow.com\/es\/wp-json\/wp\/v2\/types\/product"}],"replies":[{"embeddable":true,"href":"https:\/\/www.largepillow.com\/es\/wp-json\/wp\/v2\/comments?post=185"}],"wp:featuredmedia":[{"embeddable":true,"href":"https:\/\/www.largepillow.com\/es\/wp-json\/wp\/v2\/media\/166"}],"wp:attachment":[{"href":"https:\/\/www.largepillow.com\/es\/wp-json\/wp\/v2\/media?parent=185"}],"wp:term":[{"taxonomy":"product_brand","embeddable":true,"href":"https:\/\/www.largepillow.com\/es\/wp-json\/wp\/v2\/product_brand?post=185"},{"taxonomy":"product_cat","embeddable":true,"href":"https:\/\/www.largepillow.com\/es\/wp-json\/wp\/v2\/product_cat?post=185"},{"taxonomy":"product_tag","embeddable":true,"href":"https:\/\/www.largepillow.com\/es\/wp-json\/wp\/v2\/product_tag?post=185"}],"curies":[{"name":"Gracias","href":"https:\/\/api.w.org\/{rel}","templated":true}]}}