{"id":290,"date":"2022-09-15T22:35:06","date_gmt":"2022-09-15T22:35:06","guid":{"rendered":"https:\/\/www.largepillow.com\/product\/daybed-bolster-pillow"},"modified":"2025-11-05T02:15:26","modified_gmt":"2025-11-05T02:15:26","slug":"almohada-de-cuna-triangular","status":"publish","type":"product","link":"https:\/\/www.largepillow.com\/es\/product\/triangular-wedge-pillow","title":{"rendered":"Almohada de cu\u00f1a triangular"},"content":{"rendered":"<p>Descubra la m\u00e1xima comodidad con la almohada de cu\u00f1a triangular<\/p>\n<p>\u00bfEst\u00e1s cansado de tensar la espalda y el cuello mientras lees o miras televisi\u00f3n en la cama? Presentamos la almohada de cu\u00f1a triangular: el coj\u00edn multifuncional que lleva la relajaci\u00f3n a la hora de dormir al siguiente nivel. <\/p>\n<p>Fabricada con materiales de calidad superior, esta almohada grande ofrece una excelente comodidad gracias a su dise\u00f1o triangular ergon\u00f3mico que alinea la espalda y la cintura. La funda de poli\u00e9ster transpirable y el relleno que mantiene la forma brindan un soporte suave pero firme, ya sea sentado o acostado.<\/p>\n<p>A los clientes les encanta usarlo de varias maneras:<\/p>\n<p>\u201cLo uso todas las noches como coj\u00edn del respaldo. \u00a1Mi dolor lumbar se ha reducido significativamente!<\/p>\n<p>\u201cEs lo suficientemente ancho para que mi esposa y yo nos apoyemos c\u00f3modamente. \u00a1No m\u00e1s tensiones en el cuello!  <\/p>\n<p>\u201cLo coloco debajo de mis piernas para ayudar con los problemas de circulaci\u00f3n. \u00a1Muy c\u00f3modo!&quot;<\/p>\n<p>Con nueve tama\u00f1os disponibles, seguramente encontrar\u00e1 uno que se adapte a sus necesidades. Disfrute de comodidad y apoyo personalizados para leer, trabajar, ver programas o simplemente descansar en la cama con esta almohada de cabecera tipo cu\u00f1a 3 en 1.  <\/p>\n<p>\u00a1Lleva la relajaci\u00f3n multifuncional a casa hoy!<\/p>","protected":false},"excerpt":{"rendered":"<ul>\n<li><strong>M\u00e1xima comodidad:<\/strong> Esta almohada de cabecera ofrece una excelente comodidad gracias a su dise\u00f1o de forma triangular. El coj\u00edn de soporte de la cama se adapta perfectamente a la espalda y la cintura, minimizando la presi\u00f3n lumbar\/de espalda. Esta almohada de lectura en forma de cu\u00f1a puede ayudarlo a mantenerse libre de tensiones en la cama o el sof\u00e1, lo cual es ideal para los noct\u00e1mbulos que trabajan, los ratones de biblioteca y miran televisi\u00f3n en la cama. Esta almohada de refuerzo extra grande es la \u00fanica almohada de cabecera de cu\u00f1a que puede acomodar a dos personas.<\/li>\n<li><strong>Almohada de refuerzo grande 3 en 1:<\/strong> Puede usar la almohada en posici\u00f3n vertical como almohada de respaldo para la cabecera para sentarse en la cama o colocarla sobre la cama para usarla como una almohada de cu\u00f1a grande cuando duerme boca arriba o de costado, o como almohada para las piernas para elevar las piernas. Si desea una almohada de cabecera grande que brinde apoyo tanto para usted como para su c\u00f3nyuge. Es una excelente alternativa.<\/li>\n<li><strong>Dise\u00f1o multifuncional:<\/strong> Algunas personas usan el coj\u00edn triangular grande como almohada para la cabecera, mientras que otras lo usan como almohada protectora, tambi\u00e9n puede ser una almohada reforzada para el respaldo de un sof\u00e1 o un sof\u00e1 cama. Es elegante y funcional, lo que lo convierte en una excelente adici\u00f3n a cualquier dormitorio.<\/li>\n<li><strong>Artesan\u00eda superior:<\/strong> La funda de almohada tiene un aspecto de pana y su composici\u00f3n es poli\u00e9ster 100%. nuestra almohada de cabecera es lo suficientemente transpirable y c\u00f3moda como para mantener su forma y no perderla con el tiempo. Un bolsillo lateral a cada lado le permite guardar su libro o su tel\u00e9fono.<\/li>\n<li><strong>F\u00e1cil de lavar:<\/strong> La funda de la almohada de lectura se fija a la almohada con botones y es f\u00e1cil de quitar con una simple cremallera. Esto hace que su limpieza sea sencilla. Simplemente retire la funda y lave r\u00e1pidamente a m\u00e1quina para que su almohada luzca como nueva.<\/li>\n<li><strong>Tama\u00f1o:<\/strong> 45 cm (largo 45 x ancho 20 x alto 50 | 0 botones), 60 cm (largo 60 x ancho 20 x alto 50 | 0 botones), 80 cm (largo 80 x ancho 20 x alto 50 | 2 botones), 100 cm (largo 100 x ancho 20 x alto 50 | 3 botones), 120 cm ( L120 x W20 x H50 | 4 botones), 140 cm (L140 x W20 x H50 | 4 botones), 160 cm (L160 x W20 x H50 | 5 botones), 180 cm (L180 x W20 x H50 | 6 botones), 200 cm (L200 x W20 x H50 | 7 botones).<\/li>\n<\/ul>","protected":false},"featured_media":271,"comment_status":"open","ping_status":"closed","template":"","meta":[],"product_brand":[],"product_cat":[15],"product_tag":[205,204,206,218,217,209,168,223,199,112,224,68],"class_list":{"0":"post-290","1":"product","2":"type-product","3":"status-publish","4":"has-post-thumbnail","6":"product_cat-large-wedge-pillow","7":"product_tag-back-support-headboard-pillow","8":"product_tag-bed-support-cushion","9":"product_tag-bumper-pillow","10":"product_tag-corduroy-pillow","11":"product_tag-daybed-backrest","12":"product_tag-extra-large-bolster-pillow","13":"product_tag-headboard-pillow","14":"product_tag-large-bolster","15":"product_tag-large-wedge-pillow","16":"product_tag-lumbar-support-pillow","17":"product_tag-red-pillow","18":"product_tag-wedge-reading-pillow","20":"first","21":"instock","22":"shipping-taxable","23":"purchasable","24":"product-type-variable"},"_links":{"self":[{"href":"https:\/\/www.largepillow.com\/es\/wp-json\/wp\/v2\/product\/290","targetHints":{"allow":["GET"]}}],"collection":[{"href":"https:\/\/www.largepillow.com\/es\/wp-json\/wp\/v2\/product"}],"about":[{"href":"https:\/\/www.largepillow.com\/es\/wp-json\/wp\/v2\/types\/product"}],"replies":[{"embeddable":true,"href":"https:\/\/www.largepillow.com\/es\/wp-json\/wp\/v2\/comments?post=290"}],"wp:featuredmedia":[{"embeddable":true,"href":"https:\/\/www.largepillow.com\/es\/wp-json\/wp\/v2\/media\/271"}],"wp:attachment":[{"href":"https:\/\/www.largepillow.com\/es\/wp-json\/wp\/v2\/media?parent=290"}],"wp:term":[{"taxonomy":"product_brand","embeddable":true,"href":"https:\/\/www.largepillow.com\/es\/wp-json\/wp\/v2\/product_brand?post=290"},{"taxonomy":"product_cat","embeddable":true,"href":"https:\/\/www.largepillow.com\/es\/wp-json\/wp\/v2\/product_cat?post=290"},{"taxonomy":"product_tag","embeddable":true,"href":"https:\/\/www.largepillow.com\/es\/wp-json\/wp\/v2\/product_tag?post=290"}],"curies":[{"name":"Gracias","href":"https:\/\/api.w.org\/{rel}","templated":true}]}}