{"id":3222,"date":"2024-07-22T04:17:50","date_gmt":"2024-07-22T04:17:50","guid":{"rendered":"https:\/\/www.largepillow.com\/product\/car-seat-booster-seat-for-dogs-pet-travel-bed"},"modified":"2026-03-12T10:57:57","modified_gmt":"2026-03-12T10:57:57","slug":"asiento-de-coche-asiento-elevador-para-perros-cama-de-viaje-para-mascotas","status":"publish","type":"product","link":"https:\/\/www.largepillow.com\/es\/product\/car-seat-booster-seat-for-dogs-pet-travel-bed","title":{"rendered":"Asiento elevador para perros, cama de viaje para mascotas"},"content":{"rendered":"[zc_getpagecontent mb=&#8221;mb_aplus&#8221; apid=&#8221;37&#8243;]\n","protected":false},"excerpt":{"rendered":"<ul>\n<li><strong>Materiales de alta calidad<\/strong>: Confeccionado en lino de algod\u00f3n de alta calidad, transpirable y c\u00f3modo, antimordeduras, duradero y f\u00e1cil de limpiar. Relleno de poli\u00e9ster de primera calidad, resistencia de alta calidad, que brindar\u00e1 un soporte firme con comodidad y suavidad. Mantiene su forma y firmeza para un uso prolongado.<\/li>\n<li><strong>Asiento de coche para perros multiusos<\/strong>: La hebilla ajustable del asiento de seguridad para perros tambi\u00e9n se puede usar como correa de mano, que es conveniente para llevar al aire libre, tambi\u00e9n se puede usar como cama para perros en casa; Tambi\u00e9n se puede utilizar en el sof\u00e1 para protegerlo de da\u00f1os causados por perros.<\/li>\n<li><strong>F\u00e1cil de instalar<\/strong>: El asiento de seguridad para perros de tama\u00f1o peque\u00f1o viene con una tira para el respaldo del asiento, simplemente fije la tira trasera al respaldo del asiento delantero y ajuste la longitud de las correas. El asiento de seguridad para perros de tama\u00f1o mediano se puede instalar colgando dos asas port\u00e1tiles ajustables en los asientos delanteros y traseros del autom\u00f3vil respectivamente, adecuadas para una variedad de tipos de autom\u00f3viles. La parte inferior antideslizante evita que el asiento elevador para mascotas se deslice en el autom\u00f3vil, proporcionando un ambiente m\u00e1s seguro para las mascotas.<\/li>\n<li><strong>Dimensiones del asiento<\/strong>: Peque\u00f1o: 52 cm (largo) x 52 cm (ancho) x 42 cm (alto), grande: 76 cm (largo) x 52 cm (ancho) x 39 cm (alto). El asiento de seguridad para perros de tama\u00f1o S es adecuado para el asiento delantero de los autom\u00f3viles. La silla de coche para perros tama\u00f1o L es adecuada para instalar en el asiento trasero de todo tipo de coches. El asiento de seguridad para perros est\u00e1 equipado con cinturones de seguridad para garantizar la seguridad de su mascota y no se preocupe si su mascota lo molesta mientras conduce.<\/li>\n<li><strong>F\u00e1cil de limpiar<\/strong>: Este asiento para el autom\u00f3vil para mascotas es completamente desmontable, hay cremalleras invisibles en las 4 esquinas, simplemente abra la cremallera y saque el algod\u00f3n PP, coloque la funda del asiento para el autom\u00f3vil para mascotas en la lavadora para limpiarla; Tambi\u00e9n puedes utilizar una aspiradora para limpiar las impurezas de la superficie o el pelo del asiento elevador para mascotas durante la limpieza diaria.<\/li>\n<li><strong>Consejos c\u00e1lidos<\/strong>: El asiento de seguridad para perros se empaqueta al vac\u00edo para su env\u00edo, por lo que se agrega m\u00e1s relleno para mantener la forma del asiento y garantizar su durabilidad y funcionalidad. Si cree que el relleno del asiento de seguridad para perros es demasiado para las mascotas, puede quitar un poco del relleno usted mismo para lograr el nivel deseado de comodidad para su mascota. Espere entre 24 y 48 horas para que vuelva a su grosor y forma originales despu\u00e9s de desembalarlo.<\/li>\n<\/ul>","protected":false},"featured_media":3569,"comment_status":"open","ping_status":"closed","template":"","meta":[],"product_brand":[],"product_cat":[227],"product_tag":[],"class_list":{"0":"post-3222","1":"product","2":"type-product","3":"status-publish","4":"has-post-thumbnail","6":"product_cat-pet-supplies","8":"first","9":"instock","10":"shipping-taxable","11":"purchasable","12":"product-type-variable","13":"has-default-attributes"},"_links":{"self":[{"href":"https:\/\/www.largepillow.com\/es\/wp-json\/wp\/v2\/product\/3222","targetHints":{"allow":["GET"]}}],"collection":[{"href":"https:\/\/www.largepillow.com\/es\/wp-json\/wp\/v2\/product"}],"about":[{"href":"https:\/\/www.largepillow.com\/es\/wp-json\/wp\/v2\/types\/product"}],"replies":[{"embeddable":true,"href":"https:\/\/www.largepillow.com\/es\/wp-json\/wp\/v2\/comments?post=3222"}],"wp:featuredmedia":[{"embeddable":true,"href":"https:\/\/www.largepillow.com\/es\/wp-json\/wp\/v2\/media\/3569"}],"wp:attachment":[{"href":"https:\/\/www.largepillow.com\/es\/wp-json\/wp\/v2\/media?parent=3222"}],"wp:term":[{"taxonomy":"product_brand","embeddable":true,"href":"https:\/\/www.largepillow.com\/es\/wp-json\/wp\/v2\/product_brand?post=3222"},{"taxonomy":"product_cat","embeddable":true,"href":"https:\/\/www.largepillow.com\/es\/wp-json\/wp\/v2\/product_cat?post=3222"},{"taxonomy":"product_tag","embeddable":true,"href":"https:\/\/www.largepillow.com\/es\/wp-json\/wp\/v2\/product_tag?post=3222"}],"curies":[{"name":"Gracias","href":"https:\/\/api.w.org\/{rel}","templated":true}]}}