{"id":3233,"date":"2024-07-22T08:58:05","date_gmt":"2024-07-22T08:58:05","guid":{"rendered":"https:\/\/www.largepillow.com\/product\/dog-car-seat-for-largemedium-dogs-booster-bed-with-storage"},"modified":"2025-10-10T03:53:41","modified_gmt":"2025-10-10T03:53:41","slug":"asiento-de-coche-para-perros-grandes-y-medianos-cama-elevadora-con-almacenamiento","status":"publish","type":"product","link":"https:\/\/www.largepillow.com\/es\/product\/dog-car-seat-for-largemedium-dogs-booster-bed-with-storage","title":{"rendered":"Asiento de coche para perros grandes y medianos \u2013 Cama elevadora con almacenamiento"},"content":{"rendered":"[zc_getpagecontent mb=&#8221;mb_aplus&#8221; apid=&#8221;70&#8243;]\n","protected":false},"excerpt":{"rendered":"<ul>\n<li>Dise\u00f1o seguro y estable: el asiento de seguridad para perros est\u00e1 equipado con una parte inferior antideslizante y cinturones de seguridad, lo que garantiza que permanezca seguro en su lugar y evita que se deslice o se caiga del asiento. Proporciona un \u00e1rea de descanso segura y estable para su mascota. Adem\u00e1s, incluye una correa de seguridad que se puede fijar a la cama del coche, permiti\u00e9ndote conectarla con tu perro.<\/li>\n<li>Material c\u00f3modo y transpirable: nuestro asiento para perros para autom\u00f3vil est\u00e1 fabricado con materiales de alta calidad con costuras de hilo resistentes, lo que garantiza una excelente durabilidad y resistencia contra desgarros y desenredos, incluso durante tirones con fuerza. El asiento est\u00e1 hecho de un tejido transpirable que brinda una experiencia acogedora, similar a descansar sobre una almohada lujosa. Este material garantiza un confort \u00f3ptimo para tu mascota durante los viajes en coche, permiti\u00e9ndole relajarse y disfrutar del viaje.<\/li>\n<li>Dise\u00f1o vers\u00e1til: esta cama con asiento elevador para perros para autom\u00f3vil tambi\u00e9n se puede usar en casa, proporcionando una cama familiar y c\u00f3moda para su perro. Se puede utilizar como transportador port\u00e1til para perros y gatos peque\u00f1os y medianos. Sin embargo, no se recomienda transportar perros grandes como transportador de viaje para garantizar la seguridad del propietario. En su lugar, se puede utilizar como bolsa de almacenamiento de accesorios para mascotas.<\/li>\n<li>F\u00e1cil de instalar: dise\u00f1o de hebilla ajustable, el asiento de seguridad para perros se puede instalar f\u00e1cilmente. Simplemente fije la hebilla en la parte superior y trasera del asiento y ajuste la longitud de las correas. Y se adapta a la mayor\u00eda de los tipos de asientos y tipos de autom\u00f3viles. \u00a1La cama para perros puede tener doble uso para el autom\u00f3vil y el hogar, es extremadamente suave y c\u00f3moda para \u00e9l y f\u00e1cil de instalar!<\/li>\n<li>Instrucciones de cuidado: Agregamos cremalleras y velcro en las esquinas de la cama para perros para quitar las almohadas que llenan el interior. Puedes simplemente tirar la funda del asiento de coche para perros en la lavadora. Si sientes que el asiento est\u00e1 demasiado mullido, simplemente abre la cremallera y retira un poco del relleno para ajustar la firmeza a tu gusto.<\/li>\n<\/ul>","protected":false},"featured_media":3225,"comment_status":"open","ping_status":"closed","template":"","meta":[],"product_brand":[],"product_cat":[227],"product_tag":[],"class_list":{"0":"post-3233","1":"product","2":"type-product","3":"status-publish","4":"has-post-thumbnail","6":"product_cat-pet-supplies","8":"first","9":"instock","10":"sale","11":"shipping-taxable","12":"purchasable","13":"product-type-simple"},"_links":{"self":[{"href":"https:\/\/www.largepillow.com\/es\/wp-json\/wp\/v2\/product\/3233","targetHints":{"allow":["GET"]}}],"collection":[{"href":"https:\/\/www.largepillow.com\/es\/wp-json\/wp\/v2\/product"}],"about":[{"href":"https:\/\/www.largepillow.com\/es\/wp-json\/wp\/v2\/types\/product"}],"replies":[{"embeddable":true,"href":"https:\/\/www.largepillow.com\/es\/wp-json\/wp\/v2\/comments?post=3233"}],"wp:featuredmedia":[{"embeddable":true,"href":"https:\/\/www.largepillow.com\/es\/wp-json\/wp\/v2\/media\/3225"}],"wp:attachment":[{"href":"https:\/\/www.largepillow.com\/es\/wp-json\/wp\/v2\/media?parent=3233"}],"wp:term":[{"taxonomy":"product_brand","embeddable":true,"href":"https:\/\/www.largepillow.com\/es\/wp-json\/wp\/v2\/product_brand?post=3233"},{"taxonomy":"product_cat","embeddable":true,"href":"https:\/\/www.largepillow.com\/es\/wp-json\/wp\/v2\/product_cat?post=3233"},{"taxonomy":"product_tag","embeddable":true,"href":"https:\/\/www.largepillow.com\/es\/wp-json\/wp\/v2\/product_tag?post=3233"}],"curies":[{"name":"Gracias","href":"https:\/\/api.w.org\/{rel}","templated":true}]}}