{"id":3314,"date":"2024-07-23T00:29:50","date_gmt":"2024-07-23T00:29:50","guid":{"rendered":"https:\/\/www.largepillow.com\/product\/bed-wedge-pillow-set-for-surgery-recovery-neck-and-back-support"},"modified":"2024-12-22T22:37:56","modified_gmt":"2024-12-22T22:37:56","slug":"juego-de-almohadas-de-cuna-para-cama-para-recuperacion-quirurgica-soporte-para-cuello-y-espalda","status":"publish","type":"product","link":"https:\/\/www.largepillow.com\/es\/product\/bed-wedge-pillow-set-for-surgery-recovery-neck-and-back-support\/","title":{"rendered":"Juego de almohadas de cu\u00f1a para cama para recuperaci\u00f3n de cirug\u00eda, soporte para cuello y espalda"},"content":{"rendered":"","protected":false},"excerpt":{"rendered":"<ul>\n<li><strong>Comodidad personalizable:<\/strong> Nuestra almohada de cu\u00f1a ajustable se compone de dos partes conectadas con una superficie curva, lo que le permite ajustar f\u00e1cilmente el \u00e1ngulo de inclinaci\u00f3n al nivel de comodidad deseado. D\u00edgale adi\u00f3s a las limitaciones de los \u00e1ngulos fijos de 30 y 60 grados y personalice el \u00e1ngulo seg\u00fan su altura y necesidades.<\/li>\n<li><strong>Comodidad total:<\/strong> Nuestro juego de almohadas para el cuello y almohadas tipo cu\u00f1a brinda soporte y comodidad completos para el cuello y la espalda. La almohada en forma de cu\u00f1a se adapta a las curvas de su cuerpo, mientras que la almohada para el cuello brinda soporte espec\u00edfico. Los lados de la almohada en forma de cu\u00f1a cuentan con velcro en dos alturas diferentes para facilitar el ajuste del reposacabezas.<\/li>\n<li><strong>Almohada para reposabrazos y piernas:<\/strong> Apoy\u00e1ndose en nuestra almohada de cu\u00f1a, apoye los brazos en las almohadas de los reposabrazos a ambos lados y d\u00e9jelos colgar naturalmente contra el arco de los reposabrazos, como si estuviera usando una silla de cama sentada en la cama. Los 2 reposabrazos tambi\u00e9n se pueden conectar mediante velcro para crear una almohada para las piernas con un apoyo elevado.<\/li>\n<li><strong>Almohada de cu\u00f1a multifuncional:<\/strong> Su dise\u00f1o componible permite alrededor de 12 formas de uso. \u00daselo como un \u00e1ngulo alto para apoyar la espalda mientras lee o trabaja, o elija una pendiente gradual para dormir para aliviar los ronquidos, las molestias posquir\u00fargicas y el reflujo \u00e1cido.<\/li>\n<\/ul>","protected":false},"featured_media":3299,"comment_status":"open","ping_status":"closed","template":"","meta":[],"product_brand":[],"product_cat":[228],"product_tag":[],"class_list":{"0":"post-3314","1":"product","2":"type-product","3":"status-publish","4":"has-post-thumbnail","6":"product_cat-cushions","8":"first","9":"outofstock","10":"featured","11":"shipping-taxable","12":"purchasable","13":"product-type-simple"},"_links":{"self":[{"href":"https:\/\/www.largepillow.com\/es\/wp-json\/wp\/v2\/product\/3314","targetHints":{"allow":["GET"]}}],"collection":[{"href":"https:\/\/www.largepillow.com\/es\/wp-json\/wp\/v2\/product"}],"about":[{"href":"https:\/\/www.largepillow.com\/es\/wp-json\/wp\/v2\/types\/product"}],"replies":[{"embeddable":true,"href":"https:\/\/www.largepillow.com\/es\/wp-json\/wp\/v2\/comments?post=3314"}],"wp:featuredmedia":[{"embeddable":true,"href":"https:\/\/www.largepillow.com\/es\/wp-json\/wp\/v2\/media\/3299"}],"wp:attachment":[{"href":"https:\/\/www.largepillow.com\/es\/wp-json\/wp\/v2\/media?parent=3314"}],"wp:term":[{"taxonomy":"product_brand","embeddable":true,"href":"https:\/\/www.largepillow.com\/es\/wp-json\/wp\/v2\/product_brand?post=3314"},{"taxonomy":"product_cat","embeddable":true,"href":"https:\/\/www.largepillow.com\/es\/wp-json\/wp\/v2\/product_cat?post=3314"},{"taxonomy":"product_tag","embeddable":true,"href":"https:\/\/www.largepillow.com\/es\/wp-json\/wp\/v2\/product_tag?post=3314"}],"curies":[{"name":"Gracias","href":"https:\/\/api.w.org\/{rel}","templated":true}]}}