{"id":3330,"date":"2024-07-23T00:38:46","date_gmt":"2024-07-23T00:38:46","guid":{"rendered":"https:\/\/www.largepillow.com\/product\/folding-floor-sofa-bed-with-filling-sleeper-guest-couch"},"modified":"2024-10-03T16:31:25","modified_gmt":"2024-10-03T16:31:25","slug":"sofa-cama-con-suelo-plegable-y-sofa-cama-para-invitados-con-relleno","status":"publish","type":"product","link":"https:\/\/www.largepillow.com\/es\/product\/folding-floor-sofa-bed-with-filling-sleeper-guest-couch","title":{"rendered":"Sof\u00e1 cama plegable con relleno, sof\u00e1 cama para invitados"},"content":{"rendered":"<p>Eleva tu juego de relajaci\u00f3n con nuestra cama tipo puf para adultos. Dise\u00f1ada para brindar la m\u00e1xima experiencia de comodidad, esta silla convertible se pliega de silla a cama sin esfuerzo. El coj\u00edn se ha doblado c\u00f3modamente en la parte inferior, lo que le permite cambiar f\u00e1cilmente entre la disposici\u00f3n para sentarse y dormir, lo que lo hace ideal para recibir invitados inesperados o maximizar el espacio en su hogar.<\/p>\n<p>Fabricada con materiales de alta calidad, nuestra funda de almohada est\u00e1 confeccionada con poli\u00e9ster 100% con una textura entretejida y puntadas exquisitas que son resistentes en todas partes. El acolchado est\u00e1 fabricado con fibras de poli\u00e9ster de alta densidad y alta calidad que evitan que se hunda incluso despu\u00e9s de meses de uso. La funda removible es suave al tacto, lavable a m\u00e1quina y resistente al agua, las manchas y la decoloraci\u00f3n para un f\u00e1cil mantenimiento.<\/p>\n<p>Nuestro Bean Bag Bed es perfecto para quienes les gusta relajarse y descansar en casa, especialmente los j\u00f3venes y las familias. Ya sea que est\u00e9 en la sala de estar, el dormitorio, el estudio, el sal\u00f3n, la terraza o el jard\u00edn, nuestro Bean Bag Bed es el complemento perfecto para su hogar. Los lujosos cojines y la construcci\u00f3n robusta te har\u00e1n sentir como si estuvieras sentado en una nube.<\/p>\n<p>Entonces, \u00bfpor qu\u00e9 esperar? Transforme su espacio vital en un refugio acogedor y confortable con nuestra cama tipo puf. D\u00edgale adi\u00f3s a la inc\u00f3moda disposici\u00f3n de los asientos y d\u00e9 la bienvenida a la m\u00e1xima relajaci\u00f3n. Compra ahora y disfruta de la m\u00e1xima experiencia de confort.<\/p>","protected":false},"excerpt":{"rendered":"<ul>\n<li><strong>Experimente la comodidad similar a la de la nube<\/strong>: \u00a1No busques m\u00e1s que nuestro sof\u00e1 cama con suelo perezoso! Dise\u00f1ado pensando en su comodidad, este sof\u00e1 de piso es perfecto para descansar, leer, mirar televisi\u00f3n y m\u00e1s. Con su dise\u00f1o c\u00f3modo y construcci\u00f3n robusta, te sentir\u00e1s como si estuvieras sentado en una nube.<\/li>\n<li><strong>Del sof\u00e1 a la cama f\u00e1cilmente<\/strong>: Transformar este mueble en un c\u00f3modo sof\u00e1 cama en el suelo es muy sencillo: \u00a1simplemente saque el coj\u00edn del asiento plegable en la parte inferior! Este dise\u00f1o innovador le permite cambiar f\u00e1cilmente entre la disposici\u00f3n de asientos y de dormir, lo que lo hace ideal para recibir invitados inesperados o maximizar el espacio en su hogar.<\/li>\n<li><strong>Materiales de alta calidad<\/strong>: Nuestra funda de almohada est\u00e1 hecha de poli\u00e9ster 100% con una textura entretejida y puntadas exquisitas que son resistentes por todas partes. El acolchado est\u00e1 fabricado con fibras de poli\u00e9ster de alta densidad y alta calidad que evitan que se hunda incluso despu\u00e9s de meses de uso.<\/li>\n<li><strong>F\u00e1cil de lavar<\/strong>: La funda removible es suave al tacto, lavable a m\u00e1quina y resistente al agua, las manchas y la decoloraci\u00f3n para un f\u00e1cil mantenimiento.<\/li>\n<li><strong>Adecuado para m\u00faltiples ocasiones<\/strong>: Nuestro sof\u00e1 cama de suelo es perfecto para quienes les gusta relajarse y descansar en casa, especialmente los j\u00f3venes y las familias. Son muy adecuados para colocar en salones, dormitorios, estudios, salones y otros lugares, pudiendo tambi\u00e9n colocarse al aire libre en terrazas o jardines.<\/li>\n<\/ul>","protected":false},"featured_media":3566,"comment_status":"open","ping_status":"closed","template":"","meta":[],"product_brand":[],"product_cat":[228],"product_tag":[],"class_list":{"0":"post-3330","1":"product","2":"type-product","3":"status-publish","4":"has-post-thumbnail","6":"product_cat-cushions","8":"first","9":"instock","10":"shipping-taxable","11":"purchasable","12":"product-type-simple"},"_links":{"self":[{"href":"https:\/\/www.largepillow.com\/es\/wp-json\/wp\/v2\/product\/3330","targetHints":{"allow":["GET"]}}],"collection":[{"href":"https:\/\/www.largepillow.com\/es\/wp-json\/wp\/v2\/product"}],"about":[{"href":"https:\/\/www.largepillow.com\/es\/wp-json\/wp\/v2\/types\/product"}],"replies":[{"embeddable":true,"href":"https:\/\/www.largepillow.com\/es\/wp-json\/wp\/v2\/comments?post=3330"}],"wp:featuredmedia":[{"embeddable":true,"href":"https:\/\/www.largepillow.com\/es\/wp-json\/wp\/v2\/media\/3566"}],"wp:attachment":[{"href":"https:\/\/www.largepillow.com\/es\/wp-json\/wp\/v2\/media?parent=3330"}],"wp:term":[{"taxonomy":"product_brand","embeddable":true,"href":"https:\/\/www.largepillow.com\/es\/wp-json\/wp\/v2\/product_brand?post=3330"},{"taxonomy":"product_cat","embeddable":true,"href":"https:\/\/www.largepillow.com\/es\/wp-json\/wp\/v2\/product_cat?post=3330"},{"taxonomy":"product_tag","embeddable":true,"href":"https:\/\/www.largepillow.com\/es\/wp-json\/wp\/v2\/product_tag?post=3330"}],"curies":[{"name":"Gracias","href":"https:\/\/api.w.org\/{rel}","templated":true}]}}