{"id":3344,"date":"2024-07-23T00:52:32","date_gmt":"2024-07-23T00:52:32","guid":{"rendered":"https:\/\/www.largepillow.com\/product\/versatile-and-durable-travel-dog-crate-for-medium-dogs"},"modified":"2024-10-03T16:31:25","modified_gmt":"2024-10-03T16:31:25","slug":"jaula-de-viaje-para-perros-versatil-y-duradera-para-perros-medianos","status":"publish","type":"product","link":"https:\/\/www.largepillow.com\/es\/product\/versatile-and-durable-travel-dog-crate-for-medium-dogs\/","title":{"rendered":"Jaula de viaje para perros vers\u00e1til y duradera para perros medianos"},"content":{"rendered":"[zc_getpagecontent mb=&#8221;mb_aplus&#8221; apid=&#8221;62&#8243;]\n","protected":false},"excerpt":{"rendered":"<ul>\n<li>MONTAJE R\u00c1PIDO EN 20 SEGUNDOS: Nuestra jaula Travek para perros medianos presenta un dise\u00f1o todo en uno sin complicaciones que elimina la necesidad de una instalaci\u00f3n complicada. D\u00edgale adi\u00f3s a la frustraci\u00f3n del montaje y disfrute de la comodidad de una instalaci\u00f3n y almacenamiento sin esfuerzo.<\/li>\n<li>DISE\u00d1O DE CORTINA VERS\u00c1TIL: jaula para perros dise\u00f1ada pensando en la funcionalidad, nuestra jaula de viaje para perros viene con una cortina que se puede ajustar para adaptarse a diferentes estaciones. Proteja a su mascota de los vientos fr\u00edos durante el invierno y enr\u00f3llela para una ventilaci\u00f3n y comodidad \u00f3ptimas durante los meses de verano.<\/li>\n<li>USO MULTIUSOS: Esta jaula plegable para perros es incre\u00edblemente vers\u00e1til y puede servir como un hogar acogedor para su amigo peludo, un transportador seguro para mascotas para viajes en autom\u00f3vil, una c\u00f3moda tienda de campa\u00f1a para partos o un refugio port\u00e1til al aire libre para aventuras. Disfrute de la conveniencia y el confort que brinda, dondequiera que vaya.<\/li>\n<li>MATERIALES DE CALIDAD PREMIUM: esta jaula para perros mediana confeccionada con tela Oxford duradera e impermeable, nuestra jaula para perros plegable est\u00e1 dise\u00f1ada para soportar diversas condiciones clim\u00e1ticas. Las esquinas reforzadas garantizan una mayor vida \u00fatil del producto, mientras que la parte inferior antideslizante proporciona mayor estabilidad y seguridad.<\/li>\n<li>Pr\u00e1ctico bolsillo lateral: la caseta para perros exterior est\u00e1 equipada con un pr\u00e1ctico bolsillo lateral, lo que le permite llevar f\u00e1cilmente la botella de agua, bocadillos, juguetes y otros elementos esenciales de su mascota durante los viajes al aire libre. Mant\u00e9ngase organizado y preparado para cualquier aventura con esta caracter\u00edstica de dise\u00f1o bien pensada.<\/li>\n<\/ul>","protected":false},"featured_media":3331,"comment_status":"open","ping_status":"closed","template":"","meta":[],"product_brand":[],"product_cat":[227],"product_tag":[],"class_list":{"0":"post-3344","1":"product","2":"type-product","3":"status-publish","4":"has-post-thumbnail","6":"product_cat-pet-supplies","8":"first","9":"outofstock","10":"featured","11":"shipping-taxable","12":"purchasable","13":"product-type-simple"},"_links":{"self":[{"href":"https:\/\/www.largepillow.com\/es\/wp-json\/wp\/v2\/product\/3344","targetHints":{"allow":["GET"]}}],"collection":[{"href":"https:\/\/www.largepillow.com\/es\/wp-json\/wp\/v2\/product"}],"about":[{"href":"https:\/\/www.largepillow.com\/es\/wp-json\/wp\/v2\/types\/product"}],"replies":[{"embeddable":true,"href":"https:\/\/www.largepillow.com\/es\/wp-json\/wp\/v2\/comments?post=3344"}],"wp:featuredmedia":[{"embeddable":true,"href":"https:\/\/www.largepillow.com\/es\/wp-json\/wp\/v2\/media\/3331"}],"wp:attachment":[{"href":"https:\/\/www.largepillow.com\/es\/wp-json\/wp\/v2\/media?parent=3344"}],"wp:term":[{"taxonomy":"product_brand","embeddable":true,"href":"https:\/\/www.largepillow.com\/es\/wp-json\/wp\/v2\/product_brand?post=3344"},{"taxonomy":"product_cat","embeddable":true,"href":"https:\/\/www.largepillow.com\/es\/wp-json\/wp\/v2\/product_cat?post=3344"},{"taxonomy":"product_tag","embeddable":true,"href":"https:\/\/www.largepillow.com\/es\/wp-json\/wp\/v2\/product_tag?post=3344"}],"curies":[{"name":"Gracias","href":"https:\/\/api.w.org\/{rel}","templated":true}]}}