{"id":3388,"date":"2024-07-23T01:37:07","date_gmt":"2024-07-23T01:37:07","guid":{"rendered":"https:\/\/www.largepillow.com\/product\/portable-neck-pillow-clothes-stuffable-ideal-for-trips"},"modified":"2025-04-02T07:09:22","modified_gmt":"2025-04-02T07:09:22","slug":"almohada-portatil-para-el-cuello-ropa-rellenable-ideal-para-viajes","status":"publish","type":"product","link":"https:\/\/www.largepillow.com\/es\/product\/portable-neck-pillow-clothes-stuffable-ideal-for-trips\/","title":{"rendered":"Almohada port\u00e1til para el cuello, que se puede guardar en la ropa, ideal para viajes"},"content":{"rendered":"[zc_getpagecontent mb=&#8221;mb_aplus&#8221; apid=&#8221;75&#8243;]\n","protected":false},"excerpt":{"rendered":"<ul>\n<li><strong>Sin cargos por equipaje adicional:<\/strong> Nuestras almohadas de viaje rellenables para el cuello est\u00e1n dise\u00f1adas para transportar art\u00edculos que no caben en el equipaje de mano o en los art\u00edculos personales sin pagar hasta $70 cargos adicionales por equipaje facturado. Nuestro vers\u00e1til compa\u00f1ero de viaje le permite evitar esos costosos cargos por equipaje. Empaque hasta 3 d\u00edas de ropa y elementos esenciales en esta almohada para el cuello rellenable y nunca m\u00e1s se preocupe por los cargos por exceso de equipaje.<\/li>\n<li><strong>Material c\u00f3modo:<\/strong>\u00a0Lo cubrimos con material acogedor y de primera calidad. La almohada de viaje para el cuello est\u00e1 hecha de tela compuesta de esponja y le brinda un toque c\u00f3modo para una experiencia de viaje maravillosa. Puede disfrutar de un c\u00f3modo soporte lumbar y para el cuello en aviones, viajes por carretera, trenes e incluso es una pr\u00e1ctica bolsa de transporte para bicicletas y motocicletas.<\/li>\n<li><strong>Versatilidad y ahorro de espacio:<\/strong> nuestra almohada de viaje para ropa rellenable viene con una correa ajustable que se puede usar sobre el hombro o alrededor del cuello. Ya sea que se embarque en una escapada de fin de semana, una aventura de campamento o un viaje en avi\u00f3n econ\u00f3mico, nuestra almohada de viaje con cuello ajustable El tama\u00f1o y la correa adicional para el hombro simplifican el embalaje y maximizan el espacio para el equipaje.<\/li>\n<li><strong>Dise\u00f1o de autorrelleno:<\/strong> Nuestra almohada para el cuello rellenable para viajar est\u00e1 equipada con cremalleras laterales ocultas y la abertura del relleno es lo suficientemente ancha como para que pueda llenarla con ropa para maximizar el espacio de su equipaje, y la almohada no ocupa demasiado espacio, lo que facilita el almacenamiento ordenado y ordenado. ropa en las almohadas de viaje para el cuello. Cuando no est\u00e1n en uso, tambi\u00e9n se pueden doblar en un bolso plano que se puede colocar en un bolso, mochila o incluso en el bolsillo.<\/li>\n<li><strong>Elementos b\u00e1sicos de viaje:<\/strong> Todo es por conveniencia y comodidad, la almohada de viaje rellenable est\u00e1 dise\u00f1ada para una variedad de viajes, ya sea una escapada espont\u00e1nea de fin de semana, una expedici\u00f3n de campamento inmersiva, caminatas vigorizantes o viajes en avi\u00f3n econ\u00f3micos. Nuestra almohada para el cuello para viajar puede satisfacer sus necesidades y es la mejor almohada de viaje para viajeros.<\/li>\n<\/ul>","protected":false},"featured_media":3380,"comment_status":"open","ping_status":"closed","template":"","meta":[],"product_brand":[],"product_cat":[228],"product_tag":[],"class_list":{"0":"post-3388","1":"product","2":"type-product","3":"status-publish","4":"has-post-thumbnail","6":"product_cat-cushions","8":"first","9":"instock","10":"shipping-taxable","11":"purchasable","12":"product-type-simple"},"_links":{"self":[{"href":"https:\/\/www.largepillow.com\/es\/wp-json\/wp\/v2\/product\/3388","targetHints":{"allow":["GET"]}}],"collection":[{"href":"https:\/\/www.largepillow.com\/es\/wp-json\/wp\/v2\/product"}],"about":[{"href":"https:\/\/www.largepillow.com\/es\/wp-json\/wp\/v2\/types\/product"}],"replies":[{"embeddable":true,"href":"https:\/\/www.largepillow.com\/es\/wp-json\/wp\/v2\/comments?post=3388"}],"wp:featuredmedia":[{"embeddable":true,"href":"https:\/\/www.largepillow.com\/es\/wp-json\/wp\/v2\/media\/3380"}],"wp:attachment":[{"href":"https:\/\/www.largepillow.com\/es\/wp-json\/wp\/v2\/media?parent=3388"}],"wp:term":[{"taxonomy":"product_brand","embeddable":true,"href":"https:\/\/www.largepillow.com\/es\/wp-json\/wp\/v2\/product_brand?post=3388"},{"taxonomy":"product_cat","embeddable":true,"href":"https:\/\/www.largepillow.com\/es\/wp-json\/wp\/v2\/product_cat?post=3388"},{"taxonomy":"product_tag","embeddable":true,"href":"https:\/\/www.largepillow.com\/es\/wp-json\/wp\/v2\/product_tag?post=3388"}],"curies":[{"name":"Gracias","href":"https:\/\/api.w.org\/{rel}","templated":true}]}}