{"id":3413,"date":"2024-07-23T03:06:14","date_gmt":"2024-07-23T03:06:14","guid":{"rendered":"https:\/\/www.largepillow.com\/product\/ergonomic-wedge-pillow-with-arm-hole-for-shoulder-pain-relief"},"modified":"2025-04-29T06:10:15","modified_gmt":"2025-04-29T06:10:15","slug":"almohada-de-cuna-ergonomica-con-orificio-para-el-brazo-para-aliviar-el-dolor-de-hombros","status":"publish","type":"product","link":"https:\/\/www.largepillow.com\/es\/product\/ergonomic-wedge-pillow-with-arm-hole-for-shoulder-pain-relief\/","title":{"rendered":"Almohada de cu\u00f1a ergon\u00f3mica con orificio para el brazo para aliviar el dolor de hombros"},"content":{"rendered":"","protected":false},"excerpt":{"rendered":"<ul>\n<li><strong>Almohada de espuma de contorno ajustable:<\/strong> El reposacabezas en forma de U y el amortiguador inclinado de nuestra almohada para dormir de lado mantienen su columna neutral, ajustando y corrigiendo efectivamente su posici\u00f3n para dormir de lado, alivian la presi\u00f3n sobre los hombros, los brazos y la espalda, y liberan m\u00e1s espacio de descanso para los hombros para que usted puede dormir c\u00f3modamente en cualquier lado<\/li>\n<li><strong>Almohada de cu\u00f1a para el contorno del hombro:<\/strong> Las ranuras cient\u00edficamente dise\u00f1adas en la zona de apoyo para los hombros son adecuadas para personas que duermen de lado. Pueden reducir la presi\u00f3n sobre los hombros al dormir de lado y evitar posturas encorvadas para dormir. La almohada de cu\u00f1a es lo suficientemente ancha como para colocar los brazos, de modo que los brazos no se sientan suspendidos al dormir de lado. Tama\u00f1o: 55*60*19cm<\/li>\n<li><strong>Reposacabezas curvo:<\/strong> Nuestra almohada para dormir adopta un dise\u00f1o en forma de U. La forma del contorno brinda un soporte firme a la columna cervical y la cabeza y se adapta naturalmente a la postura de la cabeza cuando duerme de lado y boca arriba. para mantener su cuello correctamente alineado con el resto de su cuerpo, alivie los dolores de cuello y hombros. La almohada para dormir proporciona un mejor soporte para la cabeza y las cervicales. Tama\u00f1o: 20*39*10cm<\/li>\n<li><strong>Relleno y Tela:<\/strong> La parte blanca es un tejido de punto transpirable, agradable para la piel y no congestionado, adecuado para todas las estaciones. La parte beige est\u00e1 confeccionada en suave tejido de terciopelo esmerilado. La almohada corporal en forma de cu\u00f1a est\u00e1 rellena de espuma de alta densidad, lo que proporciona un soporte eficaz y duradero, con una gran capacidad de carga y no se deforma f\u00e1cilmente. El reposacabezas est\u00e1 hecho de espuma viscoel\u00e1stica de rebote lento de primera calidad que puede absorber uniformemente la fuerza del impacto y dispersar la presi\u00f3n, presenta una suavidad equilibrada.<\/li>\n<li><strong>Aplicaci\u00f3n amplia:<\/strong> Esta almohada de soporte para el cuello es muy adecuada para personas mayores, trabajadores de oficina, profesores y quienes padecen trastornos del sue\u00f1o. Si de vez en cuando siente que un sue\u00f1o normal no puede aliviar el dolor y la fatiga de sus hombros y cuello, esta almohada de apoyo ergon\u00f3mica ser\u00e1 su mejor opci\u00f3n. El \u00e1ngulo y el contorno cient\u00edficamente dise\u00f1ados pueden brindarle un sue\u00f1o confortable y alivio del dolor de hombro.<\/li>\n<li><strong>Posici\u00f3n ideal para dormir:<\/strong>\u00a0La postura correcta para dormir mejora la calidad del sue\u00f1o y alivia r\u00e1pidamente la fatiga f\u00edsica y el estr\u00e9s mental. Nuestra almohada de contorno dise\u00f1ada mejora eficazmente el dolor en el cuello, los hombros, la espalda y la cintura.<\/li>\n<\/ul>","protected":false},"featured_media":3405,"comment_status":"open","ping_status":"closed","template":"","meta":[],"product_brand":[],"product_cat":[228],"product_tag":[],"class_list":{"0":"post-3413","1":"product","2":"type-product","3":"status-publish","4":"has-post-thumbnail","6":"product_cat-cushions","8":"first","9":"outofstock","10":"featured","11":"shipping-taxable","12":"purchasable","13":"product-type-simple"},"_links":{"self":[{"href":"https:\/\/www.largepillow.com\/es\/wp-json\/wp\/v2\/product\/3413","targetHints":{"allow":["GET"]}}],"collection":[{"href":"https:\/\/www.largepillow.com\/es\/wp-json\/wp\/v2\/product"}],"about":[{"href":"https:\/\/www.largepillow.com\/es\/wp-json\/wp\/v2\/types\/product"}],"replies":[{"embeddable":true,"href":"https:\/\/www.largepillow.com\/es\/wp-json\/wp\/v2\/comments?post=3413"}],"wp:featuredmedia":[{"embeddable":true,"href":"https:\/\/www.largepillow.com\/es\/wp-json\/wp\/v2\/media\/3405"}],"wp:attachment":[{"href":"https:\/\/www.largepillow.com\/es\/wp-json\/wp\/v2\/media?parent=3413"}],"wp:term":[{"taxonomy":"product_brand","embeddable":true,"href":"https:\/\/www.largepillow.com\/es\/wp-json\/wp\/v2\/product_brand?post=3413"},{"taxonomy":"product_cat","embeddable":true,"href":"https:\/\/www.largepillow.com\/es\/wp-json\/wp\/v2\/product_cat?post=3413"},{"taxonomy":"product_tag","embeddable":true,"href":"https:\/\/www.largepillow.com\/es\/wp-json\/wp\/v2\/product_tag?post=3413"}],"curies":[{"name":"Gracias","href":"https:\/\/api.w.org\/{rel}","templated":true}]}}