{"id":3437,"date":"2024-07-25T02:20:33","date_gmt":"2024-07-25T02:20:33","guid":{"rendered":"https:\/\/www.largepillow.com\/product\/adjustable-floor-sofa-bed-multi-piece-folding-recliner"},"modified":"2024-10-03T16:31:25","modified_gmt":"2024-10-03T16:31:25","slug":"sofa-cama-con-suelo-ajustable-sillon-reclinable-plegable-de-varias-piezas","status":"publish","type":"product","link":"https:\/\/www.largepillow.com\/es\/product\/adjustable-floor-sofa-bed-multi-piece-folding-recliner\/","title":{"rendered":"Sof\u00e1 cama de piso ajustable, sill\u00f3n reclinable plegable de varias piezas"},"content":{"rendered":"[zc_getpagecontent mb=&#8221;mb_aplus&#8221; apid=&#8221;81&#8243;]\n","protected":false},"excerpt":{"rendered":"<ul>\n<li><strong>Comodidad y apoyo:<\/strong> El sof\u00e1 cama plegable recientemente actualizado presenta una estructura en capas con relleno de esponja y fibra de poli\u00e9ster. El sof\u00e1 cama plegable est\u00e1 excepcionalmente relleno con fibra de poli\u00e9ster esponjosa, lo que ofrece una experiencia c\u00f3moda y sin fatiga mientras se recuesta y se relaja. La parte inferior del sof\u00e1 cama convertible est\u00e1 rellena de esponja de alta densidad, lo que garantiza un soporte robusto que no colapsar\u00e1 incluso despu\u00e9s de estar sentado durante largos per\u00edodos.<\/li>\n<li><strong>Dise\u00f1o vers\u00e1til y que ahorra espacio:<\/strong> Nuestro sof\u00e1 plegable se transforma sin esfuerzo entre un sof\u00e1 de piso, sillones reclinables y colchones, satisfaciendo sus diversas necesidades. El sof\u00e1 cama liviano y plegable permite un f\u00e1cil movimiento, plegado, almacenamiento y transporte. Es una opci\u00f3n ideal para apartamentos peque\u00f1os, dormitorios o cualquier espacio habitable con espacio limitado.<\/li>\n<li><strong>Respaldo ajustable y seguro:<\/strong> El dise\u00f1o de hebilla en ambos lados del sof\u00e1 cama en el suelo garantiza una fijaci\u00f3n firme del respaldo al coj\u00edn del asiento. Cuando se utiliza como cama, el coj\u00edn del respaldo se puede convertir f\u00e1cilmente en reposacabezas, proporcionando un apoyo \u00f3ptimo. Como respaldo, ofrece un excelente soporte lumbar.<\/li>\n<li><strong>Materiales de Alta Calidad y F\u00e1cil Mantenimiento:<\/strong> La funda exterior del sof\u00e1 cama plegable est\u00e1 confeccionada con una mezcla de felpa corta y tejido Oxford. Las zonas que entran en contacto con el cuerpo est\u00e1n confeccionadas con un terciopelo incre\u00edblemente suave, lo que garantiza un confort a largo plazo. La funda extra\u00edble con cremallera es f\u00e1cil de limpiar y lavar, lo que simplifica el mantenimiento y la conservaci\u00f3n.<\/li>\n<li><strong>Envasado comprimido al vac\u00edo:<\/strong> Para garantizar un transporte seguro y eficiente, nuestro sof\u00e1 de suelo plegable se entrega envasado al vac\u00edo, lo que puede provocar ligeras deformaciones al abrirlo. Sin embargo, tenga la seguridad de que el sof\u00e1 cama volver\u00e1 a su forma original entre 24 y 72 horas despu\u00e9s de desembalarlo, ofreci\u00e9ndole la mejor experiencia.<\/li>\n<\/ul>","protected":false},"featured_media":3427,"comment_status":"open","ping_status":"closed","template":"","meta":[],"product_brand":[],"product_cat":[228],"product_tag":[],"class_list":{"0":"post-3437","1":"product","2":"type-product","3":"status-publish","4":"has-post-thumbnail","6":"product_cat-cushions","8":"first","9":"outofstock","10":"shipping-taxable","11":"purchasable","12":"product-type-simple"},"_links":{"self":[{"href":"https:\/\/www.largepillow.com\/es\/wp-json\/wp\/v2\/product\/3437","targetHints":{"allow":["GET"]}}],"collection":[{"href":"https:\/\/www.largepillow.com\/es\/wp-json\/wp\/v2\/product"}],"about":[{"href":"https:\/\/www.largepillow.com\/es\/wp-json\/wp\/v2\/types\/product"}],"replies":[{"embeddable":true,"href":"https:\/\/www.largepillow.com\/es\/wp-json\/wp\/v2\/comments?post=3437"}],"wp:featuredmedia":[{"embeddable":true,"href":"https:\/\/www.largepillow.com\/es\/wp-json\/wp\/v2\/media\/3427"}],"wp:attachment":[{"href":"https:\/\/www.largepillow.com\/es\/wp-json\/wp\/v2\/media?parent=3437"}],"wp:term":[{"taxonomy":"product_brand","embeddable":true,"href":"https:\/\/www.largepillow.com\/es\/wp-json\/wp\/v2\/product_brand?post=3437"},{"taxonomy":"product_cat","embeddable":true,"href":"https:\/\/www.largepillow.com\/es\/wp-json\/wp\/v2\/product_cat?post=3437"},{"taxonomy":"product_tag","embeddable":true,"href":"https:\/\/www.largepillow.com\/es\/wp-json\/wp\/v2\/product_tag?post=3437"}],"curies":[{"name":"Gracias","href":"https:\/\/api.w.org\/{rel}","templated":true}]}}