{"id":3464,"date":"2024-07-25T03:03:31","date_gmt":"2024-07-25T03:03:31","guid":{"rendered":"https:\/\/www.largepillow.com\/product\/small-dog-car-seat-with-safety-belt-for-front-seat"},"modified":"2024-12-09T09:08:30","modified_gmt":"2024-12-09T09:08:30","slug":"asiento-de-coche-para-perros-pequenos-con-cinturon-de-seguridad-para-el-asiento-delantero","status":"publish","type":"product","link":"https:\/\/www.largepillow.com\/es\/product\/small-dog-car-seat-with-safety-belt-for-front-seat","title":{"rendered":"Asiento de seguridad para perros peque\u00f1os con cintur\u00f3n de seguridad para el asiento delantero"},"content":{"rendered":"[zc_getpagecontent mb=&#8221;mb_aplus&#8221; apid=&#8221;78&#8243;]\n","protected":false},"excerpt":{"rendered":"<ul>\n<li><strong>M\u00e1xima seguridad y protecci\u00f3n:<\/strong> Nuestro asiento de seguridad para perros con consola central impermeable ofrece un sistema de protecci\u00f3n de seguridad de 4 pliegues, lo que garantiza la seguridad de su perro o gato peque\u00f1o durante los viajes en autom\u00f3vil. Con cinturones de seguridad dobles que se pueden sujetar al asiento del conductor, un cintur\u00f3n de sujeci\u00f3n para mascotas, correas fijas para mayor estabilidad y una base antideslizante, puede tener la tranquilidad de saber que su mascota est\u00e1 segura en su lugar.<\/li>\n<li><strong>Dise\u00f1o contra la ansiedad:<\/strong> Nuestro asiento de seguridad para perros con consola central cuenta con un dise\u00f1o de cremallera superior que crea un asiento de seguridad para perros cerrado, aliviando eficazmente la ansiedad de las mascotas y controlando a las mascotas demasiado activas, mejorando as\u00ed la seguridad en la conducci\u00f3n. Mientras tanto, el dise\u00f1o permite que la cabeza del perro permanezca visible, proporcionando un campo de visi\u00f3n m\u00e1s amplio para que su mascota disfrute del paisaje.<\/li>\n<li><strong>Dise\u00f1ado para mascotas peque\u00f1as:<\/strong> Dise\u00f1ado espec\u00edficamente para perros y gatos peque\u00f1os que pesan menos de 13 libras, este asiento elevador para autom\u00f3vil proporciona un espacio acogedor y confortable para su amigo peludo. Les evita deambular por el coche, reduciendo las distracciones y garantizando su seguridad durante todo el trayecto. Tambi\u00e9n funciona como un peque\u00f1o transport\u00edn para mascotas, lo que brinda comodidad y flexibilidad cuando viaja con su compa\u00f1ero peludo.<\/li>\n<li><strong>Dise\u00f1o conveniente:<\/strong> Adem\u00e1s de funcionar como asiento de coche para perros con consola central, tambi\u00e9n se puede utilizar como transportador de mascotas peque\u00f1as, lo que ofrece comodidad y versatilidad durante los viajes con su compa\u00f1ero peludo. Los bolsillos a ambos lados son pr\u00e1cticos para guardar c\u00f3modamente los accesorios para perros.<\/li>\n<li><strong>Material c\u00f3modo:<\/strong> Este asiento de seguridad para perros con consola central est\u00e1 hecho de una suave tela de gamuza sint\u00e9tica, que es a la vez elegante y c\u00f3moda. El interior est\u00e1 forrado con tejido de felpa s\u00faper c\u00e1lido. Sin estructura met\u00e1lica, sin peligro para la seguridad.<\/li>\n<\/ul>","protected":false},"featured_media":3450,"comment_status":"open","ping_status":"closed","template":"","meta":[],"product_brand":[],"product_cat":[227],"product_tag":[],"class_list":{"0":"post-3464","1":"product","2":"type-product","3":"status-publish","4":"has-post-thumbnail","6":"product_cat-pet-supplies","8":"first","9":"instock","10":"shipping-taxable","11":"purchasable","12":"product-type-simple"},"_links":{"self":[{"href":"https:\/\/www.largepillow.com\/es\/wp-json\/wp\/v2\/product\/3464","targetHints":{"allow":["GET"]}}],"collection":[{"href":"https:\/\/www.largepillow.com\/es\/wp-json\/wp\/v2\/product"}],"about":[{"href":"https:\/\/www.largepillow.com\/es\/wp-json\/wp\/v2\/types\/product"}],"replies":[{"embeddable":true,"href":"https:\/\/www.largepillow.com\/es\/wp-json\/wp\/v2\/comments?post=3464"}],"wp:featuredmedia":[{"embeddable":true,"href":"https:\/\/www.largepillow.com\/es\/wp-json\/wp\/v2\/media\/3450"}],"wp:attachment":[{"href":"https:\/\/www.largepillow.com\/es\/wp-json\/wp\/v2\/media?parent=3464"}],"wp:term":[{"taxonomy":"product_brand","embeddable":true,"href":"https:\/\/www.largepillow.com\/es\/wp-json\/wp\/v2\/product_brand?post=3464"},{"taxonomy":"product_cat","embeddable":true,"href":"https:\/\/www.largepillow.com\/es\/wp-json\/wp\/v2\/product_cat?post=3464"},{"taxonomy":"product_tag","embeddable":true,"href":"https:\/\/www.largepillow.com\/es\/wp-json\/wp\/v2\/product_tag?post=3464"}],"curies":[{"name":"Gracias","href":"https:\/\/api.w.org\/{rel}","templated":true}]}}