{"id":347,"date":"2022-09-15T22:38:34","date_gmt":"2022-09-15T22:38:34","guid":{"rendered":"https:\/\/www.largepillow.com\/product\/bolster-headboard"},"modified":"2025-11-05T02:15:26","modified_gmt":"2025-11-05T02:15:26","slug":"cojin-de-apoyo-para-la-espalda","status":"publish","type":"product","link":"https:\/\/www.largepillow.com\/es\/product\/back-support-cushion","title":{"rendered":"Coj\u00edn de apoyo para la espalda"},"content":{"rendered":"<p>El coj\u00edn de respaldo: lo \u00faltimo en comodidad para su cama o sof\u00e1. Si eres un noct\u00e1mbulo, un rat\u00f3n de biblioteca o simplemente te encanta ver tus programas favoritos en la cama, esta almohada reforzada grande es perfecta para ti. Esta almohada de cabecera tiene una forma triangular que se ajusta c\u00f3modamente a la espalda y la cintura, aliviando la presi\u00f3n lumbar y de espalda. Es la \u00fanica almohada de cabecera de cu\u00f1a que puede acomodar a dos personas, lo que la convierte en una excelente alternativa a tener dos almohadas separadas.<\/p>\n<p>Pero eso no es todo: este coj\u00edn de respaldo est\u00e1 dise\u00f1ado para ser multifuncional. Puede usarlo como almohada de respaldo para la cabecera cuando est\u00e9 sentado en la cama, colocarlo sobre su cama para usarlo como una almohada de cu\u00f1a grande cuando duerma boca arriba o de costado, o incluso usarlo como almohada para elevar las piernas. Es una excelente alternativa para parejas que necesitan una almohada de cabecera grande que brinde apoyo a ambos.<\/p>\n<p>Elaborada con artesan\u00eda superior, la funda de esta almohada de lectura tiene un aspecto de pana hecha de poli\u00e9ster 100%, lo que la hace transpirable y lo suficientemente c\u00f3moda como para mantener su forma con el tiempo. Un bolsillo lateral a cada lado le permite guardar su libro o tel\u00e9fono, manteni\u00e9ndolos a su alcance mientras se relaja.<\/p>\n<p>Limpiar este coj\u00edn de respaldo tambi\u00e9n es muy sencillo. La funda de la almohada de lectura est\u00e1 unida a la almohada con botones y se puede quitar f\u00e1cilmente con una simple cremallera, lo que hace que sea f\u00e1cil mantenerla limpia. Simplemente retire la funda y lave r\u00e1pidamente a m\u00e1quina para que su almohada luzca como nueva.<\/p>\n<p>Este producto viene en varios tama\u00f1os que van desde 45 cm hasta 200 cm para adaptarse a diferentes tama\u00f1os de cama. Podr\u00e1s elegir el que se adapte a tus necesidades y preferencias.<\/p>\n<p>Los clientes que han comprado este producto est\u00e1n entusiasmados. Un cliente coment\u00f3 que el coj\u00edn es \u201cperfecto para leer y mirar televisi\u00f3n en la cama\u201d, mientras que otro dijo: \u201cla calidad del producto es excelente; definitivamente vale la pena comprarlo\u201d. Con un alto \u00edndice de satisfacci\u00f3n del cliente, este coj\u00edn de respaldo es imprescindible para cualquier persona a la que le guste relajarse en la cama o en el sof\u00e1.<\/p>\n<p>En conclusi\u00f3n, el coj\u00edn de respaldo es un complemento elegante y funcional para cualquier dormitorio. Ofrece excelente comodidad y soporte, es multifuncional, f\u00e1cil de limpiar y viene en varios tama\u00f1os para adaptarse a diferentes tama\u00f1os de cama. No espere: \u00a1consiga el suyo hoy y experimente la m\u00e1xima comodidad en su cama o sof\u00e1!<\/p>","protected":false},"excerpt":{"rendered":"<ul>\n<li><strong>M\u00e1xima comodidad:<\/strong> Esta almohada de cabecera ofrece una excelente comodidad gracias a su dise\u00f1o de forma triangular. El coj\u00edn de soporte de la cama se adapta perfectamente a la espalda y la cintura, minimizando la presi\u00f3n lumbar\/de espalda. Esta almohada de lectura en forma de cu\u00f1a puede ayudarlo a mantenerse libre de tensiones en la cama o el sof\u00e1, lo cual es ideal para los noct\u00e1mbulos que trabajan, los ratones de biblioteca y miran televisi\u00f3n en la cama. Esta almohada de refuerzo extra grande es la \u00fanica almohada de cabecera de cu\u00f1a que puede acomodar a dos personas.<\/li>\n<li><strong>Almohada de refuerzo grande 3 en 1:<\/strong> Puede usar la almohada en posici\u00f3n vertical como almohada de respaldo para la cabecera para sentarse en la cama o colocarla sobre la cama para usarla como una almohada de cu\u00f1a grande cuando duerme boca arriba o de costado, o como almohada para las piernas para elevar las piernas. Si desea una almohada de cabecera grande que brinde apoyo tanto para usted como para su c\u00f3nyuge. Es una excelente alternativa.<\/li>\n<li><strong>Dise\u00f1o multifuncional:<\/strong> Algunas personas usan el coj\u00edn triangular grande como almohada para la cabecera, mientras que otras lo usan como almohada protectora, tambi\u00e9n puede ser una almohada reforzada para el respaldo de un sof\u00e1 o un sof\u00e1 cama. Es elegante y funcional, lo que lo convierte en una excelente adici\u00f3n a cualquier dormitorio.<\/li>\n<li><strong>Artesan\u00eda superior:<\/strong> La funda de almohada tiene un aspecto de pana y su composici\u00f3n es poli\u00e9ster 100%. nuestra almohada de cabecera es lo suficientemente transpirable y c\u00f3moda como para mantener su forma y no perderla con el tiempo. Un bolsillo lateral a cada lado le permite guardar su libro o su tel\u00e9fono.<\/li>\n<li><strong>F\u00e1cil de lavar:<\/strong> La funda de la almohada de lectura se fija a la almohada con botones y es f\u00e1cil de quitar con una simple cremallera. Esto hace que su limpieza sea sencilla. Simplemente retire la funda y lave r\u00e1pidamente a m\u00e1quina para que su almohada luzca como nueva.<\/li>\n<li><strong>Tama\u00f1o:<\/strong> 45 cm (largo 45 x ancho 20 x alto 50 | 0 botones), 60 cm (largo 60 x ancho 20 x alto 50 | 0 botones), 80 cm (largo 80 x ancho 20 x alto 50 | 2 botones), 100 cm (largo 100 x ancho 20 x alto 50 | 3 botones), 120 cm ( L120 x W20 x H50 | 4 botones), 140 cm (L140 x W20 x H50 | 4 botones), 160 cm (L160 x W20 x H50 | 5 botones), 180 cm (L180 x W20 x H50 | 6 botones), 200 cm (L200 x W20 x H50 | 7 botones).<\/li>\n<\/ul>","protected":false},"featured_media":328,"comment_status":"open","ping_status":"closed","template":"","meta":[],"product_brand":[],"product_cat":[15],"product_tag":[117,204,218,217,168,132,199,143,182,68],"class_list":{"0":"post-347","1":"product","2":"type-product","3":"status-publish","4":"has-post-thumbnail","6":"product_cat-large-wedge-pillow","7":"product_tag-back-support-cushion","8":"product_tag-bed-support-cushion","9":"product_tag-corduroy-pillow","10":"product_tag-daybed-backrest","11":"product_tag-headboard-pillow","12":"product_tag-large-bolster-pillow","13":"product_tag-large-wedge-pillow","14":"product_tag-multifunctional-pillow","15":"product_tag-triangle-back-pillow","16":"product_tag-wedge-reading-pillow","18":"first","19":"instock","20":"shipping-taxable","21":"purchasable","22":"product-type-variable"},"_links":{"self":[{"href":"https:\/\/www.largepillow.com\/es\/wp-json\/wp\/v2\/product\/347","targetHints":{"allow":["GET"]}}],"collection":[{"href":"https:\/\/www.largepillow.com\/es\/wp-json\/wp\/v2\/product"}],"about":[{"href":"https:\/\/www.largepillow.com\/es\/wp-json\/wp\/v2\/types\/product"}],"replies":[{"embeddable":true,"href":"https:\/\/www.largepillow.com\/es\/wp-json\/wp\/v2\/comments?post=347"}],"wp:featuredmedia":[{"embeddable":true,"href":"https:\/\/www.largepillow.com\/es\/wp-json\/wp\/v2\/media\/328"}],"wp:attachment":[{"href":"https:\/\/www.largepillow.com\/es\/wp-json\/wp\/v2\/media?parent=347"}],"wp:term":[{"taxonomy":"product_brand","embeddable":true,"href":"https:\/\/www.largepillow.com\/es\/wp-json\/wp\/v2\/product_brand?post=347"},{"taxonomy":"product_cat","embeddable":true,"href":"https:\/\/www.largepillow.com\/es\/wp-json\/wp\/v2\/product_cat?post=347"},{"taxonomy":"product_tag","embeddable":true,"href":"https:\/\/www.largepillow.com\/es\/wp-json\/wp\/v2\/product_tag?post=347"}],"curies":[{"name":"Gracias","href":"https:\/\/api.w.org\/{rel}","templated":true}]}}