{"id":3481,"date":"2024-07-25T03:14:13","date_gmt":"2024-07-25T03:14:13","guid":{"rendered":"https:\/\/www.largepillow.com\/product\/oversized-floor-recliner-mat-for-gaming-reading-resting"},"modified":"2024-10-03T16:31:25","modified_gmt":"2024-10-03T16:31:25","slug":"esterilla-reclinable-de-suelo-de-gran-tamano-para-jugar-leer-y-descansar","status":"publish","type":"product","link":"https:\/\/www.largepillow.com\/es\/product\/oversized-floor-recliner-mat-for-gaming-reading-resting\/","title":{"rendered":"Alfombrilla reclinable de gran tama\u00f1o para jugar, leer y descansar"},"content":{"rendered":"[zc_getpagecontent mb=&#8221;mb_aplus&#8221; apid=&#8221;77&#8243;]\n","protected":false},"excerpt":{"rendered":"<ul>\n<li><strong>M\u00c1XIMA COMODIDAD:<\/strong> Disfrute de una comodidad incomparable con el sof\u00e1 Muffin Grand. Con una capa de piel de conejo y un acolchado de espuma de alta resiliencia, este sof\u00e1 garantiza la m\u00e1xima comodidad ya sea que est\u00e9 sentado para leer un libro, mirar televisi\u00f3n o simplemente relajarse despu\u00e9s de un d\u00eda ajetreado.<\/li>\n<li><strong>ARTESAN\u00cdA DE PRIMERA CALIDAD:<\/strong> Este sof\u00e1 modular cuenta con una capa de piel de conejo y un acolchado de espuma de alta resiliencia, que combina practicidad y comodidad para una experiencia lujosa y duradera. F\u00e1cil de desmontar y montar, garantiza una elegancia duradera en cualquier habitaci\u00f3n.<\/li>\n<li><strong>SOPORTE ESTABLE:<\/strong> Disfrute de una relajaci\u00f3n tranquila con nuestro sof\u00e1 de suelo. La espuma de alta densidad proporciona un excelente soporte y amortiguaci\u00f3n que se adapta a las curvas del cuerpo y alivia los puntos de presi\u00f3n. La estabilidad del sof\u00e1 plegable garantiza seguridad y fiabilidad, lo que le permite disfrutar de una comodidad y durabilidad duraderas.<\/li>\n<li><strong>DISE\u00d1O \u00daNICO Y F\u00c1CIL DE LIMPIAR:<\/strong> Este sof\u00e1 no solo es c\u00f3modo, sino que tambi\u00e9n es f\u00e1cil de mantener limpio. El dise\u00f1o de cremallera invisible es f\u00e1cil de quitar y limpiar, lo que mantiene el sof\u00e1 ordenado. Le permite disfrutar de su tiempo libre c\u00f3modamente.<\/li>\n<li><strong>TAMA\u00d1O IDEAL PARA COMODIDAD:<\/strong> Nuestro sof\u00e1 plegable mide 110*39 pulgadas, que es el tama\u00f1o ideal para un sill\u00f3n reclinable y es f\u00e1cil de guardar y ahorra espacio.<\/li>\n<\/ul>","protected":false},"featured_media":3465,"comment_status":"open","ping_status":"closed","template":"","meta":[],"product_brand":[],"product_cat":[228],"product_tag":[],"class_list":{"0":"post-3481","1":"product","2":"type-product","3":"status-publish","4":"has-post-thumbnail","6":"product_cat-cushions","8":"first","9":"instock","10":"shipping-taxable","11":"purchasable","12":"product-type-simple"},"_links":{"self":[{"href":"https:\/\/www.largepillow.com\/es\/wp-json\/wp\/v2\/product\/3481","targetHints":{"allow":["GET"]}}],"collection":[{"href":"https:\/\/www.largepillow.com\/es\/wp-json\/wp\/v2\/product"}],"about":[{"href":"https:\/\/www.largepillow.com\/es\/wp-json\/wp\/v2\/types\/product"}],"replies":[{"embeddable":true,"href":"https:\/\/www.largepillow.com\/es\/wp-json\/wp\/v2\/comments?post=3481"}],"wp:featuredmedia":[{"embeddable":true,"href":"https:\/\/www.largepillow.com\/es\/wp-json\/wp\/v2\/media\/3465"}],"wp:attachment":[{"href":"https:\/\/www.largepillow.com\/es\/wp-json\/wp\/v2\/media?parent=3481"}],"wp:term":[{"taxonomy":"product_brand","embeddable":true,"href":"https:\/\/www.largepillow.com\/es\/wp-json\/wp\/v2\/product_brand?post=3481"},{"taxonomy":"product_cat","embeddable":true,"href":"https:\/\/www.largepillow.com\/es\/wp-json\/wp\/v2\/product_cat?post=3481"},{"taxonomy":"product_tag","embeddable":true,"href":"https:\/\/www.largepillow.com\/es\/wp-json\/wp\/v2\/product_tag?post=3481"}],"curies":[{"name":"Gracias","href":"https:\/\/api.w.org\/{rel}","templated":true}]}}