{"id":3491,"date":"2024-07-25T03:29:02","date_gmt":"2024-07-25T03:29:02","guid":{"rendered":"https:\/\/www.largepillow.com\/product\/big-gray-bed-reading-pillow-with-arms-lumbar-support"},"modified":"2024-10-03T16:31:25","modified_gmt":"2024-10-03T16:31:25","slug":"almohada-de-lectura-para-cama-grande-gris-con-soporte-lumbar-para-brazos","status":"publish","type":"product","link":"https:\/\/www.largepillow.com\/es\/product\/big-gray-bed-reading-pillow-with-arms-lumbar-support","title":{"rendered":"Almohada de lectura para cama grande gris con brazos y soporte lumbar"},"content":{"rendered":"[zc_getpagecontent mb=&#8221;mb_aplus&#8221; apid=&#8221;68&#8243;]\n","protected":false},"excerpt":{"rendered":"<ul>\n<li>Tela de terciopelo suave: esta almohada de lectura para silla de cama de primera categor\u00eda est\u00e1 rellena de algod\u00f3n PP de alta calidad, que es suave y el\u00e1stico, lo que te hace sentir incre\u00edblemente c\u00f3modo. La funda de almohada est\u00e1 hecha de suave tela de terciopelo holand\u00e9s, con un tacto delicado y agradable para la piel. Las fundas de almohada de felpa son desmontables y lavables a m\u00e1quina.<\/li>\n<li>Tama\u00f1o: el coj\u00edn mide 56 cm de alto por 89 cm de ancho, lo que proporciona un apoyo firme y amplio para la espalda. Cada brazo tiene un grosor de 19 cm para sostener los hombros y el cuello, aliviar la tensi\u00f3n muscular y relajar el cuerpo. Peso: 2,9 kg. Lavado: lavar a m\u00e1quina en agua fr\u00eda por separado para facilitar el cuidado.<\/li>\n<li>Cremalleras: La parte inferior de la funda del coj\u00edn es una cremallera invisible del mismo color, para una apariencia elegante, f\u00e1cil inserci\u00f3n y lavado. Protecci\u00f3n de doble capa para fundas de almohada y forro; simplemente abra la cremallera del forro interior para ajustar el relleno para un nivel de comodidad personalizado, redistribuy\u00e9ndolo seg\u00fan sea necesario para brindar soporte espec\u00edfico. Si necesita relleno adicional, estaremos encantados de proporcionarle algod\u00f3n PP adicional.<\/li>\n<li>La almohada de lectura con reposabrazos resistente proporciona una cierta altura de apoyo en la posici\u00f3n del codo. El respaldo suave y grueso tiene una elasticidad duradera, 2 botones decorativos, costuras reforzadas y ribetes delinean una apariencia completa y completa para una curva de relajaci\u00f3n de la espalda m\u00e1s ergon\u00f3mica. Nuestra almohada de lectura no solo es c\u00f3moda y linda, sino que tambi\u00e9n presenta un dise\u00f1o brillante y colorido que agregar\u00e1 un toque de color a cualquier habitaci\u00f3n.<\/li>\n<li>Desempaque y disfrute: la almohada trasera para dormir se comprime durante el env\u00edo. Simplemente desemb\u00e1lelo y espere entre 24 y 48 horas para que se expanda por completo.<\/li>\n<\/ul>","protected":false},"featured_media":3482,"comment_status":"open","ping_status":"closed","template":"","meta":[],"product_brand":[],"product_cat":[228],"product_tag":[],"class_list":{"0":"post-3491","1":"product","2":"type-product","3":"status-publish","4":"has-post-thumbnail","6":"product_cat-cushions","8":"first","9":"outofstock","10":"shipping-taxable","11":"purchasable","12":"product-type-simple"},"_links":{"self":[{"href":"https:\/\/www.largepillow.com\/es\/wp-json\/wp\/v2\/product\/3491","targetHints":{"allow":["GET"]}}],"collection":[{"href":"https:\/\/www.largepillow.com\/es\/wp-json\/wp\/v2\/product"}],"about":[{"href":"https:\/\/www.largepillow.com\/es\/wp-json\/wp\/v2\/types\/product"}],"replies":[{"embeddable":true,"href":"https:\/\/www.largepillow.com\/es\/wp-json\/wp\/v2\/comments?post=3491"}],"wp:featuredmedia":[{"embeddable":true,"href":"https:\/\/www.largepillow.com\/es\/wp-json\/wp\/v2\/media\/3482"}],"wp:attachment":[{"href":"https:\/\/www.largepillow.com\/es\/wp-json\/wp\/v2\/media?parent=3491"}],"wp:term":[{"taxonomy":"product_brand","embeddable":true,"href":"https:\/\/www.largepillow.com\/es\/wp-json\/wp\/v2\/product_brand?post=3491"},{"taxonomy":"product_cat","embeddable":true,"href":"https:\/\/www.largepillow.com\/es\/wp-json\/wp\/v2\/product_cat?post=3491"},{"taxonomy":"product_tag","embeddable":true,"href":"https:\/\/www.largepillow.com\/es\/wp-json\/wp\/v2\/product_tag?post=3491"}],"curies":[{"name":"Gracias","href":"https:\/\/api.w.org\/{rel}","templated":true}]}}