{"id":3508,"date":"2024-07-25T03:34:29","date_gmt":"2024-07-25T03:34:29","guid":{"rendered":"https:\/\/www.largepillow.com\/product\/large-folding-daybed-sofa-with-adjustable-headboard"},"modified":"2024-10-03T16:31:25","modified_gmt":"2024-10-03T16:31:25","slug":"gran-sofa-cama-plegable-con-cabecera-ajustable","status":"publish","type":"product","link":"https:\/\/www.largepillow.com\/es\/product\/large-folding-daybed-sofa-with-adjustable-headboard\/","title":{"rendered":"Sof\u00e1 cama plegable grande con cabecera ajustable"},"content":{"rendered":"","protected":false},"excerpt":{"rendered":"<ul>\n<li>M\u00c1XIMA COMODIDAD: Disfrute de una comodidad incomparable con el sof\u00e1 cama ajustable junto a la cama. Con una funda de lino de poli\u00e9ster y un acolchado de espuma de alta resiliencia, este sof\u00e1 plegable garantiza la m\u00e1xima comodidad, ya sea que est\u00e9 sentado y relaj\u00e1ndose, mirando televisi\u00f3n o descansando despu\u00e9s de un d\u00eda ajetreado.<\/li>\n<li>ARTESAN\u00cdA SUPERIOR: Con una funda de lino de poli\u00e9ster y un acolchado de espuma de alta resiliencia, este sof\u00e1 seccional combina practicidad y comodidad para una experiencia lujosa y duradera. F\u00e1cil de desmontar y montar, garantiza una elegancia duradera en cualquier estancia.<\/li>\n<li>SOPORTE ESTABLE: Disfrute de una relajaci\u00f3n tranquila con nuestro sof\u00e1 de piso. La espuma de alta densidad proporciona un excelente soporte y amortiguaci\u00f3n que se adapta a las curvas del cuerpo y alivia los puntos de presi\u00f3n. La estabilidad del sof\u00e1 abatible garantiza seguridad y confiabilidad, lo que le permite disfrutar de comodidad y durabilidad duraderas.<\/li>\n<li>DISE\u00d1O \u00daNICO Y F\u00c1CIL DE LIMPIAR: Este sof\u00e1 no solo es c\u00f3modo sino tambi\u00e9n f\u00e1cil de mantener limpio. El dise\u00f1o de cremallera invisible es f\u00e1cil de quitar y limpiar, manteniendo el sof\u00e1 ordenado. Te permite disfrutar de tu tiempo libre c\u00f3modamente.<\/li>\n<li>TAMA\u00d1O IDEAL PARA COMODIDAD: Nuestro sof\u00e1 plegable mide 190 * 76 * 55 cm, que es el tama\u00f1o ideal para un sill\u00f3n reclinable y es f\u00e1cil de almacenar y ahorrar espacio.<\/li>\n<\/ul>","protected":false},"featured_media":3492,"comment_status":"open","ping_status":"closed","template":"","meta":[],"product_brand":[],"product_cat":[228],"product_tag":[],"class_list":{"0":"post-3508","1":"product","2":"type-product","3":"status-publish","4":"has-post-thumbnail","6":"product_cat-cushions","8":"first","9":"outofstock","10":"shipping-taxable","11":"purchasable","12":"product-type-simple"},"_links":{"self":[{"href":"https:\/\/www.largepillow.com\/es\/wp-json\/wp\/v2\/product\/3508","targetHints":{"allow":["GET"]}}],"collection":[{"href":"https:\/\/www.largepillow.com\/es\/wp-json\/wp\/v2\/product"}],"about":[{"href":"https:\/\/www.largepillow.com\/es\/wp-json\/wp\/v2\/types\/product"}],"replies":[{"embeddable":true,"href":"https:\/\/www.largepillow.com\/es\/wp-json\/wp\/v2\/comments?post=3508"}],"wp:featuredmedia":[{"embeddable":true,"href":"https:\/\/www.largepillow.com\/es\/wp-json\/wp\/v2\/media\/3492"}],"wp:attachment":[{"href":"https:\/\/www.largepillow.com\/es\/wp-json\/wp\/v2\/media?parent=3508"}],"wp:term":[{"taxonomy":"product_brand","embeddable":true,"href":"https:\/\/www.largepillow.com\/es\/wp-json\/wp\/v2\/product_brand?post=3508"},{"taxonomy":"product_cat","embeddable":true,"href":"https:\/\/www.largepillow.com\/es\/wp-json\/wp\/v2\/product_cat?post=3508"},{"taxonomy":"product_tag","embeddable":true,"href":"https:\/\/www.largepillow.com\/es\/wp-json\/wp\/v2\/product_tag?post=3508"}],"curies":[{"name":"Gracias","href":"https:\/\/api.w.org\/{rel}","templated":true}]}}