{"id":3516,"date":"2024-07-25T03:42:01","date_gmt":"2024-07-25T03:42:01","guid":{"rendered":"https:\/\/www.largepillow.com\/product\/ear-piercing-pillow-for-side-sleepers-memory-foam-with-holes"},"modified":"2026-04-06T12:03:16","modified_gmt":"2026-04-06T12:03:16","slug":"almohada-perforadora-de-oreja-para-personas-que-duermen-de-lado-espuma-viscoelastica-con-agujeros","status":"publish","type":"product","link":"https:\/\/www.largepillow.com\/es\/product\/ear-piercing-pillow-for-side-sleepers-memory-foam-with-holes","title":{"rendered":"Almohada perforadora de oreja para personas que duermen de lado, espuma viscoel\u00e1stica con agujeros"},"content":{"rendered":"[zc_getpagecontent mb=&#8221;mb_aplus&#8221; apid=&#8221;65&#8243;]\n","protected":false},"excerpt":{"rendered":"<ul>\n<li><strong>Detalle del tama\u00f1o:<\/strong> El di\u00e1metro de la almohada para la oreja es de aproximadamente 54*35*10 cm de largo, ancho y grosor, el di\u00e1metro interior del orificio para la oreja es de aproximadamente 15*10 cm de largo y ancho, los dos orificios grandes significan m\u00e1s comodidad, nuestra almohada casi no ejerce presi\u00f3n. Tus orejas, permiten que tu cuello y tu cabeza se relajen completamente y eliminen la tensi\u00f3n y el estr\u00e9s, para que puedas entrar r\u00e1pidamente en un estado de sue\u00f1o, mientras que es lo suficientemente grande como para acomodar auriculares para mayor comodidad y comodidad.<\/li>\n<li><strong>M\u00e1xima comodidad para los o\u00eddos:<\/strong> La almohada para piercing de oreja est\u00e1 hecha de Memory Foam Pillow Core, que es suave y tiene buenas caracter\u00edsticas de apoyo, para dormir como en la nube. La funda de almohada est\u00e1 hecha de tela de algod\u00f3n con capa de aire, que es suave, transpirable y refrescante. Todos los materiales son seguros y respetuosos con la piel, lo que te har\u00e1 despertar con la cara brillante por la ma\u00f1ana.<\/li>\n<li><strong>Alivio del dolor de o\u00eddo:<\/strong> La almohada para piercing de oreja es muy \u00fatil para aliviar el dolor de o\u00eddo durante el sue\u00f1o. cuando se perfora la oreja o se lesiona la oreja, cuando est\u00e1 acostumbrado a usar tapones para los o\u00eddos o aud\u00edfonos para dormir, lejos del ruido o de los ronquidos de su pareja, esta almohada con orificio para la oreja es una sorpresa especial para usted, ya que le brinda un sue\u00f1o tranquilo o se queda dormido con m\u00fasica. sin dolores de o\u00eddo<\/li>\n<li><strong>Dise\u00f1o vers\u00e1til:<\/strong> El \u00e1rea para dormir de lado de la almohada perforadora con dise\u00f1o de doble orificio para la oreja para quienes duermen de lado y usan piercing en la oreja y aud\u00edfonos, ayuda a aliviar el dolor de o\u00eddo. Y el \u00e1rea para dormir boca arriba sostiene su cuello para un dulce sue\u00f1o durante toda la noche. Dise\u00f1o de contorno curvo para un ajuste m\u00e1s ergon\u00f3mico alrededor del cuello y los hombros, el peque\u00f1o orificio en el medio de la almohada se adapta perfectamente a sus o\u00eddos y le brinda una experiencia de sue\u00f1o placentera.<\/li>\n<li><strong>Amplia aplicaci\u00f3n:<\/strong> la almohada para perforar orejas es m\u00e1s que una simple almohada; es una soluci\u00f3n completa. El gran orificio para la oreja se adapta c\u00f3modamente a aretes, aud\u00edfonos, tapones para los o\u00eddos con cancelaci\u00f3n de ruido y aud\u00edfonos, lo que lo convierte en la opci\u00f3n ideal para quienes tienen diversas necesidades relacionadas con los o\u00eddos.<\/li>\n<\/ul>","protected":false},"featured_media":3509,"comment_status":"open","ping_status":"closed","template":"","meta":[],"product_brand":[],"product_cat":[228],"product_tag":[],"class_list":{"0":"post-3516","1":"product","2":"type-product","3":"status-publish","4":"has-post-thumbnail","6":"product_cat-cushions","8":"first","9":"instock","10":"shipping-taxable","11":"purchasable","12":"product-type-simple"},"_links":{"self":[{"href":"https:\/\/www.largepillow.com\/es\/wp-json\/wp\/v2\/product\/3516","targetHints":{"allow":["GET"]}}],"collection":[{"href":"https:\/\/www.largepillow.com\/es\/wp-json\/wp\/v2\/product"}],"about":[{"href":"https:\/\/www.largepillow.com\/es\/wp-json\/wp\/v2\/types\/product"}],"replies":[{"embeddable":true,"href":"https:\/\/www.largepillow.com\/es\/wp-json\/wp\/v2\/comments?post=3516"}],"wp:featuredmedia":[{"embeddable":true,"href":"https:\/\/www.largepillow.com\/es\/wp-json\/wp\/v2\/media\/3509"}],"wp:attachment":[{"href":"https:\/\/www.largepillow.com\/es\/wp-json\/wp\/v2\/media?parent=3516"}],"wp:term":[{"taxonomy":"product_brand","embeddable":true,"href":"https:\/\/www.largepillow.com\/es\/wp-json\/wp\/v2\/product_brand?post=3516"},{"taxonomy":"product_cat","embeddable":true,"href":"https:\/\/www.largepillow.com\/es\/wp-json\/wp\/v2\/product_cat?post=3516"},{"taxonomy":"product_tag","embeddable":true,"href":"https:\/\/www.largepillow.com\/es\/wp-json\/wp\/v2\/product_tag?post=3516"}],"curies":[{"name":"Gracias","href":"https:\/\/api.w.org\/{rel}","templated":true}]}}