{"id":3563,"date":"2024-07-25T05:38:21","date_gmt":"2024-07-25T05:38:21","guid":{"rendered":"https:\/\/www.largepillow.com\/product\/self-supporting-wedge-backrest-cushion-for-reading"},"modified":"2025-04-20T21:59:31","modified_gmt":"2025-04-20T21:59:31","slug":"cojin-de-respaldo-de-cuna-autoportante-para-lectura","status":"publish","type":"product","link":"https:\/\/www.largepillow.com\/es\/product\/self-supporting-wedge-backrest-cushion-for-reading\/","title":{"rendered":"Coj\u00edn de respaldo de cu\u00f1a autoportante para lectura"},"content":{"rendered":"[zc_getpagecontent mb=&#8221;mb_aplus&#8221; apid=&#8221;58&#8243;]\n","protected":false},"excerpt":{"rendered":"<ul>\n<li>Material de calidad: la almohada de respaldo autoportante consta de un soporte en forma de cu\u00f1a y una almohada de respaldo, que est\u00e1n hechas de soporte de esponja y almohada rellena de algod\u00f3n PP, el medio de la conexi\u00f3n de cremallera, la parte inferior de esponja con antideslizante para aumentar la resistencia. , La almohada no necesita soporte adicional, se puede colocar de pie, al apoyarse en la almohada de soporte de cu\u00f1a, mayor ser\u00e1 la fuerza, m\u00e1s estable y relajante.<\/li>\n<li>Detalle del tama\u00f1o: la almohada de lectura mide 75 \u00d7 58 \u00d7 55 cm de largo, ancho y alto, lo que proporciona una almohada de apoyo firme para la espalda. La curva de esponja para sostener la columna vertebral, la almohada de algod\u00f3n PP se adapta a su cuerpo, cuando se apoya en el respaldo, la forma de los dos lados hacia adentro como un gran abrazo, soporte integral para la espalda, apoyo, suave y c\u00f3modo.<\/li>\n<li>Dise\u00f1o ergon\u00f3mico: el respaldo del coj\u00edn del sof\u00e1 junto a la cama est\u00e1 especialmente dise\u00f1ado para imitar la curva natural de la columna vertebral humana, brindando un amplio apoyo y relajaci\u00f3n durante largas horas sentado o reclinado. D\u00edgale adi\u00f3s a las molestias de espalda y cuello con nuestras c\u00f3modas y c\u00f3modas almohadas de lectura para adultos sentados en la cama.<\/li>\n<li>Dise\u00f1o autoportante: la almohada triangular autoportante presenta un dise\u00f1o inferior en forma de cu\u00f1a con un fondo antideslizante para mayor resistencia. No es necesario que el coj\u00edn triangular se apoye contra una pared para brindar un soporte estable, y cuanto m\u00e1s se apoye contra \u00e9l, m\u00e1s estable ser\u00e1 el coj\u00edn. Las almohadas triangulares autoportantes se pueden utilizar en sof\u00e1s, camas y suelos sin limitar los escenarios, haci\u00e9ndolos m\u00e1s flexibles.<\/li>\n<li>Uso vers\u00e1til: el respaldo del coj\u00edn del sof\u00e1 junto a la cama no es solo para camas. Se puede utilizar en sof\u00e1s y en el suelo. Proporciona un excelente soporte para el cuello, la espalda y la cintura y la cadera, lo que lo convierte en el accesorio perfecto para todas sus actividades de ocio. Esta almohada de cu\u00f1a para cabecera ser\u00e1 un gran regalo para los amantes, amigos, padres en todos los festivales.<\/li>\n<\/ul>","protected":false},"featured_media":3556,"comment_status":"open","ping_status":"closed","template":"","meta":[],"product_brand":[],"product_cat":[228],"product_tag":[],"class_list":{"0":"post-3563","1":"product","2":"type-product","3":"status-publish","4":"has-post-thumbnail","6":"product_cat-cushions","8":"first","9":"outofstock","10":"shipping-taxable","11":"purchasable","12":"product-type-simple"},"_links":{"self":[{"href":"https:\/\/www.largepillow.com\/es\/wp-json\/wp\/v2\/product\/3563","targetHints":{"allow":["GET"]}}],"collection":[{"href":"https:\/\/www.largepillow.com\/es\/wp-json\/wp\/v2\/product"}],"about":[{"href":"https:\/\/www.largepillow.com\/es\/wp-json\/wp\/v2\/types\/product"}],"replies":[{"embeddable":true,"href":"https:\/\/www.largepillow.com\/es\/wp-json\/wp\/v2\/comments?post=3563"}],"wp:featuredmedia":[{"embeddable":true,"href":"https:\/\/www.largepillow.com\/es\/wp-json\/wp\/v2\/media\/3556"}],"wp:attachment":[{"href":"https:\/\/www.largepillow.com\/es\/wp-json\/wp\/v2\/media?parent=3563"}],"wp:term":[{"taxonomy":"product_brand","embeddable":true,"href":"https:\/\/www.largepillow.com\/es\/wp-json\/wp\/v2\/product_brand?post=3563"},{"taxonomy":"product_cat","embeddable":true,"href":"https:\/\/www.largepillow.com\/es\/wp-json\/wp\/v2\/product_cat?post=3563"},{"taxonomy":"product_tag","embeddable":true,"href":"https:\/\/www.largepillow.com\/es\/wp-json\/wp\/v2\/product_tag?post=3563"}],"curies":[{"name":"Gracias","href":"https:\/\/api.w.org\/{rel}","templated":true}]}}