{"id":3754,"date":"2024-09-03T04:08:26","date_gmt":"2024-09-03T04:08:26","guid":{"rendered":"https:\/\/www.largepillow.com\/product\/3d-planet-throw-pillows-solar-system-decor-soft-cushion-black-moon"},"modified":"2024-10-03T16:31:34","modified_gmt":"2024-10-03T16:31:34","slug":"cojines-con-diseno-de-planetas-en-3d-decoracion-del-sistema-solar-cojin-suave-luna-negra","status":"publish","type":"product","link":"https:\/\/www.largepillow.com\/es\/product\/3d-planet-throw-pillows-solar-system-decor-soft-cushion-black-moon","title":{"rendered":"Cojines con dise\u00f1o de planetas en 3D, decoraci\u00f3n del sistema solar, coj\u00edn suave (luna negra)"},"content":{"rendered":"","protected":false},"excerpt":{"rendered":"<ul>\n<li><strong>Dise\u00f1o con tem\u00e1tica de planeta:<\/strong>\u00a0Crea una decoraci\u00f3n \u00fanica para tu hogar con estas almohadas del sistema solar que representan el Sol, la Tierra, la Luna, Venus, J\u00fapiter, Mercurio, Marte, Saturno, Urano, Neptuno y Plut\u00f3n. Cada funda presenta un dise\u00f1o planetario \u00fanico que te da la libertad de mezclar y combinar para lograr un estilo personalizado.<\/li>\n<li><strong>Almohada de suelo pr\u00e1ctica:<\/strong> Estos cojines con forma de planeta se pueden utilizar como accesorios vers\u00e1tiles en un estudio fotogr\u00e1fico o como c\u00f3modos cojines de suelo, cojines decorativos, cojines de sof\u00e1, cojines en cu\u00f1a y cojines de sof\u00e1 para decorar tu hogar, jard\u00edn y guarder\u00eda. Ofrecen un c\u00f3modo coj\u00edn para la cabeza o la espalda mientras te relajas y te relajas, lo que los hace perfectos para usar como detalle decorativo o como asiento adicional. Tambi\u00e9n son ideales para practicar yoga o meditaci\u00f3n.<\/li>\n<li><strong>Almohada decorativa para el suelo:<\/strong> Estas almohadas con motivos de planetas son perfectas para a\u00f1adir un toque de elegancia y comodidad a tu dormitorio, sala de estar o cualquier otro espacio de tu hogar. Los colores vibrantes y los dise\u00f1os \u00fanicos las convierten en tema de conversaci\u00f3n y se pueden combinar f\u00e1cilmente con otros elementos decorativos para lograr un aspecto cohesivo. Puedes mezclar y combinar diferentes estilos para crear una decoraci\u00f3n personalizada con tem\u00e1tica espacial que refleje tu personalidad y estilo.<\/li>\n<li><strong>Como regalo:<\/strong> La almohada con tem\u00e1tica de planetas es un excelente regalo para cualquier amante del espacio, la astronom\u00eda o la ciencia. Es perfecta para ni\u00f1os, adolescentes, estudiantes universitarios o adultos que quieran a\u00f1adir un elemento divertido y funcional a su habitaci\u00f3n. Tambi\u00e9n puedes regalarla en ocasiones especiales como cumplea\u00f1os, Navidad o graduaci\u00f3n.<\/li>\n<li><strong>Instrucciones de lavado:<\/strong> El coj\u00edn Planet est\u00e1 elaborado con tela de terciopelo grueso de alta calidad, lo que garantiza durabilidad y calidad. Cuenta con una cremallera para una limpieza f\u00e1cil, lo que hace que el mantenimiento sea muy sencillo. El relleno es poli\u00e9ster 100% para una elasticidad excepcional. Lavar a m\u00e1quina solo con agua fr\u00eda, solo ciclo suave, no usar blanqueador, secar en secadora a baja temperatura, secar en secadora a baja temperatura si es necesario. La tela suave y agradable para la piel ser\u00e1 la mejor opci\u00f3n para familiares, amigos y ni\u00f1os.<\/li>\n<li><strong>Tama\u00f1o:<\/strong>\u00a0Grande (16 \u00d7 16 pulgadas | 41 x 41 cm), mediano (10 \u00d7 10 pulgadas | 25 x 25 cm)<\/li>\n<\/ul>","protected":false},"featured_media":3744,"comment_status":"open","ping_status":"closed","template":"","meta":[],"product_brand":[],"product_cat":[231],"product_tag":[],"class_list":{"0":"post-3754","1":"product","2":"type-product","3":"status-publish","4":"has-post-thumbnail","6":"product_cat-throw-pillows","8":"first","9":"instock","10":"shipping-taxable","11":"purchasable","12":"product-type-variable","13":"has-default-attributes"},"_links":{"self":[{"href":"https:\/\/www.largepillow.com\/es\/wp-json\/wp\/v2\/product\/3754","targetHints":{"allow":["GET"]}}],"collection":[{"href":"https:\/\/www.largepillow.com\/es\/wp-json\/wp\/v2\/product"}],"about":[{"href":"https:\/\/www.largepillow.com\/es\/wp-json\/wp\/v2\/types\/product"}],"replies":[{"embeddable":true,"href":"https:\/\/www.largepillow.com\/es\/wp-json\/wp\/v2\/comments?post=3754"}],"wp:featuredmedia":[{"embeddable":true,"href":"https:\/\/www.largepillow.com\/es\/wp-json\/wp\/v2\/media\/3744"}],"wp:attachment":[{"href":"https:\/\/www.largepillow.com\/es\/wp-json\/wp\/v2\/media?parent=3754"}],"wp:term":[{"taxonomy":"product_brand","embeddable":true,"href":"https:\/\/www.largepillow.com\/es\/wp-json\/wp\/v2\/product_brand?post=3754"},{"taxonomy":"product_cat","embeddable":true,"href":"https:\/\/www.largepillow.com\/es\/wp-json\/wp\/v2\/product_cat?post=3754"},{"taxonomy":"product_tag","embeddable":true,"href":"https:\/\/www.largepillow.com\/es\/wp-json\/wp\/v2\/product_tag?post=3754"}],"curies":[{"name":"Gracias","href":"https:\/\/api.w.org\/{rel}","templated":true}]}}