{"id":3932,"date":"2024-09-05T03:31:25","date_gmt":"2024-09-05T03:31:25","guid":{"rendered":"https:\/\/www.largepillow.com\/product\/denim-reading-pillow-with-arms-for-adult-back-lumbar-support"},"modified":"2024-10-03T16:31:24","modified_gmt":"2024-10-03T16:31:24","slug":"almohada-de-lectura-de-mezclilla-con-brazos-para-apoyo-lumbar-de-la-espalda-de-adultos","status":"publish","type":"product","link":"https:\/\/www.largepillow.com\/es\/product\/denim-reading-pillow-with-arms-for-adult-back-lumbar-support","title":{"rendered":"Almohada de lectura de mezclilla con brazos para adultos: soporte lumbar para la espalda"},"content":{"rendered":"[zc_getpagecontent mb=&#8221;mb_aplus&#8221; apid=&#8221;92&#8243;]\n","protected":false},"excerpt":{"rendered":"<ul>\n<li>Tela vaquera: hecha de tela vaquera te\u00f1ida con hilo prelavado de algod\u00f3n y poli\u00e9ster, c\u00f3moda y duradera, con costuras dobles en contraste, que le dan un aspecto elegante y moderno. Adecuada para sof\u00e1, cama, hogar, oficina, dormitorio. La tela vaquera lavada combinada con botones de gamuza y cuero sint\u00e9tico marr\u00f3n impermeable agrega un ambiente moderno, lo que la hace m\u00e1s adecuada para varios estilos de decoraci\u00f3n de interiores.<\/li>\n<li>Tama\u00f1o: El coj\u00edn mide 56 cm de alto por 89 cm de ancho, lo que proporciona un amplio y firme soporte para la espalda. Cada brazo tiene un grosor de 19 cm para sostener los hombros y el cuello, aliviar la tensi\u00f3n muscular y relajar el cuerpo. Peso: 2,9 kg. Lavado: Lavar a m\u00e1quina con agua fr\u00eda por separado para un cuidado f\u00e1cil.<\/li>\n<li>Cremalleras: La parte inferior de la funda del coj\u00edn es una cremallera invisible del mismo color, para una apariencia elegante, f\u00e1cil inserci\u00f3n y lavado. Protecci\u00f3n de doble capa para fundas de almohada y forro; simplemente abra la cremallera del forro interior para ajustar el relleno para un nivel de comodidad personalizado, redistribuy\u00e9ndolo seg\u00fan sea necesario para brindar soporte espec\u00edfico. Si necesita relleno adicional, estaremos encantados de proporcionarle algod\u00f3n PP adicional.<\/li>\n<li>La almohada de lectura con reposabrazos resistente proporciona una cierta altura de apoyo en la posici\u00f3n del codo. El respaldo suave y grueso tiene una elasticidad duradera, 2 botones decorativos, costuras reforzadas y ribetes delinean una apariencia completa y completa para una curva de relajaci\u00f3n de la espalda m\u00e1s ergon\u00f3mica. Nuestra almohada de lectura no solo es c\u00f3moda y linda, sino que tambi\u00e9n presenta un dise\u00f1o brillante y colorido que agregar\u00e1 un toque de color a cualquier habitaci\u00f3n.<\/li>\n<li>Desembale y disfrute: la almohada para la espalda para sentarse en la cama se comprime durante el env\u00edo. Simplemente desembale y espere de 24 a 48 horas para que se expanda por completo.<\/li>\n<\/ul>","protected":false},"featured_media":3923,"comment_status":"open","ping_status":"closed","template":"","meta":[],"product_brand":[],"product_cat":[228],"product_tag":[],"class_list":{"0":"post-3932","1":"product","2":"type-product","3":"status-publish","4":"has-post-thumbnail","6":"product_cat-cushions","8":"first","9":"outofstock","10":"shipping-taxable","11":"purchasable","12":"product-type-simple"},"_links":{"self":[{"href":"https:\/\/www.largepillow.com\/es\/wp-json\/wp\/v2\/product\/3932","targetHints":{"allow":["GET"]}}],"collection":[{"href":"https:\/\/www.largepillow.com\/es\/wp-json\/wp\/v2\/product"}],"about":[{"href":"https:\/\/www.largepillow.com\/es\/wp-json\/wp\/v2\/types\/product"}],"replies":[{"embeddable":true,"href":"https:\/\/www.largepillow.com\/es\/wp-json\/wp\/v2\/comments?post=3932"}],"wp:featuredmedia":[{"embeddable":true,"href":"https:\/\/www.largepillow.com\/es\/wp-json\/wp\/v2\/media\/3923"}],"wp:attachment":[{"href":"https:\/\/www.largepillow.com\/es\/wp-json\/wp\/v2\/media?parent=3932"}],"wp:term":[{"taxonomy":"product_brand","embeddable":true,"href":"https:\/\/www.largepillow.com\/es\/wp-json\/wp\/v2\/product_brand?post=3932"},{"taxonomy":"product_cat","embeddable":true,"href":"https:\/\/www.largepillow.com\/es\/wp-json\/wp\/v2\/product_cat?post=3932"},{"taxonomy":"product_tag","embeddable":true,"href":"https:\/\/www.largepillow.com\/es\/wp-json\/wp\/v2\/product_tag?post=3932"}],"curies":[{"name":"Gracias","href":"https:\/\/api.w.org\/{rel}","templated":true}]}}