{"id":4000,"date":"2024-09-05T04:21:48","date_gmt":"2024-09-05T04:21:48","guid":{"rendered":"https:\/\/www.largepillow.com\/product\/large-wedge-reading-pillow-for-bed-daybed-bolster-backrest-blue"},"modified":"2024-10-03T16:31:34","modified_gmt":"2024-10-03T16:31:34","slug":"almohada-de-lectura-de-cuna-grande-para-cama-sofa-cama-respaldo-reforzado-azul","status":"publish","type":"product","link":"https:\/\/www.largepillow.com\/es\/product\/large-wedge-reading-pillow-for-bed-daybed-bolster-backrest-blue","title":{"rendered":"Almohada de lectura de cu\u00f1a grande para cama, sof\u00e1 cama, respaldo acolchado, color azul"},"content":{"rendered":"","protected":false},"excerpt":{"rendered":"<ul>\n<li>M\u00e1xima comodidad: esta almohada de cabecera XL ofrece una comodidad excelente gracias a su dise\u00f1o de forma triangular. El coj\u00edn de apoyo para la cama se adapta bien a la espalda y la cintura, lo que minimiza la presi\u00f3n lumbar\/espalda. Esta almohada de lectura en forma de cu\u00f1a puede ayudarlo a mantenerse libre de tensiones en la cama o el sof\u00e1, lo que es ideal para los noct\u00e1mbulos, los ratones de biblioteca y los que miran televisi\u00f3n en la cama. Esta almohada de apoyo extragrande es la \u00fanica almohada de cabecera en forma de cu\u00f1a que puede acomodar a dos personas.<\/li>\n<li>Almohada grande 3 en 1: puedes usar la almohada en posici\u00f3n vertical como almohada de cabecera para apoyar la espalda al sentarte en la cama o colocarla sobre la cama para usarla como una almohada grande en cu\u00f1a al dormir boca arriba o de costado, o como una almohada para elevar las piernas. Si quieres una almohada grande para la cabecera que brinde apoyo tanto para ti como para tu c\u00f3nyuge, es una excelente alternativa.<\/li>\n<li>Dise\u00f1o multifuncional: algunas personas usan el coj\u00edn triangular grande como almohada para la cabecera de la cama, mientras que otras lo usan como almohada para el parachoques. Tambi\u00e9n puede usarse como almohada para el respaldo de un sof\u00e1 o un div\u00e1n. Es elegante y funcional, lo que lo convierte en un excelente complemento para cualquier dormitorio.<\/li>\n<li>Artesan\u00eda superior: la funda de almohada tiene un aspecto de pana y la composici\u00f3n es poli\u00e9ster 100%. Nuestra almohada de cabecera es transpirable y lo suficientemente c\u00f3moda como para mantener su forma y no perder su forma con el tiempo, un bolsillo lateral en cada lado le permite deslizar su libro o su tel\u00e9fono.<\/li>\n<li>F\u00e1cil de lavar: la funda de la almohada de lectura se fija a la almohada con botones y se quita f\u00e1cilmente con una simple cremallera. Esto hace que su limpieza sea muy sencilla. Simplemente retire la funda y l\u00e1vela r\u00e1pidamente a m\u00e1quina para que su almohada luzca como nueva.<\/li>\n<li><strong>Tama\u00f1o:<\/strong> 60 cm (60 x 20 x 50 cm, 2 botones), 80 cm (80 x 20 x 50 cm, 2 botones), 100 cm (100 x 20 x 50 cm, 3 botones), 120 cm (120 x 20 x 50 cm, 4 botones), 140 cm (140 x 20 x 50 cm, 4 botones), 160 cm (160 x 20 x 50 cm, 5 botones), 180 cm (180 x 20 x 50 cm, 6 botones), 200 cm (200 x 20 x 50 cm, 7 botones)<\/li>\n<\/ul>","protected":false},"featured_media":3984,"comment_status":"open","ping_status":"closed","template":"","meta":[],"product_brand":[],"product_cat":[15],"product_tag":[],"class_list":{"0":"post-4000","1":"product","2":"type-product","3":"status-publish","4":"has-post-thumbnail","6":"product_cat-large-wedge-pillow","8":"first","9":"instock","10":"shipping-taxable","11":"purchasable","12":"product-type-variable","13":"has-default-attributes"},"_links":{"self":[{"href":"https:\/\/www.largepillow.com\/es\/wp-json\/wp\/v2\/product\/4000","targetHints":{"allow":["GET"]}}],"collection":[{"href":"https:\/\/www.largepillow.com\/es\/wp-json\/wp\/v2\/product"}],"about":[{"href":"https:\/\/www.largepillow.com\/es\/wp-json\/wp\/v2\/types\/product"}],"replies":[{"embeddable":true,"href":"https:\/\/www.largepillow.com\/es\/wp-json\/wp\/v2\/comments?post=4000"}],"wp:featuredmedia":[{"embeddable":true,"href":"https:\/\/www.largepillow.com\/es\/wp-json\/wp\/v2\/media\/3984"}],"wp:attachment":[{"href":"https:\/\/www.largepillow.com\/es\/wp-json\/wp\/v2\/media?parent=4000"}],"wp:term":[{"taxonomy":"product_brand","embeddable":true,"href":"https:\/\/www.largepillow.com\/es\/wp-json\/wp\/v2\/product_brand?post=4000"},{"taxonomy":"product_cat","embeddable":true,"href":"https:\/\/www.largepillow.com\/es\/wp-json\/wp\/v2\/product_cat?post=4000"},{"taxonomy":"product_tag","embeddable":true,"href":"https:\/\/www.largepillow.com\/es\/wp-json\/wp\/v2\/product_tag?post=4000"}],"curies":[{"name":"Gracias","href":"https:\/\/api.w.org\/{rel}","templated":true}]}}