{"id":4182,"date":"2024-09-12T03:55:25","date_gmt":"2024-09-12T03:55:25","guid":{"rendered":"https:\/\/www.largepillow.com\/product\/triangular-headboard-pillow-for-sleeping-with-side-pocket"},"modified":"2024-10-03T16:31:33","modified_gmt":"2024-10-03T16:31:33","slug":"almohada-de-cabecera-triangular-para-dormir-con-bolsillo-lateral","status":"publish","type":"product","link":"https:\/\/www.largepillow.com\/es\/product\/triangular-headboard-pillow-for-sleeping-with-side-pocket","title":{"rendered":"Almohada triangular para cabecera de cama con bolsillo lateral"},"content":{"rendered":"","protected":false},"excerpt":{"rendered":"<ul>\n<li><strong>Artesan\u00eda de alta calidad:<\/strong> Para que los cojines del respaldo se vean m\u00e1s perfectos y armoniosos, el dise\u00f1ador eligi\u00f3 un bot\u00f3n decorativo del mismo color que la funda del coj\u00edn. La funda del coj\u00edn es suave y duradera, y el coj\u00edn en forma de cu\u00f1a es suave y el\u00e1stico. Hay una cremallera en la parte inferior y el relleno de algod\u00f3n est\u00e1 empaquetado en una capa de relleno. El algod\u00f3n PP se puede agregar o reducir seg\u00fan su propia sensaci\u00f3n durante el uso.<\/li>\n<li><strong>Material:<\/strong> Funda de almohada estampada con forma de cu\u00f1a, fabricada en algod\u00f3n 100%. El relleno est\u00e1 hecho de fibra de poli\u00e9ster (algod\u00f3n PP). Suave al tacto, te\u00f1ida de forma respetuosa con el medio ambiente, no hace bolitas ni se decolora. Los delicados estampados decoran mejor el ambiente interior.<\/li>\n<li><strong>Funci\u00f3n:<\/strong>\u00a0Nuestros cojines de apoyo funcionales pueden sostener su espalda cuando trabaja o lee, para que no se sienta tan cansado. Ll\u00e9velos a casa y sus sof\u00e1s y camas comunes se volver\u00e1n m\u00e1s refinados. Adem\u00e1s, nuestra almohada de cabecera de felpa estampada puede darle un aspecto fresco y elegante a los balcones de la sala de estar interior y las sillas de jard\u00edn al aire libre. Los tel\u00e9fonos celulares u otras necesidades diarias se pueden guardar en los bolsillos laterales de los cojines.<\/li>\n<li><strong>Tama\u00f1o:<\/strong> 60 cm (60 x 20 x 50 cm), 140 cm (140 x 20 x 50 cm), 180 cm (180 x 20 x 50 cm)<\/li>\n<li>Tenga en cuenta que los botones no se pueden quitar y est\u00e1n firmemente cosidos al n\u00facleo del coj\u00edn. Hay un orificio debajo de cada bot\u00f3n que se dej\u00f3 deliberadamente atr\u00e1s para facilitar la extracci\u00f3n de la funda del coj\u00edn.<\/li>\n<\/ul>","protected":false},"featured_media":4169,"comment_status":"open","ping_status":"closed","template":"","meta":[],"product_brand":[],"product_cat":[15],"product_tag":[],"class_list":{"0":"post-4182","1":"product","2":"type-product","3":"status-publish","4":"has-post-thumbnail","6":"product_cat-large-wedge-pillow","8":"first","9":"instock","10":"shipping-taxable","11":"purchasable","12":"product-type-variable","13":"has-default-attributes"},"_links":{"self":[{"href":"https:\/\/www.largepillow.com\/es\/wp-json\/wp\/v2\/product\/4182","targetHints":{"allow":["GET"]}}],"collection":[{"href":"https:\/\/www.largepillow.com\/es\/wp-json\/wp\/v2\/product"}],"about":[{"href":"https:\/\/www.largepillow.com\/es\/wp-json\/wp\/v2\/types\/product"}],"replies":[{"embeddable":true,"href":"https:\/\/www.largepillow.com\/es\/wp-json\/wp\/v2\/comments?post=4182"}],"wp:featuredmedia":[{"embeddable":true,"href":"https:\/\/www.largepillow.com\/es\/wp-json\/wp\/v2\/media\/4169"}],"wp:attachment":[{"href":"https:\/\/www.largepillow.com\/es\/wp-json\/wp\/v2\/media?parent=4182"}],"wp:term":[{"taxonomy":"product_brand","embeddable":true,"href":"https:\/\/www.largepillow.com\/es\/wp-json\/wp\/v2\/product_brand?post=4182"},{"taxonomy":"product_cat","embeddable":true,"href":"https:\/\/www.largepillow.com\/es\/wp-json\/wp\/v2\/product_cat?post=4182"},{"taxonomy":"product_tag","embeddable":true,"href":"https:\/\/www.largepillow.com\/es\/wp-json\/wp\/v2\/product_tag?post=4182"}],"curies":[{"name":"Gracias","href":"https:\/\/api.w.org\/{rel}","templated":true}]}}