{"id":4221,"date":"2024-09-13T00:46:56","date_gmt":"2024-09-13T00:46:56","guid":{"rendered":"https:\/\/www.largepillow.com\/product\/space-themed-backrest-cushion-for-kids-headboard-pillow-jupiter"},"modified":"2024-10-03T16:31:23","modified_gmt":"2024-10-03T16:31:23","slug":"cojin-de-respaldo-con-tematica-espacial-para-cabecera-de-cama-infantil-almohada-jupiter","status":"publish","type":"product","link":"https:\/\/www.largepillow.com\/es\/product\/space-themed-backrest-cushion-for-kids-headboard-pillow-jupiter","title":{"rendered":"Coj\u00edn de respaldo con tem\u00e1tica espacial para ni\u00f1os: almohada para cabecero (J\u00fapiter)"},"content":{"rendered":"[zc_getpagecontent mb=&#8221;mb_aplus&#8221; apid=&#8221;90&#8243;]\n","protected":false},"excerpt":{"rendered":"<ul>\n<li><strong>Tama\u00f1o del producto:<\/strong>\u00a0Disponemos de 3 tipos de almohadas de apoyo para la espalda con forma de planeta, que son la Tierra, la Luna y J\u00fapiter, que miden aproximadamente 39 x 19,6 pulgadas; puedes elegir el aspecto de tus almohadas favoritas para que combinen con tu estado de \u00e1nimo; Crea un dormitorio de ensue\u00f1o e imaginativo con esta adorable almohada de apoyo planetario, dise\u00f1ada para inspirar los sue\u00f1os de exploraci\u00f3n espacial de tu peque\u00f1o.<\/li>\n<li><strong>Suave y c\u00f3modo:<\/strong>\u00a0La almohada de lectura del planeta est\u00e1 hecha de tela de felpa corta, suave y c\u00f3moda, que ofrece una textura suave, c\u00e1lida y acogedora para usted; el material interior es algod\u00f3n PP, suave y con soporte, se puede colocar en la cama o el sof\u00e1, le da a su espalda suficiente apoyo pero tambi\u00e9n mejora la postura y alivia el dolor de espalda mec\u00e1nico.<\/li>\n<li><strong>Dise\u00f1o vibrante y realista:<\/strong>\u00a0Nuestra almohada de cabecera con planetas adopta un dise\u00f1o impreso de dos lados con el incre\u00edble tema del universo espacial y la galaxia. Los ni\u00f1os pueden aprender sobre cada planeta con detalles texturizados y comparar sus tama\u00f1os mientras descansan en almohadas mullidas perfectas para el juego imaginativo. Estas geniales decoraciones de galaxias del espacio exterior agregan un poco de ambiente gal\u00e1ctico a la decoraci\u00f3n de tu hogar gal\u00e1ctico. Crea una habitaci\u00f3n decorada con un planeta astronauta \u00fanico para ni\u00f1os y ni\u00f1as.<\/li>\n<li><strong>Uso vers\u00e1til:<\/strong>\u00a0Los dise\u00f1os de almohadas de respaldo de planeta simulado en 3D con un estilo de patr\u00f3n de impresi\u00f3n v\u00edvido de doble cara, estas almohadas no solo se pueden usar como una decoraci\u00f3n distintiva del hogar en el piso, el dormitorio, el sof\u00e1, la sala de estar y los muebles, sino tambi\u00e9n una interesante almohada de abrazo para su familia, mejorando el aspecto de muchos lugares.<\/li>\n<li><strong>Dise\u00f1o de cremallera oculta:<\/strong>\u00a0Cada funda de almohada de planeta est\u00e1 dise\u00f1ada con una cremallera oculta, presentando una apariencia delicada y sin costuras; Adem\u00e1s, hace que quitar e insertar almohadas para limpiar o reemplazar sea muy f\u00e1cil, este es un regalo de Navidad de cumplea\u00f1os m\u00e1gico especial para ni\u00f1os y ni\u00f1as.<\/li>\n<\/ul>","protected":false},"featured_media":4213,"comment_status":"open","ping_status":"closed","template":"","meta":[],"product_brand":[],"product_cat":[228],"product_tag":[],"class_list":{"0":"post-4221","1":"product","2":"type-product","3":"status-publish","4":"has-post-thumbnail","6":"product_cat-cushions","8":"first","9":"instock","10":"shipping-taxable","11":"purchasable","12":"product-type-simple"},"_links":{"self":[{"href":"https:\/\/www.largepillow.com\/es\/wp-json\/wp\/v2\/product\/4221","targetHints":{"allow":["GET"]}}],"collection":[{"href":"https:\/\/www.largepillow.com\/es\/wp-json\/wp\/v2\/product"}],"about":[{"href":"https:\/\/www.largepillow.com\/es\/wp-json\/wp\/v2\/types\/product"}],"replies":[{"embeddable":true,"href":"https:\/\/www.largepillow.com\/es\/wp-json\/wp\/v2\/comments?post=4221"}],"wp:featuredmedia":[{"embeddable":true,"href":"https:\/\/www.largepillow.com\/es\/wp-json\/wp\/v2\/media\/4213"}],"wp:attachment":[{"href":"https:\/\/www.largepillow.com\/es\/wp-json\/wp\/v2\/media?parent=4221"}],"wp:term":[{"taxonomy":"product_brand","embeddable":true,"href":"https:\/\/www.largepillow.com\/es\/wp-json\/wp\/v2\/product_brand?post=4221"},{"taxonomy":"product_cat","embeddable":true,"href":"https:\/\/www.largepillow.com\/es\/wp-json\/wp\/v2\/product_cat?post=4221"},{"taxonomy":"product_tag","embeddable":true,"href":"https:\/\/www.largepillow.com\/es\/wp-json\/wp\/v2\/product_tag?post=4221"}],"curies":[{"name":"Gracias","href":"https:\/\/api.w.org\/{rel}","templated":true}]}}