{"id":4238,"date":"2024-09-13T01:20:28","date_gmt":"2024-09-13T01:20:28","guid":{"rendered":"https:\/\/www.largepillow.com\/product\/large-adjustable-recliner-multi-piece-folding-sofa-for-home"},"modified":"2024-10-03T16:31:23","modified_gmt":"2024-10-03T16:31:23","slug":"gran-sofa-reclinable-ajustable-y-plegable-de-varias-piezas-para-el-hogar","status":"publish","type":"product","link":"https:\/\/www.largepillow.com\/es\/product\/large-adjustable-recliner-multi-piece-folding-sofa-for-home\/","title":{"rendered":"Sill\u00f3n reclinable ajustable de gran tama\u00f1o, sof\u00e1 plegable de varias piezas para el hogar"},"content":{"rendered":"","protected":false},"excerpt":{"rendered":"<ul>\n<li>Asientos vers\u00e1tiles: este sof\u00e1 de piso plegable de varias piezas ofrece comodidad ajustable para descansar, leer o dormir en la sala de estar o el dormitorio.<\/li>\n<li>Tama\u00f1o espacioso: mide 91,4 x 91,4 x 30,4 cm cuando est\u00e1 ensamblado, lo que proporciona un amplio espacio para la relajaci\u00f3n.<\/li>\n<li>Dise\u00f1o port\u00e1til: construido con paneles livianos y plegables, se puede mover o almacenar f\u00e1cilmente cuando no est\u00e1 en uso.<\/li>\n<li>Coj\u00edn de apoyo: el coj\u00edn acolchado grueso ofrece una experiencia de asiento acogedora y de apoyo.<\/li>\n<li>Aspecto elegante: con su color beige y dise\u00f1o moderno, este sof\u00e1 de piso complementa a la perfecci\u00f3n varios estilos de decoraci\u00f3n.<\/li>\n<\/ul>","protected":false},"featured_media":4231,"comment_status":"open","ping_status":"closed","template":"","meta":[],"product_brand":[],"product_cat":[228],"product_tag":[],"class_list":{"0":"post-4238","1":"product","2":"type-product","3":"status-publish","4":"has-post-thumbnail","6":"product_cat-cushions","8":"first","9":"outofstock","10":"shipping-taxable","11":"purchasable","12":"product-type-simple"},"_links":{"self":[{"href":"https:\/\/www.largepillow.com\/es\/wp-json\/wp\/v2\/product\/4238","targetHints":{"allow":["GET"]}}],"collection":[{"href":"https:\/\/www.largepillow.com\/es\/wp-json\/wp\/v2\/product"}],"about":[{"href":"https:\/\/www.largepillow.com\/es\/wp-json\/wp\/v2\/types\/product"}],"replies":[{"embeddable":true,"href":"https:\/\/www.largepillow.com\/es\/wp-json\/wp\/v2\/comments?post=4238"}],"wp:featuredmedia":[{"embeddable":true,"href":"https:\/\/www.largepillow.com\/es\/wp-json\/wp\/v2\/media\/4231"}],"wp:attachment":[{"href":"https:\/\/www.largepillow.com\/es\/wp-json\/wp\/v2\/media?parent=4238"}],"wp:term":[{"taxonomy":"product_brand","embeddable":true,"href":"https:\/\/www.largepillow.com\/es\/wp-json\/wp\/v2\/product_brand?post=4238"},{"taxonomy":"product_cat","embeddable":true,"href":"https:\/\/www.largepillow.com\/es\/wp-json\/wp\/v2\/product_cat?post=4238"},{"taxonomy":"product_tag","embeddable":true,"href":"https:\/\/www.largepillow.com\/es\/wp-json\/wp\/v2\/product_tag?post=4238"}],"curies":[{"name":"Gracias","href":"https:\/\/api.w.org\/{rel}","templated":true}]}}