{"id":4269,"date":"2024-09-13T02:16:20","date_gmt":"2024-09-13T02:16:20","guid":{"rendered":"https:\/\/www.largepillow.com\/product\/multi-functional-creative-seat-cushion-folding-floor-bed"},"modified":"2024-10-03T16:31:23","modified_gmt":"2024-10-03T16:31:23","slug":"cojin-de-asiento-creativo-multifuncional-cama-de-piso-plegable","status":"publish","type":"product","link":"https:\/\/www.largepillow.com\/es\/product\/multi-functional-creative-seat-cushion-folding-floor-bed\/","title":{"rendered":"Coj\u00edn de asiento creativo multifuncional plegable para cama de piso"},"content":{"rendered":"[zc_getpagecontent mb=&#8221;mb_aplus&#8221; apid=&#8221;53&#8243;]\n","protected":false},"excerpt":{"rendered":"<ul>\n<li><strong>Combinaci\u00f3n vers\u00e1til:<\/strong>\u00a0Nuestro sof\u00e1 cama cuenta con almohadillas de espuma de diferentes tama\u00f1os que se pueden colocar de forma creativa para satisfacer sus necesidades. \u00daselo como tapete para el piso, coj\u00edn para la ventana o m\u00f3ntelo en un sof\u00e1 cama o sof\u00e1 cama para el piso para mayor comodidad y flexibilidad.<\/li>\n<li><strong>Divertido sof\u00e1 cama plegable:<\/strong> Experimente la esencia l\u00fadica de nuestro sof\u00e1 cama convertible. Reorganice las formas de los cojines, participe en juegos creativos y disfrute de un entretenimiento \u00fanico. Deje volar su imaginaci\u00f3n y haga que cada d\u00eda sea m\u00e1s alegre con este divertido mueble.<\/li>\n<li><strong>Ahorro de espacio:<\/strong> Nuestro sof\u00e1 cama convertible compacto est\u00e1 dise\u00f1ado para ahorrar espacio. Despli\u00e9galo o pli\u00e9galo seg\u00fan tus necesidades, adapt\u00e1ndose a diferentes escenarios de uso. Es la soluci\u00f3n perfecta para maximizar el limitado entorno de tu hogar y, al mismo tiempo, brindar un lugar c\u00f3modo para descansar y entretenerse.<\/li>\n<li><strong>Uso vers\u00e1til:<\/strong> Nuestro sof\u00e1 cama es adecuado para diversas ocasiones, como salas de estar peque\u00f1as, departamentos y dormitorios. Sirve como coj\u00edn de piso, coj\u00edn de ventana, sof\u00e1 peque\u00f1o o sill\u00f3n reclinable plegable. Satisface sus diferentes necesidades, ya sea para leer, jugar o pasar tiempo con amigos.<\/li>\n<li><strong>F\u00e1cil de mantener:<\/strong> Nuestro sof\u00e1 cama est\u00e1 hecho de tela Oxford suave, transpirable e impermeable y ofrece un tacto delicado y un cuidado sencillo. Simplemente l\u00edmpielo con cuidado. El relleno de espuma proporciona estabilidad y comodidad, mientras que el coj\u00edn de tela extra\u00edble se puede lavar a m\u00e1quina, lo que le ahorra tiempo y esfuerzo.<\/li>\n<\/ul>","protected":false},"featured_media":4261,"comment_status":"open","ping_status":"closed","template":"","meta":[],"product_brand":[],"product_cat":[228],"product_tag":[],"class_list":{"0":"post-4269","1":"product","2":"type-product","3":"status-publish","4":"has-post-thumbnail","6":"product_cat-cushions","8":"first","9":"instock","10":"shipping-taxable","11":"purchasable","12":"product-type-simple"},"_links":{"self":[{"href":"https:\/\/www.largepillow.com\/es\/wp-json\/wp\/v2\/product\/4269","targetHints":{"allow":["GET"]}}],"collection":[{"href":"https:\/\/www.largepillow.com\/es\/wp-json\/wp\/v2\/product"}],"about":[{"href":"https:\/\/www.largepillow.com\/es\/wp-json\/wp\/v2\/types\/product"}],"replies":[{"embeddable":true,"href":"https:\/\/www.largepillow.com\/es\/wp-json\/wp\/v2\/comments?post=4269"}],"wp:featuredmedia":[{"embeddable":true,"href":"https:\/\/www.largepillow.com\/es\/wp-json\/wp\/v2\/media\/4261"}],"wp:attachment":[{"href":"https:\/\/www.largepillow.com\/es\/wp-json\/wp\/v2\/media?parent=4269"}],"wp:term":[{"taxonomy":"product_brand","embeddable":true,"href":"https:\/\/www.largepillow.com\/es\/wp-json\/wp\/v2\/product_brand?post=4269"},{"taxonomy":"product_cat","embeddable":true,"href":"https:\/\/www.largepillow.com\/es\/wp-json\/wp\/v2\/product_cat?post=4269"},{"taxonomy":"product_tag","embeddable":true,"href":"https:\/\/www.largepillow.com\/es\/wp-json\/wp\/v2\/product_tag?post=4269"}],"curies":[{"name":"Gracias","href":"https:\/\/api.w.org\/{rel}","templated":true}]}}