{"id":432,"date":"2022-09-16T01:26:03","date_gmt":"2022-09-16T01:26:03","guid":{"rendered":"https:\/\/www.largepillow.com\/product\/headboard-for-bed"},"modified":"2025-11-05T02:15:27","modified_gmt":"2025-11-05T02:15:27","slug":"almohada-respaldo-grande","status":"publish","type":"product","link":"https:\/\/www.largepillow.com\/es\/product\/large-back-support-pillow\/","title":{"rendered":"Almohada grande de apoyo para la espalda."},"content":{"rendered":"<p>La almohada de respaldo grande: \u00a1su soluci\u00f3n definitiva para una experiencia de descanso acogedora y confortable! Esta almohada de cabecera est\u00e1 dise\u00f1ada con forma triangular, brindando un excelente soporte a la espalda y la cintura, minimizando as\u00ed la presi\u00f3n lumbar y de espalda. Si eres un noct\u00e1mbulo al que le encanta trabajar en la cama, un rat\u00f3n de biblioteca al que le gusta leer en la cama o alguien a quien le encanta mirar televisi\u00f3n en la cama, esta almohada de lectura en forma de cu\u00f1a te ayudar\u00e1 a mantenerte relajado y libre de tensiones.<\/p>\n<p>Esta almohada de refuerzo grande es la \u00fanica almohada de cabecera de cu\u00f1a que puede acomodar a dos personas, lo que la hace perfecta para parejas a quienes les encanta acurrucarse en la cama. Su dise\u00f1o 3 en 1 le permite usarlo como almohada de respaldo para la cabecera mientras est\u00e1 sentado en la cama, una almohada de cu\u00f1a grande cuando duerme boca arriba o de lado, o una almohada para las piernas para elevar las piernas.<\/p>\n<p>El dise\u00f1o multifuncional de este coj\u00edn triangular grande es lo que lo hace realmente excepcional. Puedes utilizarlo como almohada para el parachoques, almohada para el respaldo del sof\u00e1 o del div\u00e1n, o incluso como almohada para la cabecera. Es a la vez elegante y funcional, lo que lo convierte en una excelente adici\u00f3n a cualquier dormitorio.<\/p>\n<p>La artesan\u00eda superior de nuestra almohada de respaldo grande se refleja en sus materiales y dise\u00f1o. La funda de almohada est\u00e1 confeccionada en terciopelo de poli\u00e9ster 100%, suave, elegante y confortable al tacto, y el acolchado est\u00e1 fabricado con fibras de poli\u00e9ster de alta densidad y alta calidad, que evitan que se hunda incluso despu\u00e9s de meses de uso. Incluso viene con bolsillos laterales para guardar su libro o tel\u00e9fono.<\/p>\n<p>Limpiar esta almohada de lectura es sencillo. La funda se fija a la almohada con botones y es f\u00e1cil de quitar con una simple cremallera. Simplemente retire la funda y lave r\u00e1pidamente a m\u00e1quina para que su almohada luzca como nueva.<\/p>\n<p>Disponible en varios tama\u00f1os, desde 45cm hasta 200cm, podr\u00e1s elegir el tama\u00f1o ideal que se adapte a tus necesidades. Adem\u00e1s, con la multitud de colores disponibles, puedes combinar la almohada de respaldo grande con la combinaci\u00f3n de colores de tu dormitorio sin esfuerzo.<\/p>\n<p>Los clientes han quedado maravillados con nuestra almohada grande de apoyo para la espalda y algunos la consideran lo mejor que han comprado para su cama. Un cliente dijo: \u201cEsta almohada ha marcado una gran diferencia en mi vida. Proporciona un soporte excelente y me encanta c\u00f3mo queda en mi dormitorio\u201d. Otro dijo: \u201cEl material es muy suave y c\u00f3modo. No puedo imaginarme dormir sin \u00e9l\u201d.<\/p>\n<p>Si busca comodidad, apoyo y estilo, no busque m\u00e1s que la almohada de respaldo grande. \u00a1Pru\u00e9balo t\u00fa mismo y descubre a qu\u00e9 se debe todo este alboroto!<\/p>","protected":false},"excerpt":{"rendered":"<ul>\n<li><strong>M\u00e1xima comodidad:<\/strong> Esta almohada de cabecera ofrece una excelente comodidad gracias a su dise\u00f1o de forma triangular. El coj\u00edn de soporte de la cama se adapta perfectamente a la espalda y la cintura, minimizando la presi\u00f3n lumbar\/de espalda. Esta almohada de lectura en forma de cu\u00f1a puede ayudarlo a mantenerse libre de tensiones en la cama o el sof\u00e1, lo cual es ideal para los noct\u00e1mbulos que trabajan, los ratones de biblioteca y miran televisi\u00f3n en la cama. Esta almohada de refuerzo extra grande es la \u00fanica almohada de cabecera de cu\u00f1a que puede acomodar a dos personas.<\/li>\n<li><strong>Almohada de refuerzo grande 3 en 1:<\/strong> Puede usar la almohada en posici\u00f3n vertical como almohada de respaldo para la cabecera para sentarse en la cama o colocarla sobre la cama para usarla como una almohada de cu\u00f1a grande cuando duerme boca arriba o de costado, o como almohada para las piernas para elevar las piernas. Si desea una almohada de cabecera grande que brinde apoyo tanto para usted como para su c\u00f3nyuge. Es una excelente alternativa.<\/li>\n<li><strong>Dise\u00f1o multifuncional:<\/strong> Algunas personas usan el coj\u00edn triangular grande como almohada para la cabecera, mientras que otras lo usan como almohada protectora, tambi\u00e9n puede ser una almohada reforzada para el respaldo de un sof\u00e1 o un sof\u00e1 cama. Es elegante y funcional, lo que lo convierte en una excelente adici\u00f3n a cualquier dormitorio.<\/li>\n<li><strong>Artesan\u00eda superior:<\/strong> Nuestra funda de almohada est\u00e1 hecha de terciopelo de poli\u00e9ster 100%, suave, elegante y c\u00f3modo al tacto. El acolchado est\u00e1 fabricado con fibras de poli\u00e9ster de alta densidad y alta calidad, que evitan que se hunda incluso despu\u00e9s de meses de uso. Adem\u00e1s, viene con bolsillos laterales para guardar su libro o tel\u00e9fono.<\/li>\n<li><strong>F\u00e1cil de limpiar:<\/strong> La funda de la almohada de lectura se fija a la almohada con botones y es f\u00e1cil de quitar con una simple cremallera. Esto hace que su limpieza sea sencilla. Simplemente retire la funda y lave r\u00e1pidamente a m\u00e1quina para que su almohada luzca como nueva.<\/li>\n<li><strong>Tama\u00f1o:<\/strong> 45 cm (largo 45 x ancho 20 x alto 50 | 0 botones), 60 cm (largo 60 x ancho 20 x alto 50 | 0 botones), 80 cm (largo 80 x ancho 20 x alto 50 | 2 botones), 100 cm (largo 100 x ancho 20 x alto 50 | 3 botones), 120 cm ( L120 x W20 x H50 | 4 botones), 140 cm (L140 x W20 x H50 | 4 botones), 160 cm (L160 x W20 x H50 | 5 botones), 180 cm (L180 x W20 x H50 | 6 botones), 200 cm (L200 x W20 x H50 | 7 botones).<\/li>\n<\/ul>","protected":false},"featured_media":414,"comment_status":"open","ping_status":"closed","template":"","meta":[],"product_brand":[],"product_cat":[15],"product_tag":[205,67,204,168,132,163,112,143,71,65],"class_list":{"0":"post-432","1":"product","2":"type-product","3":"status-publish","4":"has-post-thumbnail","6":"product_cat-large-wedge-pillow","7":"product_tag-back-support-headboard-pillow","8":"product_tag-backrest-reading-pillow","9":"product_tag-bed-support-cushion","10":"product_tag-headboard-pillow","11":"product_tag-large-bolster-pillow","12":"product_tag-leg-pillow","13":"product_tag-lumbar-support-pillow","14":"product_tag-multifunctional-pillow","15":"product_tag-tv-pillow","16":"product_tag-wedge-pillow","18":"first","19":"instock","20":"featured","21":"shipping-taxable","22":"purchasable","23":"product-type-variable"},"_links":{"self":[{"href":"https:\/\/www.largepillow.com\/es\/wp-json\/wp\/v2\/product\/432","targetHints":{"allow":["GET"]}}],"collection":[{"href":"https:\/\/www.largepillow.com\/es\/wp-json\/wp\/v2\/product"}],"about":[{"href":"https:\/\/www.largepillow.com\/es\/wp-json\/wp\/v2\/types\/product"}],"replies":[{"embeddable":true,"href":"https:\/\/www.largepillow.com\/es\/wp-json\/wp\/v2\/comments?post=432"}],"wp:featuredmedia":[{"embeddable":true,"href":"https:\/\/www.largepillow.com\/es\/wp-json\/wp\/v2\/media\/414"}],"wp:attachment":[{"href":"https:\/\/www.largepillow.com\/es\/wp-json\/wp\/v2\/media?parent=432"}],"wp:term":[{"taxonomy":"product_brand","embeddable":true,"href":"https:\/\/www.largepillow.com\/es\/wp-json\/wp\/v2\/product_brand?post=432"},{"taxonomy":"product_cat","embeddable":true,"href":"https:\/\/www.largepillow.com\/es\/wp-json\/wp\/v2\/product_cat?post=432"},{"taxonomy":"product_tag","embeddable":true,"href":"https:\/\/www.largepillow.com\/es\/wp-json\/wp\/v2\/product_tag?post=432"}],"curies":[{"name":"Gracias","href":"https:\/\/api.w.org\/{rel}","templated":true}]}}