{"id":4391,"date":"2024-09-13T04:14:15","date_gmt":"2024-09-13T04:14:15","guid":{"rendered":"https:\/\/www.largepillow.com\/product\/giant-dog-beds-for-adult-humans-large-floor-bed-mattress"},"modified":"2024-10-03T16:31:23","modified_gmt":"2024-10-03T16:31:23","slug":"camas-gigantes-para-perros-para-humanos-adultos-colchon-de-suelo-grande","status":"publish","type":"product","link":"https:\/\/www.largepillow.com\/es\/product\/giant-dog-beds-for-adult-humans-large-floor-bed-mattress\/","title":{"rendered":"Camas gigantes para perros para humanos adultos Colch\u00f3n grande para cama de piso"},"content":{"rendered":"[zc_getpagecontent mb=&#8221;mb_aplus&#8221; apid=&#8221;41&#8243;]\n","protected":false},"excerpt":{"rendered":"<ul>\n<li><strong>Relajaci\u00f3n m\u00e1xima<\/strong>Prep\u00e1rese para relajarse con la m\u00e1xima comodidad en nuestra cama para perros humanos: \u00a1el lugar perfecto para relajarse con su mejor amigo peludo! Con su dise\u00f1o espacioso y materiales c\u00f3modos, nunca querr\u00e1 irse.<\/li>\n<li><strong>Extremadamente seguro<\/strong>:Nuestra cama para perros de tama\u00f1o humano est\u00e1 confeccionada con un dise\u00f1o \u00fanico con cord\u00f3n, lo que le brinda a usted y a su amigo peludo una sensaci\u00f3n de seguridad y comodidad incomparables. Acurr\u00faquense juntos y experimenten la sensaci\u00f3n de estar envueltos en un c\u00e1lido y acogedor abrazo, muy similar a la reconfortante sensaci\u00f3n de descansar en los brazos de una madre.<\/li>\n<li><strong>C\u00f3modo y f\u00e1cil de limpiar.<\/strong>:Esta cama para perros est\u00e1 hecha de tela de terciopelo suave y es f\u00e1cil de limpiar. El relleno de fibra de poli\u00e9ster de primera calidad proporciona la cantidad justa de apoyo para que su mascota descanse y recupere energ\u00edas. Ya sea que est\u00e9 durmiendo la siesta o buscando un lugar acogedor para acurrucarse, esta cama tipo puf es perfecta para usted y su mascota.<\/li>\n<li><strong>F\u00e1cil de guardar<\/strong>:Nuestra enorme cama para mascotas est\u00e1 dise\u00f1ada para una m\u00e1xima comodidad gracias a su caracter\u00edstica desmontable. El colch\u00f3n principal y la cerca con cord\u00f3n se pueden unir f\u00e1cilmente mediante cremalleras de alta calidad, lo que permite un montaje r\u00e1pido y sencillo. Cuando no est\u00e9 en uso, simplemente separe las dos secciones y enrolle la cama para guardarla de forma compacta. Tenga en cuenta que la manta que aparece en la imagen no est\u00e1 incluida.<\/li>\n<li><strong>Colch\u00f3n ideal para cama temporal<\/strong>:Nuestra cama para perros humanos no solo es un lugar acogedor para que tu amigo peludo descanse, sino que tambi\u00e9n es el reemplazo perfecto para los colchones inflables tradicionales. A diferencia de esas inc\u00f3modas camas de aire, esta cama para mascotas ofrece un relleno lujoso y c\u00f3modo que garantiza que tu mascota obtenga el descanso que necesita. Es ideal para cuando est\u00e1s de campamento, de viaje o simplemente necesitas una soluci\u00f3n temporal para la comodidad de tu mascota.<\/li>\n<\/ul>","protected":false},"featured_media":4372,"comment_status":"open","ping_status":"closed","template":"","meta":[],"product_brand":[],"product_cat":[228],"product_tag":[],"class_list":{"0":"post-4391","1":"product","2":"type-product","3":"status-publish","4":"has-post-thumbnail","6":"product_cat-cushions","8":"first","9":"outofstock","10":"shipping-taxable","11":"purchasable","12":"product-type-simple"},"_links":{"self":[{"href":"https:\/\/www.largepillow.com\/es\/wp-json\/wp\/v2\/product\/4391","targetHints":{"allow":["GET"]}}],"collection":[{"href":"https:\/\/www.largepillow.com\/es\/wp-json\/wp\/v2\/product"}],"about":[{"href":"https:\/\/www.largepillow.com\/es\/wp-json\/wp\/v2\/types\/product"}],"replies":[{"embeddable":true,"href":"https:\/\/www.largepillow.com\/es\/wp-json\/wp\/v2\/comments?post=4391"}],"wp:featuredmedia":[{"embeddable":true,"href":"https:\/\/www.largepillow.com\/es\/wp-json\/wp\/v2\/media\/4372"}],"wp:attachment":[{"href":"https:\/\/www.largepillow.com\/es\/wp-json\/wp\/v2\/media?parent=4391"}],"wp:term":[{"taxonomy":"product_brand","embeddable":true,"href":"https:\/\/www.largepillow.com\/es\/wp-json\/wp\/v2\/product_brand?post=4391"},{"taxonomy":"product_cat","embeddable":true,"href":"https:\/\/www.largepillow.com\/es\/wp-json\/wp\/v2\/product_cat?post=4391"},{"taxonomy":"product_tag","embeddable":true,"href":"https:\/\/www.largepillow.com\/es\/wp-json\/wp\/v2\/product_tag?post=4391"}],"curies":[{"name":"Gracias","href":"https:\/\/api.w.org\/{rel}","templated":true}]}}