{"id":4576,"date":"2024-10-25T03:48:45","date_gmt":"2024-10-25T03:48:45","guid":{"rendered":"https:\/\/www.largepillow.com\/product\/3-storey-felt-cat-cave-multi-cat-condo-tunnel-bed"},"modified":"2024-12-20T18:18:54","modified_gmt":"2024-12-20T18:18:54","slug":"cueva-para-gatos-de-fieltro-de-3-pisos-cama-tunel-para-varios-gatos","status":"publish","type":"product","link":"https:\/\/www.largepillow.com\/es\/product\/3-storey-felt-cat-cave-multi-cat-condo-tunnel-bed\/","title":{"rendered":"Cueva de fieltro para gatos de 3 pisos, condominio para varios gatos y cama t\u00fanel"},"content":{"rendered":"[zc_getpagecontent mb=&#8221;mb_aplus&#8221; apid=&#8221;98&#8243;]\n","protected":false},"excerpt":{"rendered":"<ul>\n<li><strong>Adecuado para hogares con varios gatos:<\/strong> Las casas de cart\u00f3n para gatos est\u00e1n dise\u00f1adas para hogares con varios gatos y ofrecen un amplio espacio para que varios felinos jueguen y coexistan en armon\u00eda. Estas casas para gatos de interior est\u00e1n dise\u00f1adas con m\u00faltiples ventanas, que no solo satisfacen la curiosidad innata de los gatos, sino que tambi\u00e9n ofrecen una variedad de puntos panor\u00e1micos para que investiguen y disfruten de su entorno.<\/li>\n<li><strong>Resistente a ara\u00f1azos y duradero:<\/strong> Nuestras casas y condominios para gatos est\u00e1n fabricados con un material de fieltro liviano que no solo es resistente a los rasgu\u00f1os, sino que tambi\u00e9n es incre\u00edblemente duradero. Este material proporciona a los gatos la superficie perfecta para rascar y afilar sus garras sin da\u00f1ar la estructura. El dise\u00f1o tambi\u00e9n es resistente al agua y a las manchas, lo que facilita su limpieza y mantenimiento, lo que garantiza que la casa de juegos de su gato se mantenga en \u00f3ptimas condiciones con el m\u00ednimo esfuerzo.<\/li>\n<li><strong>F\u00e1cil de montar:<\/strong>\u00a0Los t\u00faneles para gatos de interior est\u00e1n dise\u00f1ados para un montaje sencillo, lo que te permite instalarlos r\u00e1pidamente seg\u00fan tus preferencias y las de tus gatos. El sencillo proceso de montaje de nuestra casa de cart\u00f3n para gatos promete una experiencia sin complicaciones. Para obtener una gu\u00eda paso a paso, te recomendamos que mires el video de montaje que te proporcionamos, lo que te permitir\u00e1 armar f\u00e1cilmente un espacio divertido y seguro para tus amigos felinos.<\/li>\n<li><strong>Dise\u00f1o transpirable:<\/strong> Cuenta con un dise\u00f1o transpirable que mejora la comodidad de tus amigos felinos. El exclusivo material de fieltro, combinado con ventanas ubicadas estrat\u00e9gicamente, garantiza una ventilaci\u00f3n \u00f3ptima, lo que permite que el aire fresco circule libremente. Esta casa rascadora de cart\u00f3n para gatos est\u00e1 dise\u00f1ada cuidadosamente para brindar un espacio c\u00f3modo y bien ventilado donde tus gatos puedan jugar y relajarse sin sentirse confinados o sofocados. El dise\u00f1o mantiene de manera efectiva un ambiente acogedor y transpirable, manteni\u00e9ndolos frescos en verano y c\u00e1lidos durante los meses de invierno.<\/li>\n<li><strong>Interior espacioso:<\/strong> Una encantadora zona de juegos que en realidad est\u00e1 compuesta por un conjunto de tres casas para gatos interconectadas. Juntas, forman un espacio sustancial con dimensiones de 17x17x39 pulgadas, que es perfecto para que varios gatos deambulen, jueguen y exploren. Este amplio interior proporciona un \u00e1rea generosa para que sus gatos se estiren, descansen y participen en travesuras divertidas. Con una capacidad de peso combinada de hasta 35 libras, esta cueva para gatos interconectada garantiza que incluso los gatos m\u00e1s grandes puedan disfrutar c\u00f3modamente del amplio espacio. Es un refugio perfecto para que sus amigos felinos se relajen y jueguen, creando un entorno acogedor y atractivo que es a la vez funcional y atractivo.<\/li>\n<\/ul>","protected":false},"featured_media":4563,"comment_status":"open","ping_status":"closed","template":"","meta":[],"product_brand":[],"product_cat":[227],"product_tag":[],"class_list":{"0":"post-4576","1":"product","2":"type-product","3":"status-publish","4":"has-post-thumbnail","6":"product_cat-pet-supplies","8":"first","9":"outofstock","10":"shipping-taxable","11":"purchasable","12":"product-type-simple"},"_links":{"self":[{"href":"https:\/\/www.largepillow.com\/es\/wp-json\/wp\/v2\/product\/4576","targetHints":{"allow":["GET"]}}],"collection":[{"href":"https:\/\/www.largepillow.com\/es\/wp-json\/wp\/v2\/product"}],"about":[{"href":"https:\/\/www.largepillow.com\/es\/wp-json\/wp\/v2\/types\/product"}],"replies":[{"embeddable":true,"href":"https:\/\/www.largepillow.com\/es\/wp-json\/wp\/v2\/comments?post=4576"}],"wp:featuredmedia":[{"embeddable":true,"href":"https:\/\/www.largepillow.com\/es\/wp-json\/wp\/v2\/media\/4563"}],"wp:attachment":[{"href":"https:\/\/www.largepillow.com\/es\/wp-json\/wp\/v2\/media?parent=4576"}],"wp:term":[{"taxonomy":"product_brand","embeddable":true,"href":"https:\/\/www.largepillow.com\/es\/wp-json\/wp\/v2\/product_brand?post=4576"},{"taxonomy":"product_cat","embeddable":true,"href":"https:\/\/www.largepillow.com\/es\/wp-json\/wp\/v2\/product_cat?post=4576"},{"taxonomy":"product_tag","embeddable":true,"href":"https:\/\/www.largepillow.com\/es\/wp-json\/wp\/v2\/product_tag?post=4576"}],"curies":[{"name":"Gracias","href":"https:\/\/api.w.org\/{rel}","templated":true}]}}