{"id":459,"date":"2022-09-16T02:19:51","date_gmt":"2022-09-16T02:19:51","guid":{"rendered":"https:\/\/www.largepillow.com\/product\/large-bolster-cushion"},"modified":"2025-11-05T02:15:31","modified_gmt":"2025-11-05T02:15:31","slug":"refuerzo-de-cama","status":"publish","type":"product","link":"https:\/\/www.largepillow.com\/es\/product\/bed-bolster","title":{"rendered":"Refuerzo de cama"},"content":{"rendered":"<p>Descubra la m\u00e1xima comodidad con el refuerzo de cama: su almohada multiusos perfecta<\/p>\n<p>En el acelerado mundo actual, la relajaci\u00f3n y la comodidad en el hogar nunca han sido m\u00e1s importantes. Ya sea que sea un rat\u00f3n de biblioteca, un noct\u00e1mbulo que trabaja hasta tarde o alguien que disfruta viendo su serie favorita en la cama, Bed Bolster est\u00e1 aqu\u00ed para transformar su experiencia. Esta almohada de cabecera, con su dise\u00f1o innovador y uso multifuncional, garantiza que la comodidad nunca se vea comprometida. Profundicemos en lo que hace que Bed Bolster sea imprescindible en todo hogar moderno.<\/p>\n<p>M\u00e1xima comodidad con un dise\u00f1o de forma triangular<\/p>\n<p>Dise\u00f1ado pensando en su m\u00e1xima comodidad, Bed Bolster no es una almohada cualquiera. Su forma triangular \u00fanica est\u00e1 dise\u00f1ada espec\u00edficamente para adaptarse perfectamente a su espalda y cintura, brindando un soporte incomparable y reduciendo la presi\u00f3n lumbar y de espalda de manera efectiva. Esta almohada reforzada extragrande est\u00e1 dise\u00f1ada para acomodar a dos personas, lo que la convierte en la \u00fanica almohada de cabecera de cu\u00f1a que necesitar\u00e1 para un momento de relajaci\u00f3n sin tensiones en su cama o sof\u00e1.<\/p>\n<p>Versatilidad en su m\u00e1xima expresi\u00f3n: almohada de refuerzo grande 3 en 1<\/p>\n<p>Bed Bolster redefine la versatilidad. \u00daselo en posici\u00f3n vertical como almohada de respaldo para la cabecera mientras est\u00e1 sentado en la cama, col\u00f3quelo plano como una almohada de cu\u00f1a grande para dormir boca arriba o de lado, o incluso como almohada para las piernas para elevarlas y mejorar la circulaci\u00f3n. Es la elecci\u00f3n perfecta para parejas que buscan una almohada de cabecera grande que brinde apoyo y comodidad a ambas personas simult\u00e1neamente.<\/p>\n<p>Dise\u00f1o multifuncional para cada necesidad<\/p>\n<p>M\u00e1s all\u00e1 de servir como almohada para la cabecera, el Bed Bolster tambi\u00e9n sirve como almohada protectora y como elegante almohada para el respaldo del sof\u00e1 o del div\u00e1n. Su dise\u00f1o multifuncional garantiza que se adapte perfectamente a cualquier dormitorio o sala de estar, a\u00f1adiendo funcionalidad y estilo.<\/p>\n<p>Artesan\u00eda que dice mucho<\/p>\n<p>Bed Bolster cuenta con una artesan\u00eda superior con su funda de almohada de terciopelo de poli\u00e9ster 100%: suave, elegante y un placer al tacto. Relleno de fibras de poli\u00e9ster de alta densidad y calidad, promete durabilidad y comodidad sin hundirse, incluso despu\u00e9s de un uso prolongado. Adem\u00e1s, los pr\u00e1cticos bolsillos laterales ofrecen un lugar pr\u00e1ctico para guardar su libro o tel\u00e9fono, manteniendo lo esencial al alcance.<\/p>\n<p>Mantenimiento sin complicaciones<\/p>\n<p>Mantener su Bed Bolster limpio es tan f\u00e1cil como parece. Equipada con una simple cremallera, la funda de la almohada de lectura se puede quitar f\u00e1cilmente y lavar a m\u00e1quina, lo que garantiza que su almohada se mantenga fresca y acogedora en todo momento.<\/p>\n<p>Dise\u00f1ado para adaptarse a su espacio<\/p>\n<p>Con tama\u00f1os que van desde 45 cm a 200 cm de largo y equipado con hasta 7 botones para un f\u00e1cil ajuste y soporte, Bed Bolster est\u00e1 dise\u00f1ado para adaptarse perfectamente a cualquier espacio. Elige la talla que mejor se adapte a tus necesidades y disfruta de una sensaci\u00f3n personalizada de comodidad y sujeci\u00f3n.<\/p>\n<p>Lo que dicen los clientes<\/p>\n<p>De los comentarios sobre los productos, queda claro que los clientes est\u00e1n entusiasmados con su compra. Muchos destacan la \u201calmohada de apoyo triangular\u201d por su excepcional comodidad y apoyo, mientras que otros elogian el \u201cterciopelo\u201d por su suavidad y sensaci\u00f3n de lujo. El color \u201ccaf\u00e9\u201d parece ser el favorito entre los compradores, a\u00f1adiendo un toque de elegancia a cualquier habitaci\u00f3n.<\/p>\n<p>Terminando<\/p>\n<p>Bed Bolster es m\u00e1s que una simple almohada; es un punto de inflexi\u00f3n cuando se trata de mejorar su relajaci\u00f3n y comodidad en casa. Su dise\u00f1o multifuncional, su excepcional artesan\u00eda y su f\u00e1cil mantenimiento lo convierten en un producto destacado. Ya sea para leer, trabajar o simplemente relajarse despu\u00e9s de un largo d\u00eda, Bed Bolster promete ser su compa\u00f1ero perfecto. No conf\u00ede simplemente en nuestra palabra; \u00a1Pru\u00e9balo y experimenta la m\u00e1xima comodidad por ti mismo!<\/p>","protected":false},"excerpt":{"rendered":"<ul>\n<li><strong>M\u00e1xima comodidad:<\/strong> Esta almohada de cabecera ofrece una excelente comodidad gracias a su dise\u00f1o de forma triangular. El coj\u00edn de soporte de la cama se adapta perfectamente a la espalda y la cintura, minimizando la presi\u00f3n lumbar\/de espalda. Esta almohada de lectura en forma de cu\u00f1a puede ayudarlo a mantenerse libre de tensiones en la cama o el sof\u00e1, lo cual es ideal para los noct\u00e1mbulos que trabajan, los ratones de biblioteca y miran televisi\u00f3n en la cama. Esta almohada de refuerzo extra grande es la \u00fanica almohada de cabecera de cu\u00f1a que puede acomodar a dos personas.<\/li>\n<li><strong>Almohada de refuerzo grande 3 en 1:<\/strong> Puede usar la almohada en posici\u00f3n vertical como almohada de respaldo para la cabecera para sentarse en la cama o colocarla sobre la cama para usarla como una almohada de cu\u00f1a grande cuando duerme boca arriba o de costado, o como almohada para las piernas para elevar las piernas. Si desea una almohada de cabecera grande que brinde apoyo tanto para usted como para su c\u00f3nyuge. Es una excelente alternativa.<\/li>\n<li><strong>Dise\u00f1o multifuncional:<\/strong> Algunas personas usan el coj\u00edn triangular grande como almohada para la cabecera, mientras que otras lo usan como almohada protectora, tambi\u00e9n puede ser una almohada reforzada para el respaldo de un sof\u00e1 o un sof\u00e1 cama. Es elegante y funcional, lo que lo convierte en una excelente adici\u00f3n a cualquier dormitorio.<\/li>\n<li><strong>Artesan\u00eda superior:<\/strong> Nuestra funda de almohada est\u00e1 hecha de terciopelo de poli\u00e9ster 100%, suave, elegante y c\u00f3modo al tacto. El acolchado est\u00e1 fabricado con fibras de poli\u00e9ster de alta densidad y alta calidad, que evitan que se hunda incluso despu\u00e9s de meses de uso. Adem\u00e1s, viene con bolsillos laterales para guardar su libro o tel\u00e9fono.<\/li>\n<li><strong>F\u00e1cil de limpiar:<\/strong> La funda de la almohada de lectura se fija a la almohada con botones y es f\u00e1cil de quitar con una simple cremallera. Esto hace que su limpieza sea sencilla. Simplemente retire la funda y lave r\u00e1pidamente a m\u00e1quina para que su almohada luzca como nueva.<\/li>\n<li><strong>Tama\u00f1o:<\/strong> 45 cm (largo 45 x ancho 20 x alto 50 | 0 botones), 60 cm (largo 60 x ancho 20 x alto 50 | 0 botones), 80 cm (largo 80 x ancho 20 x alto 50 | 2 botones), 100 cm (largo 100 x ancho 20 x alto 50 | 3 botones), 120 cm ( L120 x W20 x H50 | 4 botones), 140 cm (L140 x W20 x H50 | 4 botones), 160 cm (L160 x W20 x H50 | 5 botones), 180 cm (L180 x W20 x H50 | 6 botones), 200 cm (L200 x W20 x H50 | 7 botones).<\/li>\n<\/ul>","protected":false},"featured_media":442,"comment_status":"open","ping_status":"closed","template":"","meta":[],"product_brand":[],"product_cat":[15],"product_tag":[66,210,206,102,75,168,132,163,143,59,120,65],"class_list":{"0":"post-459","1":"product","2":"type-product","3":"status-publish","4":"has-post-thumbnail","6":"product_cat-large-wedge-pillow","7":"product_tag-back-support-pillow","8":"product_tag-bed-bolster","9":"product_tag-bumper-pillow","10":"product_tag-couch-pillow","11":"product_tag-daybed-pillow","12":"product_tag-headboard-pillow","13":"product_tag-large-bolster-pillow","14":"product_tag-leg-pillow","15":"product_tag-multifunctional-pillow","16":"product_tag-reading-pillow","17":"product_tag-velvet-pillow","18":"product_tag-wedge-pillow","20":"first","21":"instock","22":"shipping-taxable","23":"purchasable","24":"product-type-variable"},"_links":{"self":[{"href":"https:\/\/www.largepillow.com\/es\/wp-json\/wp\/v2\/product\/459","targetHints":{"allow":["GET"]}}],"collection":[{"href":"https:\/\/www.largepillow.com\/es\/wp-json\/wp\/v2\/product"}],"about":[{"href":"https:\/\/www.largepillow.com\/es\/wp-json\/wp\/v2\/types\/product"}],"replies":[{"embeddable":true,"href":"https:\/\/www.largepillow.com\/es\/wp-json\/wp\/v2\/comments?post=459"}],"wp:featuredmedia":[{"embeddable":true,"href":"https:\/\/www.largepillow.com\/es\/wp-json\/wp\/v2\/media\/442"}],"wp:attachment":[{"href":"https:\/\/www.largepillow.com\/es\/wp-json\/wp\/v2\/media?parent=459"}],"wp:term":[{"taxonomy":"product_brand","embeddable":true,"href":"https:\/\/www.largepillow.com\/es\/wp-json\/wp\/v2\/product_brand?post=459"},{"taxonomy":"product_cat","embeddable":true,"href":"https:\/\/www.largepillow.com\/es\/wp-json\/wp\/v2\/product_cat?post=459"},{"taxonomy":"product_tag","embeddable":true,"href":"https:\/\/www.largepillow.com\/es\/wp-json\/wp\/v2\/product_tag?post=459"}],"curies":[{"name":"Gracias","href":"https:\/\/api.w.org\/{rel}","templated":true}]}}