{"id":4594,"date":"2024-10-25T04:14:57","date_gmt":"2024-10-25T04:14:57","guid":{"rendered":"https:\/\/www.largepillow.com\/product\/cross-legged-meditation-chair-cushion-for-yoga-and-sitting"},"modified":"2025-05-25T11:09:42","modified_gmt":"2025-05-25T11:09:42","slug":"cojin-de-silla-de-meditacion-con-piernas-cruzadas-para-yoga-y-sentarse","status":"publish","type":"product","link":"https:\/\/www.largepillow.com\/es\/product\/cross-legged-meditation-chair-cushion-for-yoga-and-sitting","title":{"rendered":"Coj\u00edn de silla de meditaci\u00f3n con piernas cruzadas para yoga y sentarse"},"content":{"rendered":"[zc_getpagecontent mb=&#8221;mb_aplus&#8221; apid=&#8221;66&#8243;]\n","protected":false},"excerpt":{"rendered":"<ul>\n<li>Este juego de cojines ergon\u00f3micos es perfecto para mantener una postura saludable mientras se est\u00e1 sentado, ya sea en la oficina, en el coche, en un avi\u00f3n o incluso durante la meditaci\u00f3n. El tama\u00f1o del coj\u00edn superior es de 22,6 \u00d7 21,6 pulgadas de largo y ancho, mientras que el coj\u00edn inferior es de 14,5 \u00d7 8,5 pulgadas. El coj\u00edn superior extra grueso de 5,5 pulgadas, junto con el coj\u00edn inferior de 3 pulgadas de grosor, brindan comodidad y soporte para la cadera, la zona lumbar y las rodillas mientras cambia de postura, aliviando eficazmente la presi\u00f3n de la espalda y la fatiga muscular causada por estar sentado durante mucho tiempo.<\/li>\n<li>Este juego de cojines, fabricado con tela Oxford de alta calidad y relleno de espuma de alta resiliencia, es muy suave y ofrece una experiencia relajante para las caderas y la cintura. El coj\u00edn con patas cruzadas incluso permite un apoyo c\u00f3modo y ajustes de postura, lo que le permite mantener una posici\u00f3n estable con las piernas cruzadas mientras trabaja. Con un dise\u00f1o de 2 niveles, este juego de cojines ofrece una variedad de posiciones c\u00f3modas para sentarse, como con las piernas cruzadas, en cuclillas, de rodillas y m\u00e1s. Puede aliviar el dolor de huesos y relajar los m\u00fasculos despu\u00e9s de largos per\u00edodos de estar sentado, lo que puede ayudarlo a disfrutar del trabajo en la computadora, escribir, jugar o incluso meditar.<\/li>\n<li>Este juego de cojines tambi\u00e9n ofrece una variedad de usos y funciones. El coj\u00edn superior se puede colocar en la cintura como almohada lumbar para brindar apoyo, o incluso se puede usar como almohada para computadora port\u00e1til cuando se coloca sobre las piernas. La versatilidad de este juego de cojines ergon\u00f3micos es perfecto para uso en interiores y exteriores, ya que proporciona un asiento c\u00f3modo para meditar o relajarse donde quiera que vaya. Tambi\u00e9n es un regalo ideal para cumplea\u00f1os, San Valent\u00edn o fiestas de inauguraci\u00f3n de la casa.<\/li>\n<li>Elige este juego de cojines para mantener una postura saludable y decir adi\u00f3s al dolor de espalda y a la fatiga de la columna lumbar. Ideal para sillas de oficina, sillas de juegos, asientos de autom\u00f3viles, aviones, trenes, gradas de juegos deportivos y viajes, reduce la presi\u00f3n en los gl\u00fateos y elimina la incomodidad causada por estar sentado durante mucho tiempo. Ideal para quienes practican meditaci\u00f3n o atenci\u00f3n plena en casa, en la oficina o al aire libre, este c\u00f3modo juego de cojines tambi\u00e9n es perfecto para per\u00edodos prolongados de uso y no se hundir\u00e1 ni se aplanar\u00e1 con el tiempo.<\/li>\n<\/ul>","protected":false},"featured_media":4586,"comment_status":"open","ping_status":"closed","template":"","meta":[],"product_brand":[],"product_cat":[228],"product_tag":[],"class_list":{"0":"post-4594","1":"product","2":"type-product","3":"status-publish","4":"has-post-thumbnail","6":"product_cat-cushions","8":"first","9":"outofstock","10":"shipping-taxable","11":"purchasable","12":"product-type-simple"},"_links":{"self":[{"href":"https:\/\/www.largepillow.com\/es\/wp-json\/wp\/v2\/product\/4594","targetHints":{"allow":["GET"]}}],"collection":[{"href":"https:\/\/www.largepillow.com\/es\/wp-json\/wp\/v2\/product"}],"about":[{"href":"https:\/\/www.largepillow.com\/es\/wp-json\/wp\/v2\/types\/product"}],"replies":[{"embeddable":true,"href":"https:\/\/www.largepillow.com\/es\/wp-json\/wp\/v2\/comments?post=4594"}],"wp:featuredmedia":[{"embeddable":true,"href":"https:\/\/www.largepillow.com\/es\/wp-json\/wp\/v2\/media\/4586"}],"wp:attachment":[{"href":"https:\/\/www.largepillow.com\/es\/wp-json\/wp\/v2\/media?parent=4594"}],"wp:term":[{"taxonomy":"product_brand","embeddable":true,"href":"https:\/\/www.largepillow.com\/es\/wp-json\/wp\/v2\/product_brand?post=4594"},{"taxonomy":"product_cat","embeddable":true,"href":"https:\/\/www.largepillow.com\/es\/wp-json\/wp\/v2\/product_cat?post=4594"},{"taxonomy":"product_tag","embeddable":true,"href":"https:\/\/www.largepillow.com\/es\/wp-json\/wp\/v2\/product_tag?post=4594"}],"curies":[{"name":"Gracias","href":"https:\/\/api.w.org\/{rel}","templated":true}]}}