{"id":4670,"date":"2024-11-05T04:13:37","date_gmt":"2024-11-05T04:13:37","guid":{"rendered":"https:\/\/www.largepillow.com\/product\/wood-log-ottoman-pouf-cushion-foam-removable-cover"},"modified":"2025-11-24T01:41:33","modified_gmt":"2025-11-24T01:41:33","slug":"puf-otomano-de-madera-con-cojin-y-funda-de-espuma-extraible","status":"publish","type":"product","link":"https:\/\/www.largepillow.com\/es\/product\/wood-log-ottoman-pouf-cushion-foam-removable-cover","title":{"rendered":"Coj\u00edn otomano con forma de tronco de madera: espuma y funda extra\u00edble"},"content":{"rendered":"[zc_getpagecontent mb=&#8221;mb_aplus&#8221; apid=&#8221;101&#8243;]\n","protected":false},"excerpt":{"rendered":"<ul>\n<li>Dise\u00f1o distintivo con textura de \u00e1rbol: con un dise\u00f1o creativo de troncos, esta innovadora otomana con forma de \u00e1rbol irradia estilo y agrega dramatismo visual y funcional a su espacio. Sus colores vibrantes y usos vers\u00e1tiles la convierten en una incorporaci\u00f3n destacada a cualquier disposici\u00f3n de muebles, lo que eleva la est\u00e9tica general.<\/li>\n<li>Multifuncional y elegante: perfecto para diversas configuraciones, como frente al tocador de un dormitorio, como asiento adicional o reposapi\u00e9s, este elegante reposapi\u00e9s combinado agrega un toque de elegancia a cualquier habitaci\u00f3n. \u00daselo como una mesa de caf\u00e9 con una bandeja para decorar, lo que lo convierte en una pieza decorativa vers\u00e1til.<\/li>\n<li>Comodidad y calidad: este reposapi\u00e9s geom\u00e9trico, fabricado con una suave funda de terciopelo y relleno de espuma de alta densidad, ofrece una experiencia de asiento c\u00f3moda y con apoyo. Sus materiales respetuosos con la piel y su construcci\u00f3n resistente hacen que la otomana sea ideal para cualquier estilo de decoraci\u00f3n del hogar.<\/li>\n<li>Mantenimiento conveniente: dise\u00f1ado para uso en interiores, este puf otomano acolchado cuenta con una cremallera suave para quitar f\u00e1cilmente la funda para limpiarlo. Ligero y f\u00e1cil de mover entre habitaciones, garantiza un mantenimiento sin complicaciones para mantener su espacio con un aspecto fresco y ordenado.<\/li>\n<li>Env\u00edo y despliegue eficientes: para garantizar un proceso de env\u00edo seguro y eficiente, nuestros reposapi\u00e9s otomanos se envasan al vac\u00edo. Simplemente d\u00e9jelos desplegar durante 24 a 48 horas despu\u00e9s de su llegada para disfrutar de la mejor experiencia, lo que garantiza que su puf geom\u00e9trico est\u00e9 listo para realzar su espacio con estilo y comodidad.<\/li>\n<\/ul>","protected":false},"featured_media":4659,"comment_status":"open","ping_status":"closed","template":"","meta":[],"product_brand":[],"product_cat":[228],"product_tag":[],"class_list":{"0":"post-4670","1":"product","2":"type-product","3":"status-publish","4":"has-post-thumbnail","6":"product_cat-cushions","8":"first","9":"instock","10":"shipping-taxable","11":"purchasable","12":"product-type-variable","13":"has-default-attributes"},"_links":{"self":[{"href":"https:\/\/www.largepillow.com\/es\/wp-json\/wp\/v2\/product\/4670","targetHints":{"allow":["GET"]}}],"collection":[{"href":"https:\/\/www.largepillow.com\/es\/wp-json\/wp\/v2\/product"}],"about":[{"href":"https:\/\/www.largepillow.com\/es\/wp-json\/wp\/v2\/types\/product"}],"replies":[{"embeddable":true,"href":"https:\/\/www.largepillow.com\/es\/wp-json\/wp\/v2\/comments?post=4670"}],"wp:featuredmedia":[{"embeddable":true,"href":"https:\/\/www.largepillow.com\/es\/wp-json\/wp\/v2\/media\/4659"}],"wp:attachment":[{"href":"https:\/\/www.largepillow.com\/es\/wp-json\/wp\/v2\/media?parent=4670"}],"wp:term":[{"taxonomy":"product_brand","embeddable":true,"href":"https:\/\/www.largepillow.com\/es\/wp-json\/wp\/v2\/product_brand?post=4670"},{"taxonomy":"product_cat","embeddable":true,"href":"https:\/\/www.largepillow.com\/es\/wp-json\/wp\/v2\/product_cat?post=4670"},{"taxonomy":"product_tag","embeddable":true,"href":"https:\/\/www.largepillow.com\/es\/wp-json\/wp\/v2\/product_tag?post=4670"}],"curies":[{"name":"Gracias","href":"https:\/\/api.w.org\/{rel}","templated":true}]}}