{"id":4881,"date":"2024-11-21T04:01:01","date_gmt":"2024-11-21T04:01:01","guid":{"rendered":"https:\/\/www.largepillow.com\/product\/versatile-fold-out-couch-chair-bed-for-home-outdoor"},"modified":"2024-12-13T02:58:30","modified_gmt":"2024-12-13T02:58:30","slug":"sillon-cama-plegable-versatil-para-el-hogar-y-el-exterior","status":"publish","type":"product","link":"https:\/\/www.largepillow.com\/es\/product\/versatile-fold-out-couch-chair-bed-for-home-outdoor\/","title":{"rendered":"Sof\u00e1 cama plegable vers\u00e1til y sill\u00f3n cama para el hogar y el exterior"},"content":{"rendered":"[zc_getpagecontent mb=&#8221;mb_aplus&#8221; apid=&#8221;107&#8243;]\n","protected":false},"excerpt":{"rendered":"<ul>\n<li>Materiales de alta calidad: nuestro sof\u00e1 cama plegable est\u00e1 fabricado con una funda de tela Oxford que es duradera, impermeable y f\u00e1cil de limpiar. El relleno de poli\u00e9ster le permite experimentar una sensaci\u00f3n de hundimiento, lo que proporciona un excelente soporte para la espalda durante largos per\u00edodos sentado o acostado, lo que garantiza una experiencia c\u00f3moda y relajante.<\/li>\n<li>Dise\u00f1o vers\u00e1til y que ahorra espacio: nuestro sof\u00e1 plegable se transforma sin esfuerzo entre sof\u00e1s de pie, chaise longue y sof\u00e1 cama, para satisfacer sus diversas necesidades. El sill\u00f3n cama liviano y plegable permite un f\u00e1cil movimiento, plegado, almacenamiento y portabilidad. Es una opci\u00f3n ideal para departamentos peque\u00f1os, dormitorios o cualquier espacio habitable con espacio limitado. Al incorporar la funcionalidad de sof\u00e1 y colch\u00f3n en una sola pieza, puede maximizar su espacio sin comprometer la comodidad.<\/li>\n<li>Respaldo ajustable y seguro: el respaldo ajustable tambi\u00e9n permite un f\u00e1cil ajuste seg\u00fan sus preferencias espec\u00edficas. Le permite moverse hacia adelante o hacia atr\u00e1s para apoyar la parte superior de la espalda y la cabeza, lo que proporciona un apoyo c\u00f3modo ya sea que est\u00e9 acostado para descansar o sentado para leer. Fomenta una postura saludable y reduce las molestias.<\/li>\n<li>Materiales de primera calidad y f\u00e1cil instalaci\u00f3n: la funda exterior del sof\u00e1 cama est\u00e1 confeccionada con tela Oxford, lo que garantiza una experiencia c\u00f3moda a largo plazo. La funda con cremallera se puede quitar y lavar f\u00e1cilmente, lo que simplifica el mantenimiento y la conservaci\u00f3n.<\/li>\n<li>Embalaje de compresi\u00f3n al vac\u00edo: para garantizar un transporte eficiente, nuestro sof\u00e1 cama de piso se envasa al vac\u00edo y puede sufrir una ligera deformaci\u00f3n al abrirlo. Puede intentar darle palmaditas al sof\u00e1 para ayudarlo a recuperar su forma r\u00e1pidamente. Tenga la seguridad de que dentro de las 48 a 72 horas posteriores a desembalarlo, el sof\u00e1 cama recuperar\u00e1 su forma original y le brindar\u00e1 la mejor experiencia.<\/li>\n<\/ul>","protected":false},"featured_media":4866,"comment_status":"open","ping_status":"closed","template":"","meta":[],"product_brand":[],"product_cat":[228],"product_tag":[],"class_list":{"0":"post-4881","1":"product","2":"type-product","3":"status-publish","4":"has-post-thumbnail","6":"product_cat-cushions","8":"first","9":"outofstock","10":"shipping-taxable","11":"purchasable","12":"product-type-simple"},"_links":{"self":[{"href":"https:\/\/www.largepillow.com\/es\/wp-json\/wp\/v2\/product\/4881","targetHints":{"allow":["GET"]}}],"collection":[{"href":"https:\/\/www.largepillow.com\/es\/wp-json\/wp\/v2\/product"}],"about":[{"href":"https:\/\/www.largepillow.com\/es\/wp-json\/wp\/v2\/types\/product"}],"replies":[{"embeddable":true,"href":"https:\/\/www.largepillow.com\/es\/wp-json\/wp\/v2\/comments?post=4881"}],"wp:featuredmedia":[{"embeddable":true,"href":"https:\/\/www.largepillow.com\/es\/wp-json\/wp\/v2\/media\/4866"}],"wp:attachment":[{"href":"https:\/\/www.largepillow.com\/es\/wp-json\/wp\/v2\/media?parent=4881"}],"wp:term":[{"taxonomy":"product_brand","embeddable":true,"href":"https:\/\/www.largepillow.com\/es\/wp-json\/wp\/v2\/product_brand?post=4881"},{"taxonomy":"product_cat","embeddable":true,"href":"https:\/\/www.largepillow.com\/es\/wp-json\/wp\/v2\/product_cat?post=4881"},{"taxonomy":"product_tag","embeddable":true,"href":"https:\/\/www.largepillow.com\/es\/wp-json\/wp\/v2\/product_tag?post=4881"}],"curies":[{"name":"Gracias","href":"https:\/\/api.w.org\/{rel}","templated":true}]}}