{"id":5237,"date":"2024-12-12T12:30:19","date_gmt":"2024-12-12T12:30:19","guid":{"rendered":"https:\/\/www.largepillow.com\/product\/cute-seashell-bean-bag-chair-for-teens-and-adults"},"modified":"2024-12-13T02:58:31","modified_gmt":"2024-12-13T02:58:31","slug":"lindo-puf-con-forma-de-concha-marina-para-adolescentes-y-adultos","status":"publish","type":"product","link":"https:\/\/www.largepillow.com\/es\/product\/cute-seashell-bean-bag-chair-for-teens-and-adults\/","title":{"rendered":"Sill\u00f3n puf con forma de concha para adolescentes y adultos"},"content":{"rendered":"[zc_getpagecontent mb=&#8221;mb_aplus&#8221; apid=&#8221;109&#8243;]\n","protected":false},"excerpt":{"rendered":"<ul>\n<li>Dise\u00f1o inspirado en conchas marinas: nuestro sill\u00f3n de lectura tipo puf, elaborado con un dise\u00f1o \u00fanico en forma de concha marina, es una hermosa combinaci\u00f3n de forma y funci\u00f3n. Su apertura de 120 grados imita la curva natural de una concha marina, lo que brinda un abrazo acogedor para la relajaci\u00f3n; la vibrante funda verde evoca la esencia del oc\u00e9ano, mientras que los cojines en forma de media concha y perla agregan un toque de encanto costero, lo que lo convierte en la pieza central perfecta para cualquier habitaci\u00f3n con decoraci\u00f3n costera.<\/li>\n<li>Para ni\u00f1as y mujeres: dise\u00f1ada teniendo en mente la elegancia de las mujeres y el esp\u00edritu l\u00fadico de las ni\u00f1as, esta silla de piso ofrece una opci\u00f3n de asiento vers\u00e1til que atrae a todas las edades; su naturaleza suave y acogedora es perfecta para el dormitorio de una adolescente.<\/li>\n<li>Decoraci\u00f3n de playa para el hogar: adopte el estilo de vida playero con nuestro sill\u00f3n con tem\u00e1tica de playa y oc\u00e9ano. No es solo un asiento, sino una pieza llamativa que brinda la serenidad del mar al interior; el dise\u00f1o est\u00e1 inspirado en la belleza natural del oc\u00e9ano, con una paleta de colores que refleja los verdes exuberantes de las plantas marinas y los blancos pr\u00edstinos de las perlas del oc\u00e9ano.<\/li>\n<li>Retiro de lectura: perfecto para leer y relajarse en interiores, este sill\u00f3n de sala de estar ofrece un rinc\u00f3n acogedor que lo invita a reducir la velocidad y relajarse, sumergirse en su suave abrazo con un buen libro o simplemente disfrutar de un momento de tranquilidad; su gran tama\u00f1o y dise\u00f1o c\u00f3modo lo convierten en un lugar ideal para acurrucarse y perderse en sus pensamientos, brindando el equilibrio perfecto de apoyo y comodidad para una tarde tranquila en casa.<\/li>\n<li>Comodidad acolchada: con unas medidas de 44 x 40 x 30 pulgadas, nuestra c\u00f3moda silla tiene un tama\u00f1o generoso para acomodar c\u00f3modamente tanto a ni\u00f1os como a adultos. Rellena de algod\u00f3n PP de alta calidad, ofrece una experiencia de asiento lujosa y de apoyo que se adapta a la forma de su cuerpo, asegurando la m\u00e1xima comodidad durante esas largas sesiones de lectura o descansos de fin de semana; La funda duradera y f\u00e1cil de limpiar no solo es elegante sino tambi\u00e9n pr\u00e1ctica, lo que la convierte en una opci\u00f3n inteligente para cualquier hogar.<\/li>\n<\/ul>","protected":false},"featured_media":5229,"comment_status":"open","ping_status":"closed","template":"","meta":[],"product_brand":[],"product_cat":[228],"product_tag":[],"class_list":{"0":"post-5237","1":"product","2":"type-product","3":"status-publish","4":"has-post-thumbnail","6":"product_cat-cushions","8":"first","9":"instock","10":"sale","11":"shipping-taxable","12":"purchasable","13":"product-type-simple"},"_links":{"self":[{"href":"https:\/\/www.largepillow.com\/es\/wp-json\/wp\/v2\/product\/5237","targetHints":{"allow":["GET"]}}],"collection":[{"href":"https:\/\/www.largepillow.com\/es\/wp-json\/wp\/v2\/product"}],"about":[{"href":"https:\/\/www.largepillow.com\/es\/wp-json\/wp\/v2\/types\/product"}],"replies":[{"embeddable":true,"href":"https:\/\/www.largepillow.com\/es\/wp-json\/wp\/v2\/comments?post=5237"}],"wp:featuredmedia":[{"embeddable":true,"href":"https:\/\/www.largepillow.com\/es\/wp-json\/wp\/v2\/media\/5229"}],"wp:attachment":[{"href":"https:\/\/www.largepillow.com\/es\/wp-json\/wp\/v2\/media?parent=5237"}],"wp:term":[{"taxonomy":"product_brand","embeddable":true,"href":"https:\/\/www.largepillow.com\/es\/wp-json\/wp\/v2\/product_brand?post=5237"},{"taxonomy":"product_cat","embeddable":true,"href":"https:\/\/www.largepillow.com\/es\/wp-json\/wp\/v2\/product_cat?post=5237"},{"taxonomy":"product_tag","embeddable":true,"href":"https:\/\/www.largepillow.com\/es\/wp-json\/wp\/v2\/product_tag?post=5237"}],"curies":[{"name":"Gracias","href":"https:\/\/api.w.org\/{rel}","templated":true}]}}