{"id":614,"date":"2022-09-16T03:33:52","date_gmt":"2022-09-16T03:33:52","guid":{"rendered":"https:\/\/www.largepillow.com\/product\/bed-wedge-pillow-2"},"modified":"2026-04-11T08:10:25","modified_gmt":"2026-04-11T08:10:25","slug":"almohada-de-espalda-grande-para-cama","status":"publish","type":"product","link":"https:\/\/www.largepillow.com\/es\/product\/large-back-pillow-for-bed","title":{"rendered":"Almohada de respaldo grande para cama"},"content":{"rendered":"<p>Experimente la m\u00e1xima comodidad con nuestra almohada de respaldo grande premium para cama<\/p>\n<p>Disfrute de una comodidad incomparable con nuestra lujosa almohada para respaldo grande, dise\u00f1ada para mejorar su experiencia a la hora de dormir. Ya sea que sea un rat\u00f3n de biblioteca perdido en un cuento, un aficionado al cine o simplemente busque un respaldo acogedor, nuestra almohada de cabecera lo tiene cubierto.<\/p>\n<p>Vers\u00e1til y multifuncional<\/p>\n<p>La versatilidad de nuestra almohada reforzada no tiene l\u00edmites. \u00daselo como respaldo de apoyo para leer, almohada de cu\u00f1a larga para mayor comodidad o incluso como almohada para las piernas para calmar los m\u00fasculos cansados. Su elegante dise\u00f1o lo convierte en un complemento bienvenido para la decoraci\u00f3n de cualquier dormitorio.<\/p>\n<p>Materiales de primera calidad, soporte inquebrantable<\/p>\n<p>Confeccionada con una mezcla de lino y poli\u00e9ster 100% de primera calidad, nuestra funda de almohada cuenta con una textura entretejida y puntadas exquisitas que irradian durabilidad. El acolchado de fibra de poli\u00e9ster de alta densidad y alta calidad garantiza un soporte excepcional y evita la flacidez incluso despu\u00e9s de un uso prolongado.<\/p>\n<p>Mantenimiento sin esfuerzo<\/p>\n<p>Mantener el perfecto estado de nuestra almohada de cabecera es muy sencillo. Simplemente abre la funda de la almohada con la cremallera de f\u00e1cil acceso y m\u00e9tela en la lavadora para limpiarla sin esfuerzo. \u00a1Es tan simple como eso!<\/p>\n<p>Pr\u00e1ctico bolsillo de almacenamiento<\/p>\n<p>\u00a1Nunca m\u00e1s pierdas tu control remoto! Nuestra almohada para cabecera cuenta con un inteligente bolsillo lateral que brinda un lugar seguro y conveniente para guardar sus elementos esenciales.<\/p>\n<p>Recomendaciones de clientes<\/p>\n<p>\u201c\u00a1Esta almohada es incre\u00edblemente c\u00f3moda! Lo uso para leer en la cama y ha hecho que mi rutina nocturna sea mucho m\u00e1s agradable\u201d. \u2013 Sara J.<\/p>\n<p>\u201cMe encanta la versatilidad de esta almohada. Es perfecto tanto para descansar como para dormir. \u00a1El bolsillo de almacenamiento es una ventaja fant\u00e1stica! -Emily B.<\/p>\n<p>Tallas disponibles<\/p>\n<p>Nuestra almohada para la espalda grande viene en una variedad de tama\u00f1os que se adaptan a sus necesidades:<\/p>\n<p>* 45 cm (largo 45 x ancho 20 x alto 50)<br \/>\n* 60 cm (largo 60 x ancho 20 x alto 50)<br \/>\n* 80 cm (largo 80 x ancho 20 x alto 50)<br \/>\n* 100 cm (largo 100 x ancho 20 x alto 50)<br \/>\n* 120 cm (largo 120 x ancho 20 x alto 50)<br \/>\n* 140 cm (largo 140 x ancho 20 x alto 50)<br \/>\n* 160 cm (largo 160 x ancho 20 x alto 50)<br \/>\n* 180 cm (largo 180 x ancho 20 x alto 50)<br \/>\n* 200 cm (largo 200 x ancho 20 x alto 50)<\/p>\n<p>Mejore su experiencia de dormir y descansar hoy con nuestra almohada de respaldo grande para cama. \u00a1Ordene ahora y disfrute de la m\u00e1xima comodidad!<\/p>","protected":false},"excerpt":{"rendered":"<ul>\n<li><strong>M\u00e1xima comodidad:<\/strong> Nuestra almohada para cabecera est\u00e1 dise\u00f1ada para brindarle la m\u00e1xima comodidad mientras lee, mira televisi\u00f3n o duerme. \u00a1Es perfecto para la cama, el sof\u00e1, el div\u00e1n y m\u00e1s!<\/li>\n<li><strong>Dise\u00f1o multifuncional:<\/strong> Nuestra almohada de refuerzo grande se puede utilizar de varias maneras: como almohada de lectura para apoyar la espalda, almohada de cu\u00f1a larga o almohada para elevar las piernas. Es elegante y funcional, lo que lo convierte en una excelente adici\u00f3n a cualquier dormitorio.<\/li>\n<li><strong>Materiales de primera calidad:<\/strong> Nuestra funda de almohada est\u00e1 hecha de poli\u00e9ster 100% con una textura entretejida y puntadas exquisitas que son resistentes por todas partes. El acolchado est\u00e1 fabricado con fibras de poli\u00e9ster de alta densidad y alta calidad que evitan que se hunda incluso despu\u00e9s de meses de uso.<\/li>\n<li><strong>F\u00e1cil de limpiar:<\/strong> La funda de almohada de la cabecera se fija a la almohada con botones y es f\u00e1cil de quitar con una simple cremallera. Simplemente retire la funda y lave r\u00e1pidamente a m\u00e1quina para que su almohada luzca como nueva.<\/li>\n<li><strong>Bolsillo de almacenamiento perfecto:<\/strong> Nuestra almohada para cabecera cuenta con un pr\u00e1ctico bolsillo lateral, lo que garantiza que nunca m\u00e1s perder\u00e1 su control remoto.<\/li>\n<li><strong>Tela:<\/strong>\u00a0Mezcla de poli\u00e9ster y lino.<\/li>\n<li><strong>Tama\u00f1o:<\/strong> 45 cm (largo 45 x ancho 20 x alto 50 | 0 botones), 60 cm (largo 60 x ancho 20 x alto 50 | 0 botones), 80 cm (largo 80 x ancho 20 x alto 50 | 2 botones), 100 cm (largo 100 x ancho 20 x alto 50 | 3 botones), 120 cm ( L120 x W20 x H50 | 4 botones), 140 cm (L140 x W20 x H50 | 4 botones), 160 cm (L160 x W20 x H50 | 5 botones), 180 cm (L180 x W20 x H50 | 6 botones), 200 cm (L200 x W20 x H50 | 7 botones).<\/li>\n<\/ul>","protected":false},"featured_media":600,"comment_status":"open","ping_status":"closed","template":"","meta":[],"product_brand":[],"product_cat":[15],"product_tag":[187,75,168,197,189,184,143,59,71,198],"class_list":{"0":"post-614","1":"product","2":"type-product","3":"status-publish","4":"has-post-thumbnail","6":"product_cat-large-wedge-pillow","7":"product_tag-back-support-reading-pillow","8":"product_tag-daybed-pillow","9":"product_tag-headboard-pillow","10":"product_tag-large-back-pillow-for-bed","11":"product_tag-linen-pillow","12":"product_tag-long-wedge-pillow","13":"product_tag-multifunctional-pillow","14":"product_tag-reading-pillow","15":"product_tag-tv-pillow","16":"product_tag-white-pillow","18":"first","19":"instock","20":"featured","21":"shipping-taxable","22":"purchasable","23":"product-type-variable"},"_links":{"self":[{"href":"https:\/\/www.largepillow.com\/es\/wp-json\/wp\/v2\/product\/614","targetHints":{"allow":["GET"]}}],"collection":[{"href":"https:\/\/www.largepillow.com\/es\/wp-json\/wp\/v2\/product"}],"about":[{"href":"https:\/\/www.largepillow.com\/es\/wp-json\/wp\/v2\/types\/product"}],"replies":[{"embeddable":true,"href":"https:\/\/www.largepillow.com\/es\/wp-json\/wp\/v2\/comments?post=614"}],"wp:featuredmedia":[{"embeddable":true,"href":"https:\/\/www.largepillow.com\/es\/wp-json\/wp\/v2\/media\/600"}],"wp:attachment":[{"href":"https:\/\/www.largepillow.com\/es\/wp-json\/wp\/v2\/media?parent=614"}],"wp:term":[{"taxonomy":"product_brand","embeddable":true,"href":"https:\/\/www.largepillow.com\/es\/wp-json\/wp\/v2\/product_brand?post=614"},{"taxonomy":"product_cat","embeddable":true,"href":"https:\/\/www.largepillow.com\/es\/wp-json\/wp\/v2\/product_cat?post=614"},{"taxonomy":"product_tag","embeddable":true,"href":"https:\/\/www.largepillow.com\/es\/wp-json\/wp\/v2\/product_tag?post=614"}],"curies":[{"name":"Gracias","href":"https:\/\/api.w.org\/{rel}","templated":true}]}}